{"id":3,"date":"2022-09-26T18:50:06","date_gmt":"2022-09-26T18:50:06","guid":{"rendered":"https:\/\/www.afmc.ca\/?page_id=3"},"modified":"2022-10-19T11:52:28","modified_gmt":"2022-10-19T15:52:28","slug":"privacy-policy","status":"publish","type":"page","link":"https:\/\/www.afmc.ca\/fr\/privacy-policy\/","title":{"rendered":"Politique de confidentialit\u00e9"},"content":{"rendered":"<div data-elementor-type=\"wp-page\" data-elementor-id=\"3\" class=\"elementor elementor-3\" data-elementor-post-type=\"page\">\n\t\t\t\t\t\t<section class=\"elementor-section elementor-top-section elementor-element elementor-element-2d570121 elementor-section-boxed elementor-section-height-default elementor-section-height-default\" data-id=\"2d570121\" data-element_type=\"section\" data-e-type=\"section\" data-settings=\"{&quot;jet_parallax_layout_list&quot;:[]}\">\n\t\t\t\t\t\t<div class=\"elementor-container elementor-column-gap-default\">\n\t\t\t\t\t<div class=\"elementor-column elementor-col-100 elementor-top-column elementor-element elementor-element-175eb81b\" data-id=\"175eb81b\" data-element_type=\"column\" data-e-type=\"column\">\n\t\t\t<div class=\"elementor-widget-wrap elementor-element-populated\">\n\t\t\t\t\t\t<div class=\"elementor-element elementor-element-131b0de2 elementor-widget elementor-widget-text-editor\" data-id=\"131b0de2\" data-element_type=\"widget\" data-e-type=\"widget\" data-widget_type=\"text-editor.default\">\n\t\t\t\t<div class=\"elementor-widget-container\">\n\t\t\t\t\t\t\t\t\t\n<h3 class=\"wp-block-heading\">EN UTILISANT LE SITE WEB, VOUS ACCEPTEZ DE RESPECTER LA PR\u00c9SENTE POLITIQUE DE CONFIDENTIALIT\u00c9.<\/h3>\n<h5>\u00a0<\/h5>\n<h5>Utilisation des renseignements personnels<\/h5>\n<p>L'Association des facult\u00e9s de m\u00e9decine du Canada poss\u00e8de et exploite ce site Web et s'engage \u00e0 prot\u00e9ger la vie priv\u00e9e de ses utilisateurs. L'Association des facult\u00e9s de m\u00e9decine du Canada ne recueille pas de renseignements personnels sur les utilisateurs individuels, sauf (a) lorsque ces renseignements personnels sont fournis \u00e0 l'Association des facult\u00e9s de m\u00e9decine du Canada sur une base volontaire, (b) pour surveiller le trafic sur le site Web et (c) pour d\u00e9terminer l'orientation future du site Web, y compris toute mise \u00e0 niveau technique n\u00e9cessaire. L'Association des facult\u00e9s de m\u00e9decine du Canada utilise vos renseignements personnels pour l'aider \u00e0 cr\u00e9er et \u00e0 livrer le contenu le plus pertinent pour vous et pour vous fournir de l'information sur l'Association des facult\u00e9s de m\u00e9decine du Canada et sur ses produits et services.<\/p>\n<p>\u00a0<\/p>\n<p>Si vous choisissez de fournir des renseignements par l'interm\u00e9diaire du site Web en vous inscrivant, en remplissant des formulaires ou par tout autre moyen, ces renseignements deviennent la propri\u00e9t\u00e9 de l'Association des facult\u00e9s de m\u00e9decine du Canada. Les renseignements personnels des utilisateurs ne seront pas vendus ou autrement transf\u00e9r\u00e9s \u00e0 des tiers non affili\u00e9s sans l'approbation de l'utilisateur. Toutefois, l'Association des facult\u00e9s de m\u00e9decine du Canada se r\u00e9serve le droit de divulguer des renseignements personnels : (a) \u00e0 ses soci\u00e9t\u00e9s affili\u00e9es et \u00e0 ses filiales, (b) \u00e0 des tiers fournisseurs de services de l'Association des facult\u00e9s de m\u00e9decine du Canada, \u00e0 condition que cette divulgation se limite aux renseignements n\u00e9cessaires \u00e0 la prestation de leurs services et, en outre, \u00e0 condition qu'il soit interdit \u00e0 ces tiers d'utiliser les renseignements \u00e0 toute autre fin, (c) pour se conformer aux \u00e9dits de la loi ou \u00e0 un processus l\u00e9gal signifi\u00e9 \u00e0 l'Association des facult\u00e9s de m\u00e9decine du Canada, (d) pour prot\u00e9ger et d\u00e9fendre les droits ou la propri\u00e9t\u00e9 de l'Association des facult\u00e9s de m\u00e9decine du Canada et (e) pour agir dans des circonstances urgentes afin de prot\u00e9ger la s\u00e9curit\u00e9 personnelle des utilisateurs de l'Association des facult\u00e9s de m\u00e9decine du Canada, de ses sites Web ou du public. En outre, l'Association des facult\u00e9s de m\u00e9decine du Canada a le droit de divulguer et de transf\u00e9rer des renseignements personnels dans le cadre de la vente de la quasi-totalit\u00e9 de ses actifs ou de ses activit\u00e9s \u00e0 un tiers, \u00e0 condition que ce tiers accepte de prot\u00e9ger les renseignements personnels avec un degr\u00e9 de soin non moindre que celui qui est pr\u00e9vu dans la pr\u00e9sente politique.<\/p>\n<p>\u00a0<\/p>\n<p>L'Association des facult\u00e9s de m\u00e9decine du Canada se r\u00e9serve le droit d'effectuer des analyses statistiques en utilisant les donn\u00e9es recueillies sur le site Web de fa\u00e7on anonyme et globale afin de mesurer l'int\u00e9r\u00eat pour le site Web et son utilisation. L'Association des facult\u00e9s de m\u00e9decine du Canada se r\u00e9serve le droit de fournir \u00e0 des tiers ses analyses fond\u00e9es sur de telles donn\u00e9es anonymes et agr\u00e9g\u00e9es.<\/p>\n<h3>\u00a0<\/h3>\n<h5>Courriel<\/h5>\n<p>L'Association des facult\u00e9s de m\u00e9decine du Canada ne surveillera pas, ne modifiera pas et ne divulguera pas d\u00e9lib\u00e9r\u00e9ment des communications priv\u00e9es, sauf : (i) si la loi l'exige, (ii) si vous nous en donnez la permission ou (iii) si nous croyons de bonne foi qu'une telle action est n\u00e9cessaire pour (a) se conformer \u00e0 la loi, (b) se conformer \u00e0 toute proc\u00e9dure judiciaire signifi\u00e9e \u00e0 l'Association des facult\u00e9s de m\u00e9decine du Canada, (c) prot\u00e9ger et d\u00e9fendre les droits ou la propri\u00e9t\u00e9 de l'Association des facult\u00e9s de m\u00e9decine du Canada (d) ou agir dans des circonstances urgentes pour prot\u00e9ger la s\u00e9curit\u00e9 personnelle des utilisateurs de l'Association des facult\u00e9s de m\u00e9decine du Canada, de ses sites Web ou du public. Toutefois, vous reconnaissez : (i) qu'il existe des limites \u00e0 la s\u00e9curit\u00e9 et \u00e0 la confidentialit\u00e9 sur Internet qui \u00e9chappent au contr\u00f4le de l'Association des facult\u00e9s de m\u00e9decine du Canada, (ii) que la s\u00e9curit\u00e9, l'int\u00e9grit\u00e9 et la confidentialit\u00e9 de tous les renseignements et de toutes les donn\u00e9es \u00e9chang\u00e9s entre vous et l'Association des facult\u00e9s de m\u00e9decine du Canada par l'entremise du site Web ne peuvent \u00eatre garanties et (iii) que ces renseignements et ces donn\u00e9es peuvent \u00eatre consult\u00e9s ou alt\u00e9r\u00e9s en cours de route par un tiers.<\/p>\n<h3>\u00a0<\/h3>\n<h5>Cookies<\/h5>\n<p>Les cookies sont de petits fichiers de donn\u00e9es contenant des informations permettant de sp\u00e9cifier des pr\u00e9f\u00e9rences uniques et de fournir un contenu personnalis\u00e9. Les cookies recueillent des informations telles que le type de votre navigateur, l'heure et la dur\u00e9e de votre visite et toute information personnelle que vous acceptez de fournir. La plupart des navigateurs sont initialement configur\u00e9s pour accepter les cookies, mais les visiteurs ont toujours la possibilit\u00e9 de les d\u00e9sactiver et vous pouvez r\u00e9initialiser votre navigateur pour qu'il refuse tous les cookies ou qu'il indique quand un cookie est envoy\u00e9. Toutefois, si vous refusez les cookies, vous risquez d'\u00eatre limit\u00e9 dans certaines zones du site web.<\/p>\n<h3>\u00a0<\/h3>\n<h5>Modifications de la pr\u00e9sente politique de confidentialit\u00e9<\/h5>\n<p>L'Association des facult\u00e9s de m\u00e9decine du Canada se r\u00e9serve le droit de modifier la pr\u00e9sente politique de confidentialit\u00e9 en tout temps en vous avisant de l'existence d'une nouvelle politique de confidentialit\u00e9. Ces changements, modifications, ajouts ou suppressions entreront en vigueur d\u00e8s l'envoi d'un avis \u00e0 cet effet, qui peut \u00eatre donn\u00e9 par des moyens incluant, mais sans s'y limiter, l'affichage sur le site Web, ou par tout autre moyen par lequel vous obtenez un avis \u00e0 cet \u00e9gard. Votre utilisation continue du site Web apr\u00e8s de telles modifications signifie que vous : (a) reconnaissez la politique de confidentialit\u00e9 modifi\u00e9e et (b) acceptez de respecter et d'\u00eatre li\u00e9 par la politique de confidentialit\u00e9 modifi\u00e9e. La pr\u00e9sente politique de confidentialit\u00e9 a \u00e9t\u00e9 mise \u00e0 jour pour la derni\u00e8re fois le 15 ao\u00fbt 2007.<\/p>\n<h3>\u00a0<\/h3>\n<h5>Joindre l'Association des facult\u00e9s de m\u00e9decine du Canada<\/h5>\n<p>Si vous avez des questions sur la pr\u00e9sente politique de confidentialit\u00e9 ou sur les pratiques de l'Association des facult\u00e9s de m\u00e9decine du Canada en mati\u00e8re de confidentialit\u00e9 sur ce site Web, veuillez adresser votre demande \u00e0\u00a0<a href=\"mailto:info@afmc.ca\">info@afmc.ca<\/a>.<\/p>\n\t\t\t\t\t\t\t\t<\/div>\n\t\t\t\t<\/div>\n\t\t\t\t\t<\/div>\n\t\t<\/div>\n\t\t\t\t\t<\/div>\n\t\t<\/section>\n\t\t\t\t<\/div>","protected":false},"excerpt":{"rendered":"<p>BY USING THE WEB SITE, YOU AGREE TO BE BOUND BY THIS PRIVACY POLICY. \u00a0 Use Of Personal Information The Association of Faculties of Medicine of Canada owns and operates the web site and is committed to protecting the privacy of its users. The Association of Faculties of Medicine of Canada does not collect personal [&hellip;]<\/p>\n","protected":false},"author":1,"featured_media":0,"parent":0,"menu_order":0,"comment_status":"closed","ping_status":"open","template":"","meta":{"footnotes":""},"class_list":["post-3","page","type-page","status-publish","hentry"],"yoast_head":"<!-- This site is optimized with the Yoast SEO plugin v27.4 - https:\/\/yoast.com\/product\/yoast-seo-wordpress\/ -->\n<title>Privacy Policy - AFMC<\/title>\n<meta name=\"robots\" content=\"index, follow, max-snippet:-1, max-image-preview:large, max-video-preview:-1\" \/>\n<link rel=\"canonical\" href=\"https:\/\/www.afmc.ca\/fr\/privacy-policy\/\" \/>\n<meta property=\"og:locale\" content=\"fr_CA\" \/>\n<meta property=\"og:type\" content=\"article\" \/>\n<meta property=\"og:title\" content=\"Privacy Policy - AFMC\" \/>\n<meta property=\"og:description\" content=\"BY USING THE WEB SITE, YOU AGREE TO BE BOUND BY THIS PRIVACY POLICY. \u00a0 Use Of Personal Information The Association of Faculties of Medicine of Canada owns and operates the web site and is committed to protecting the privacy of its users. The Association of Faculties of Medicine of Canada does not collect personal [&hellip;]\" \/>\n<meta property=\"og:url\" content=\"https:\/\/www.afmc.ca\/fr\/privacy-policy\/\" \/>\n<meta property=\"og:site_name\" content=\"AFMC\" \/>\n<meta property=\"article:modified_time\" content=\"2022-10-19T15:52:28+00:00\" \/>\n<meta name=\"twitter:card\" content=\"summary_large_image\" \/>\n<meta name=\"twitter:site\" content=\"@AFMC_e\" \/>\n<meta name=\"twitter:label1\" content=\"Estimation du temps de lecture\" \/>\n\t<meta name=\"twitter:data1\" content=\"4 minutes\" \/>\n<script type=\"application\/ld+json\" class=\"yoast-schema-graph\">{\"@context\":\"https:\\\/\\\/schema.org\",\"@graph\":[{\"@type\":\"WebPage\",\"@id\":\"https:\\\/\\\/www.afmc.ca\\\/privacy-policy\\\/\",\"url\":\"https:\\\/\\\/www.afmc.ca\\\/privacy-policy\\\/\",\"name\":\"Privacy Policy - AFMC\",\"isPartOf\":{\"@id\":\"https:\\\/\\\/www.afmc.ca\\\/#website\"},\"datePublished\":\"2022-09-26T18:50:06+00:00\",\"dateModified\":\"2022-10-19T15:52:28+00:00\",\"breadcrumb\":{\"@id\":\"https:\\\/\\\/www.afmc.ca\\\/privacy-policy\\\/#breadcrumb\"},\"inLanguage\":\"fr-CA\",\"potentialAction\":[{\"@type\":\"ReadAction\",\"target\":[\"https:\\\/\\\/www.afmc.ca\\\/privacy-policy\\\/\"]}]},{\"@type\":\"BreadcrumbList\",\"@id\":\"https:\\\/\\\/www.afmc.ca\\\/privacy-policy\\\/#breadcrumb\",\"itemListElement\":[{\"@type\":\"ListItem\",\"position\":1,\"name\":\"Home\",\"item\":\"https:\\\/\\\/www.afmc.ca\\\/\"},{\"@type\":\"ListItem\",\"position\":2,\"name\":\"Privacy Policy\"}]},{\"@type\":\"WebSite\",\"@id\":\"https:\\\/\\\/www.afmc.ca\\\/#website\",\"url\":\"https:\\\/\\\/www.afmc.ca\\\/\",\"name\":\"AFMC\",\"description\":\"The academic partner for Canada\u2019s faculties of medicine.\",\"publisher\":{\"@id\":\"https:\\\/\\\/www.afmc.ca\\\/#organization\"},\"potentialAction\":[{\"@type\":\"SearchAction\",\"target\":{\"@type\":\"EntryPoint\",\"urlTemplate\":\"https:\\\/\\\/www.afmc.ca\\\/?s={search_term_string}\"},\"query-input\":{\"@type\":\"PropertyValueSpecification\",\"valueRequired\":true,\"valueName\":\"search_term_string\"}}],\"inLanguage\":\"fr-CA\"},{\"@type\":\"Organization\",\"@id\":\"https:\\\/\\\/www.afmc.ca\\\/#organization\",\"name\":\"The Association of Faculties of Medicine of Canada\",\"url\":\"https:\\\/\\\/www.afmc.ca\\\/\",\"logo\":{\"@type\":\"ImageObject\",\"inLanguage\":\"fr-CA\",\"@id\":\"https:\\\/\\\/www.afmc.ca\\\/#\\\/schema\\\/logo\\\/image\\\/\",\"url\":\"https:\\\/\\\/www.afmc.ca\\\/wp-content\\\/uploads\\\/2022\\\/09\\\/AFMC-Flywheel.jpg\",\"contentUrl\":\"https:\\\/\\\/www.afmc.ca\\\/wp-content\\\/uploads\\\/2022\\\/09\\\/AFMC-Flywheel.jpg\",\"width\":904,\"height\":536,\"caption\":\"The Association of Faculties of Medicine of Canada\"},\"image\":{\"@id\":\"https:\\\/\\\/www.afmc.ca\\\/#\\\/schema\\\/logo\\\/image\\\/\"},\"sameAs\":[\"https:\\\/\\\/x.com\\\/AFMC_e\",\"https:\\\/\\\/www.instagram.com\\\/afmc.ca\\\/\",\"https:\\\/\\\/www.linkedin.com\\\/company\\\/the-association-of-faculties-of-medicine-of-canada\\\/?originalSubdomain=ca\",\"https:\\\/\\\/www.youtube.com\\\/channel\\\/UC02Np2Hp_mw-Tr5gR_y24pg?view_as=subscriber\",\"https:\\\/\\\/twitter.com\\\/AFMC_f\"]}]}<\/script>\n<!-- \/ Yoast SEO plugin. -->","yoast_head_json":{"title":"Privacy Policy - AFMC","robots":{"index":"index","follow":"follow","max-snippet":"max-snippet:-1","max-image-preview":"max-image-preview:large","max-video-preview":"max-video-preview:-1"},"canonical":"https:\/\/www.afmc.ca\/fr\/privacy-policy\/","og_locale":"fr_CA","og_type":"article","og_title":"Privacy Policy - AFMC","og_description":"BY USING THE WEB SITE, YOU AGREE TO BE BOUND BY THIS PRIVACY POLICY. \u00a0 Use Of Personal Information The Association of Faculties of Medicine of Canada owns and operates the web site and is committed to protecting the privacy of its users. The Association of Faculties of Medicine of Canada does not collect personal [&hellip;]","og_url":"https:\/\/www.afmc.ca\/fr\/privacy-policy\/","og_site_name":"AFMC","article_modified_time":"2022-10-19T15:52:28+00:00","twitter_card":"summary_large_image","twitter_site":"@AFMC_e","twitter_misc":{"Estimation du temps de lecture":"4 minutes"},"schema":{"@context":"https:\/\/schema.org","@graph":[{"@type":"WebPage","@id":"https:\/\/www.afmc.ca\/privacy-policy\/","url":"https:\/\/www.afmc.ca\/privacy-policy\/","name":"Privacy Policy - AFMC","isPartOf":{"@id":"https:\/\/www.afmc.ca\/#website"},"datePublished":"2022-09-26T18:50:06+00:00","dateModified":"2022-10-19T15:52:28+00:00","breadcrumb":{"@id":"https:\/\/www.afmc.ca\/privacy-policy\/#breadcrumb"},"inLanguage":"fr-CA","potentialAction":[{"@type":"ReadAction","target":["https:\/\/www.afmc.ca\/privacy-policy\/"]}]},{"@type":"BreadcrumbList","@id":"https:\/\/www.afmc.ca\/privacy-policy\/#breadcrumb","itemListElement":[{"@type":"ListItem","position":1,"name":"Home","item":"https:\/\/www.afmc.ca\/"},{"@type":"ListItem","position":2,"name":"Privacy Policy"}]},{"@type":"WebSite","@id":"https:\/\/www.afmc.ca\/#website","url":"https:\/\/www.afmc.ca\/","name":"l\u2019AFMC","description":"The academic partner for Canada\u2019s faculties of medicine.","publisher":{"@id":"https:\/\/www.afmc.ca\/#organization"},"potentialAction":[{"@type":"SearchAction","target":{"@type":"EntryPoint","urlTemplate":"https:\/\/www.afmc.ca\/?s={search_term_string}"},"query-input":{"@type":"PropertyValueSpecification","valueRequired":true,"valueName":"search_term_string"}}],"inLanguage":"fr-CA"},{"@type":"Organization","@id":"https:\/\/www.afmc.ca\/#organization","name":"Association des facult\u00e9s de m\u00e9decine du Canada","url":"https:\/\/www.afmc.ca\/","logo":{"@type":"ImageObject","inLanguage":"fr-CA","@id":"https:\/\/www.afmc.ca\/#\/schema\/logo\/image\/","url":"https:\/\/www.afmc.ca\/wp-content\/uploads\/2022\/09\/AFMC-Flywheel.jpg","contentUrl":"https:\/\/www.afmc.ca\/wp-content\/uploads\/2022\/09\/AFMC-Flywheel.jpg","width":904,"height":536,"caption":"The Association of Faculties of Medicine of Canada"},"image":{"@id":"https:\/\/www.afmc.ca\/#\/schema\/logo\/image\/"},"sameAs":["https:\/\/x.com\/AFMC_e","https:\/\/www.instagram.com\/afmc.ca\/","https:\/\/www.linkedin.com\/company\/the-association-of-faculties-of-medicine-of-canada\/?originalSubdomain=ca","https:\/\/www.youtube.com\/channel\/UC02Np2Hp_mw-Tr5gR_y24pg?view_as=subscriber","https:\/\/twitter.com\/AFMC_f"]}]}},"_links":{"self":[{"href":"https:\/\/www.afmc.ca\/fr\/wp-json\/wp\/v2\/pages\/3","targetHints":{"allow":["GET"]}}],"collection":[{"href":"https:\/\/www.afmc.ca\/fr\/wp-json\/wp\/v2\/pages"}],"about":[{"href":"https:\/\/www.afmc.ca\/fr\/wp-json\/wp\/v2\/types\/page"}],"author":[{"embeddable":true,"href":"https:\/\/www.afmc.ca\/fr\/wp-json\/wp\/v2\/users\/1"}],"replies":[{"embeddable":true,"href":"https:\/\/www.afmc.ca\/fr\/wp-json\/wp\/v2\/comments?post=3"}],"version-history":[{"count":5,"href":"https:\/\/www.afmc.ca\/fr\/wp-json\/wp\/v2\/pages\/3\/revisions"}],"predecessor-version":[{"id":1796,"href":"https:\/\/www.afmc.ca\/fr\/wp-json\/wp\/v2\/pages\/3\/revisions\/1796"}],"wp:attachment":[{"href":"https:\/\/www.afmc.ca\/fr\/wp-json\/wp\/v2\/media?parent=3"}],"curies":[{"name":"wp","href":"https:\/\/api.w.org\/{rel}","templated":true}]}}