{"id":70,"date":"2022-09-26T16:34:25","date_gmt":"2022-09-26T20:34:25","guid":{"rendered":"https:\/\/www.afmc.ca\/?page_id=70"},"modified":"2022-10-19T11:51:23","modified_gmt":"2022-10-19T15:51:23","slug":"terms-conditions","status":"publish","type":"page","link":"https:\/\/www.afmc.ca\/fr\/terms-conditions\/","title":{"rendered":"Terms &#038; Conditions"},"content":{"rendered":"<div data-elementor-type=\"wp-page\" data-elementor-id=\"70\" class=\"elementor elementor-70\" data-elementor-post-type=\"page\">\n\t\t\t\t\t\t<section class=\"elementor-section elementor-top-section elementor-element elementor-element-2e1d6a5 elementor-section-boxed elementor-section-height-default elementor-section-height-default\" data-id=\"2e1d6a5\" data-element_type=\"section\" data-e-type=\"section\" data-settings=\"{&quot;jet_parallax_layout_list&quot;:[]}\">\n\t\t\t\t\t\t<div class=\"elementor-container elementor-column-gap-default\">\n\t\t\t\t\t<div class=\"elementor-column elementor-col-100 elementor-top-column elementor-element elementor-element-2ac42e2\" data-id=\"2ac42e2\" data-element_type=\"column\" data-e-type=\"column\">\n\t\t\t<div class=\"elementor-widget-wrap elementor-element-populated\">\n\t\t\t\t\t\t<div class=\"elementor-element elementor-element-3519166 elementor-widget elementor-widget-text-editor\" data-id=\"3519166\" data-element_type=\"widget\" data-e-type=\"widget\" data-widget_type=\"text-editor.default\">\n\t\t\t\t<div class=\"elementor-widget-container\">\n\t\t\t\t\t\t\t\t\t<p><\/p><h3 class=\"wp-block-heading\">VEUILLEZ LIRE ATTENTIVEMENT LES PR\u00c9SENTES CONDITIONS D\u2019UTILISATION AVANT D\u2019UTILISER CE SITE.<\/h3><p>\u00a0<\/p><p>L'Association des facult\u00e9s de m\u00e9decine du Canada met \u00e0 la disposition des usagers l\u2019information et autre mat\u00e9riel sur le pr\u00e9sent site Web (le \u00ab mat\u00e9riel \u00bb) sous r\u00e9serve des conditions suivantes. En acc\u00e9dant au site Web, vous acceptez les conditions \u00e9nonc\u00e9s dans cet avis l\u00e9gal. L\u2019Association des facult\u00e9s de m\u00e9decine du Canada se r\u00e9serve le droit de modifier ces conditions \u00e0 l\u2019occasion \u00e0 sa seule discr\u00e9tion en mettant \u00e0 jour le pr\u00e9sent article. Vous devriez consulter cette page de temps \u00e0 autre pour revoir les conditions en vigueur \u00e0 ce moment pr\u00e9cis. Certaines dispositions de ces conditions peuvent \u00eatre remplac\u00e9es par des avis l\u00e9gaux express\u00e9ment d\u00e9sign\u00e9s ou des conditions figurant sur des pages pr\u00e9cises du site Web.<\/p><h3>\u00a0<\/h3><h5>Propri\u00e9t\u00e9 du mat\u00e9riel<\/h5><p>L\u2019information figurant sur le site est prot\u00e9g\u00e9e par des lois internationales sur les droits d\u2019auteurs de m\u00eame que par des dispositions conventionnelles : tous droits r\u00e9serv\u00e9s \u00ae L\u2019Association des facult\u00e9s de m\u00e9decine du Canada. Sauf tel que pr\u00e9cis\u00e9ment permis aux pr\u00e9sentes, la reproduction de quelque mani\u00e8re que ce soit du mat\u00e9riel figurant sur le site est interdite sans avoir d\u2019abord obtenu l\u2019autorisation \u00e9crite de l\u2019Association des facult\u00e9s de m\u00e9decine du Canada.<\/p><h3>\u00a0<\/h3><h5>Renseignements sur la marque de commerce<\/h5><p>Les marques de commerce, logos et marques de service (les \u00ab marques \u00bb) affich\u00e9s sur le site appartiennent \u00e0 l\u2019Association des facult\u00e9s de m\u00e9decine du Canada ou \u00e0 d\u2019autres tiers. Vous ne pouvez utiliser ces marques sans avoir pr\u00e9alablement obtenu l\u2019autorisation \u00e9crite de l\u2019Association des facult\u00e9s de m\u00e9decine du Canada ou de tout tiers pouvant \u00eatre propri\u00e9taire des marques. L\u2019\u00ab Association des facult\u00e9s de m\u00e9decine du Canada \u00bb et le logo de l\u2019Association des facult\u00e9s de m\u00e9decine du Canada sont des marques de commerce de l\u2019Association des facult\u00e9s de m\u00e9decine du Canada.<\/p><h3>\u00a0<\/h3><h5>Utilisation du mat\u00e9riel figurant sur le site Web<\/h5><p>Sauf indication contraire \u00e0 tout endroit sur le site, vous \u00eates autoris\u00e9 \u00e0 consulter, copier et imprimer le mat\u00e9riel disponible sur ce site sous r\u00e9serve des conditions suivantes :<\/p><ul><li>Le mat\u00e9riel ne peut \u00eatre utilis\u00e9 qu\u2019\u00e0 titre personnel, pour information et dans un but non lucratif.<\/li><li>Le mat\u00e9riel ne peut \u00eatre modifi\u00e9 de quelque mani\u00e8re que ce soit.<\/li><\/ul><p>Toute copie du mat\u00e9riel ou d\u2019une partie de celui-ci doit comprendre les droits d\u2019auteur ainsi que tout avis priv\u00e9 accompagnant le mat\u00e9riel ou y figurant. Si aucun avis de droit d\u2019auteur n\u2019accompagne le mat\u00e9riel ou une partie de celui-ci, vous devez inclure l\u2019avis de droit d\u2019auteur figurant ci-haut (reportez-vous au paragraphe intitul\u00e9 \u00ab Propri\u00e9t\u00e9 du mat\u00e9riel \u00bb. L\u2019Association des facult\u00e9s de m\u00e9decine du Canada se r\u00e9serve le droit de r\u00e9voquer une telle autorisation \u00e0 tout moment, auquel cas vous devez mettre fin \u00e0 toute utilisation d\u00e8s notification \u00e9crite.<\/p><p>Le mat\u00e9riel susmentionn\u00e9 ne comprend pas la conception ou la mise en page du site qui est prot\u00e9g\u00e9e par des droits d\u2019auteur, une marque de commerce, la configuration d\u2019un produit et autres lois et qui ne peut \u00eatre copi\u00e9e ou imit\u00e9e en tout ou en partie.<\/p><h3>\u00a0<\/h3><h5>Garanties, avis de non-responsabilit\u00e9, limitation de responsabilit\u00e9<\/h5><p>SAUF DISPOSITION CONTRAIRE DE LA CONVENTION \u00e9CRITE CONCLUE ENTRE VOUS ET L\u2019ASSOCIATION DES FACULT\u00e9S DE M\u00e9DECINE DU CANADA, TOUT LE MAT\u00e9RIEL FIGURANT SUR LE PR\u00e9SENT SITE WEB EST FOURNI \u00ab TEL QUEL \u00bb SANS AUTRE GARANTIE OU CONDITION, EXPRESSE OU IMPLICITE, Y COMPRIS, MAIS DE FA\u00c7ON NON LIMITATIVE, LES GARANTIES DE QUALIT\u00e9 MARCHANDE, DE QUALIT\u00e9 SATISFAISANTE, DE COMMERCIALIT\u00e9 OU D\u2019APTITUDE \u00c0 UNE FIN PARTICULI\u00c8RE, OU CELLES D\u00e9COULANT D\u2019UNE LOI, D\u2019UNE L\u00e9GISLATION, D\u2019UN USAGE DU COMMERCE OU D\u2019UNE CONDUITE HABITUELLE. L\u2019ASSOCIATION DES FACULT\u00e9S DE M\u00e9DECINE DU CANADA N\u2019ASSUME AUCUNE RESPONSABILIT\u00e9 EN CE QUI A TRAIT AUX ERREURS OU AUX OMISSIONS PR\u00e9SENTES DANS LE MAT\u00e9RIEL OU DANS TOUS AUTRES DOCUMENTS AUXQUELS ON FAIT R\u00e9F\u00e9RENCE DANS LE SITE WEB OU QUI Y SONT LI\u00e9S.<\/p><p>LES R\u00e9F\u00e9RENCES FAITES \u00c0 L\u2019\u00e9GARD DES CORPORATIONS ET DE LEURS SERVICES ET PRODUITS SONT FOURNIES \u00ab TELLES QUELLES \u00bb SANS GARANTIE AUCUNE, QUELLE SOIT EXPRESSE OU IMPLICITE. L\u2019ASSOCIATION DES FACULT\u00e9S DE M\u00e9DECINE DU CANADA, SES SOCI\u00e9T\u00e9S AFFILI\u00e9ES, AGENTS, CONC\u00e9DANTS, FOURNISSEURS ET FOURNISSEURS DE SERVICES NE SERONT EN AUCUN CAS RESPONSABLES DE TOUS DOMMAGES SP\u00e9CIAUX, ACCESSOIRES, INDIRECTS OU CORR\u00e9LATIFS DE QUELQUE NATURE QUE CE SOIT, Y COMPRIS, SANS RESTRICTION, CEUX QUI R\u00e9SULTENT D\u2019UNE PERTE DE JOUISSANCE, DE DONN\u00e9ES OU DE PROFITS, QU\u2019ELLE AIT OU NON \u00e9T\u00e9 AVIS\u00e9E DE LA POSSIBILIT\u00e9 D\u2019UN DOMMAGE ET DE TOUTE TH\u00e9ORIE DE RESPONSABILIT\u00e9, NOTAMMENT UN D\u00e9LIT CIVIL, D\u00e9COULANT DE L\u2019USAGE DE CETTE INFORMATION OU DE TOUTE REPR\u00e9SENTATION Y AFF\u00e9RENTE. COMME CERTAINS \u00e9TATS\/PAYS INTERDISENT L\u2019EXCLUSION OU LA LIMITATION DE LA RESPONSABILIT\u00e9 EN CE QUI A TRAIT AUX DOMMAGES INDIRECTS OU ACCESSOIRES, IL SE PEUT QUE VOUS NE SOYEZ PAS TOUCH\u00e9 PAR LA RESTRICTION SUSMENTIONN\u00e9E.<\/p><p>L\u2019ASSOCIATION DES FACULT\u00e9S DE M\u00e9DECINE DU CANADA, SES SOCI\u00e9T\u00e9S AFFILI\u00e9ES, AGENTS, CONC\u00e9DANTS, FOURNISSEURS ET FOURNISSEURS DE SERVICES NE PEUVENT GARANTIR QUE LE SITE WEB NE CONNA\u00ceTRA JAMAIS D\u2019INTERRUPTION, QU\u2019IL SERA S\u00e9CURITAIRE, LIBRE D\u2019ERREURS, EXACT OU ENCORE COMPLET ET \u00c0 JOUR. L\u2019ASSOCIATION DES FACULT\u00e9S DE M\u00e9DECINE DU CANADA NE PEUT OFFRIR AUCUNE GARANTIE \u00c0 L\u2019\u00e9GARD DES R\u00e9SULTATS POUVANT D\u00e9COULER DE L\u2019UTILISATION DU SITE OU RELATIVEMENT \u00c0 L\u2019EXACTITUDE OU \u00c0 LA FIABILIT\u00e9 DE TOUTE INFORMATION OBTENUE PAR L\u2019ENTREMISE DU SITE. LE SITE POURRAIT INCLURE DES ERREURS TECHNIQUES OU TYPOGRAPHIQUES OU ENCORE DES INEXACTITUDES. L\u2019INFORMATION FIGURANT AUX PR\u00e9SENTES EST CONSTAMMENT MODIFI\u00e9E. CES MODIFICATIONS SERONT INCORPOR\u00e9ES DANS DE NOUVELLES \u00e9DITIONS DU SITE WEB. L\u2019ASSOCIATION DES FACULT\u00e9S DE M\u00e9DECINE DU CANADA PEUT MODIFIER OU CHANGER LES PRODUITS OU LES PROGRAMMES D\u00e9CRITS DANS LE SITE WEB \u00c0 TOUT MOMENT.<\/p><p>LE T\u00e9L\u00e9CHARGEMENT OU L\u2019OBTENTION PAR QUELQUE MOYEN QUE CE SOIT DE TOUT MAT\u00e9RIEL OU DE TOUTE DONN\u00e9E PAR L\u2019ENTREMISE DU SITE WEB EST FAIT \u00c0 VOTRE DISCR\u00e9TION ET \u00c0 VOS RISQUES. L\u2019ASSOCIATION DES FACULT\u00e9S DE M\u00e9DECINE DU CANADA NE GARANTIT PAS QU\u2019UN TEL MAT\u00e9RIEL SOIT EXEMPT DE VIRUS OU DE TOUT AUTRE CODE DESTRUCTEUR QUI POURRAIT ENDOMMAGER OU INFECTER VOTRE ORDINATEUR OU TOUT AUTRE BIEN. VOUS SEREZ SEUL RESPONSABLE DE TOUT DOMMAGE SUBI PAR VOTRE SYST\u00c8ME INFORMATIQUE OU DE LA PERTE DE DONN\u00e9ES R\u00e9SULTANT DU T\u00e9L\u00e9CHARGEMENT D\u2019UN TEL MAT\u00e9RIEL OU DE TELLES DONN\u00e9ES.<\/p><p>ON PEUT ACC\u00e9DER \u00c0 CE SITE WEB DE PARTOUT DANS LE MONDE. LE SITE PEUT CONTENIR DES R\u00e9F\u00e9RENCES \u00c0 DES PRODUITS, SERVICES ET PROGRAMMES DE L\u2019ASSOCIATION DES FACULT\u00e9S DE M\u00e9DECINE DU CANADA QUI N\u2019ONT PAS \u00e9T\u00e9 ANNONC\u00e9S DANS VOTRE PAYS. CES R\u00e9F\u00e9RENCES N\u2019IMPLIQUENT PAS QUE L\u2019ASSOCIATION DES FACULT\u00e9S DE M\u00e9DECINE DU CANADA ENTEND ANNONCER CES PRODUITS, SERVICES OU PROGRAMMES DANS VOTRE PAYS.<\/p><p>SI VOUS \u00caTES INSATISFAIT DE TOUTE PORTION DU SITE WEB OU D\u2019UNE DE CES CONDITIONS, LA SEULE ET UNIQUE SOLUTION CONSISTE \u00c0 CESSER DE CONSULTER LE SITE WEB.<\/p><h3>\u00a0<\/h3><h5>Loi applicable et juridiction<\/h5><p>Ce site Web (exception faite des sites-liens) est contr\u00f4l\u00e9 par l\u2019Association des facult\u00e9s de m\u00e9decine du Canada \u00e0 partir de ses bureaux situ\u00e9s en Ontario, au Canada. En y acc\u00e9dant, vous et l\u2019AFMC acceptez que toutes les questions li\u00e9es \u00e0 votre acc\u00e8s au site soient r\u00e9gies par les dispositions l\u00e9gislatives et les statuts de l\u2019Ontario, sans \u00e9gard aux principes r\u00e9gissant les conflits entre les lois y aff\u00e9rentes. Vous et l\u2019Association des facult\u00e9s de m\u00e9decine du Canada reconnaissez \u00e9galement la comp\u00e9tence personnelle et celle des tribunaux de l\u2019Ontario relativement \u00e0 de telles questions et acceptez de vous y assujettir. L\u2019Association des facult\u00e9s de m\u00e9decine du Canada n\u2019affirme aucunement que le mat\u00e9riel du pr\u00e9sent site Web est appropri\u00e9 ou disponible pour \u00eatre utilis\u00e9 dans d\u2019autres endroits et le fait d\u2019y acc\u00e9der \u00e0 partir de territoires o\u00f9 son contenu est ill\u00e9gal est interdit. Ceux qui choisissent d\u2019acc\u00e9der \u00e0 ce site \u00e0 partir d\u2019autres endroits le font de leur propre chef et sont tenus de se conformer aux lois locales.<\/p><h3>\u00a0<\/h3><h5>Dissociabilit\u00e9<\/h5><p>Si toute disposition des pr\u00e9sentes conditions d\u2019utilisation est d\u00e9clar\u00e9e par un tribunal de juridiction comp\u00e9tente comme \u00e9tant invalide, ill\u00e9gale ou inex\u00e9cutable, une telle disposition ou partie de celle-ci n\u00e9cessaire pour rendre la disposition valide, l\u00e9gale et ex\u00e9cutable devra \u00eatre dissoci\u00e9e de l\u2019entente et les autres dispositions et parties restantes y aff\u00e9rentes devront demeurer en vigueur.<\/p><h3>\u00a0<\/h3><h5>Avantages d\u00e9coulant de l\u2019entente<\/h5><p>Ces conditions d\u2019utilisation sont au b\u00e9n\u00e9fice de l\u2019Association des facult\u00e9s de m\u00e9decine du Canada de m\u00eame que de ses filiales, soci\u00e9t\u00e9s affili\u00e9es, leurs successeurs respectifs et autoris\u00e9s qui sont par ailleurs tous li\u00e9s par leurs dispositions.<\/p><p><\/p>\t\t\t\t\t\t\t\t<\/div>\n\t\t\t\t<\/div>\n\t\t\t\t\t<\/div>\n\t\t<\/div>\n\t\t\t\t\t<\/div>\n\t\t<\/section>\n\t\t\t\t<\/div>","protected":false},"excerpt":{"rendered":"<p>PLEASE READ THESE TERMS CAREFULLY BEFORE USING THIS SITE. \u00a0 The Association of Faculties of Medicine of Canada makes available information and other materials on this web site (&#8220;Materials&#8221;), subject to the following terms and conditions. By accessing this site, you agree to the terms and conditions as outlined in this legal notice. The Association [&hellip;]<\/p>\n","protected":false},"author":1,"featured_media":0,"parent":0,"menu_order":0,"comment_status":"closed","ping_status":"closed","template":"","meta":{"footnotes":""},"class_list":["post-70","page","type-page","status-publish","hentry"],"yoast_head":"<!-- This site is optimized with the Yoast SEO plugin v27.4 - https:\/\/yoast.com\/product\/yoast-seo-wordpress\/ -->\n<title>Terms &amp; Conditions - AFMC<\/title>\n<meta name=\"robots\" content=\"index, follow, max-snippet:-1, max-image-preview:large, max-video-preview:-1\" \/>\n<link rel=\"canonical\" href=\"https:\/\/www.afmc.ca\/fr\/terms-conditions\/\" \/>\n<meta property=\"og:locale\" content=\"fr_CA\" \/>\n<meta property=\"og:type\" content=\"article\" \/>\n<meta property=\"og:title\" content=\"Terms &amp; Conditions - AFMC\" \/>\n<meta property=\"og:description\" content=\"PLEASE READ THESE TERMS CAREFULLY BEFORE USING THIS SITE. \u00a0 The Association of Faculties of Medicine of Canada makes available information and other materials on this web site (&#8220;Materials&#8221;), subject to the following terms and conditions. By accessing this site, you agree to the terms and conditions as outlined in this legal notice. The Association [&hellip;]\" \/>\n<meta property=\"og:url\" content=\"https:\/\/www.afmc.ca\/fr\/terms-conditions\/\" \/>\n<meta property=\"og:site_name\" content=\"AFMC\" \/>\n<meta property=\"article:modified_time\" content=\"2022-10-19T15:51:23+00:00\" \/>\n<meta name=\"twitter:card\" content=\"summary_large_image\" \/>\n<meta name=\"twitter:site\" content=\"@AFMC_e\" \/>\n<meta name=\"twitter:label1\" content=\"Estimation du temps de lecture\" \/>\n\t<meta name=\"twitter:data1\" content=\"6 minutes\" \/>\n<script type=\"application\/ld+json\" class=\"yoast-schema-graph\">{\"@context\":\"https:\\\/\\\/schema.org\",\"@graph\":[{\"@type\":\"WebPage\",\"@id\":\"https:\\\/\\\/www.afmc.ca\\\/terms-conditions\\\/\",\"url\":\"https:\\\/\\\/www.afmc.ca\\\/terms-conditions\\\/\",\"name\":\"Terms & Conditions - AFMC\",\"isPartOf\":{\"@id\":\"https:\\\/\\\/www.afmc.ca\\\/#website\"},\"datePublished\":\"2022-09-26T20:34:25+00:00\",\"dateModified\":\"2022-10-19T15:51:23+00:00\",\"breadcrumb\":{\"@id\":\"https:\\\/\\\/www.afmc.ca\\\/terms-conditions\\\/#breadcrumb\"},\"inLanguage\":\"fr-CA\",\"potentialAction\":[{\"@type\":\"ReadAction\",\"target\":[\"https:\\\/\\\/www.afmc.ca\\\/terms-conditions\\\/\"]}]},{\"@type\":\"BreadcrumbList\",\"@id\":\"https:\\\/\\\/www.afmc.ca\\\/terms-conditions\\\/#breadcrumb\",\"itemListElement\":[{\"@type\":\"ListItem\",\"position\":1,\"name\":\"Home\",\"item\":\"https:\\\/\\\/www.afmc.ca\\\/\"},{\"@type\":\"ListItem\",\"position\":2,\"name\":\"Terms &#038; Conditions\"}]},{\"@type\":\"WebSite\",\"@id\":\"https:\\\/\\\/www.afmc.ca\\\/#website\",\"url\":\"https:\\\/\\\/www.afmc.ca\\\/\",\"name\":\"AFMC\",\"description\":\"The academic partner for Canada\u2019s faculties of medicine.\",\"publisher\":{\"@id\":\"https:\\\/\\\/www.afmc.ca\\\/#organization\"},\"potentialAction\":[{\"@type\":\"SearchAction\",\"target\":{\"@type\":\"EntryPoint\",\"urlTemplate\":\"https:\\\/\\\/www.afmc.ca\\\/?s={search_term_string}\"},\"query-input\":{\"@type\":\"PropertyValueSpecification\",\"valueRequired\":true,\"valueName\":\"search_term_string\"}}],\"inLanguage\":\"fr-CA\"},{\"@type\":\"Organization\",\"@id\":\"https:\\\/\\\/www.afmc.ca\\\/#organization\",\"name\":\"The Association of Faculties of Medicine of Canada\",\"url\":\"https:\\\/\\\/www.afmc.ca\\\/\",\"logo\":{\"@type\":\"ImageObject\",\"inLanguage\":\"fr-CA\",\"@id\":\"https:\\\/\\\/www.afmc.ca\\\/#\\\/schema\\\/logo\\\/image\\\/\",\"url\":\"https:\\\/\\\/www.afmc.ca\\\/wp-content\\\/uploads\\\/2022\\\/09\\\/AFMC-Flywheel.jpg\",\"contentUrl\":\"https:\\\/\\\/www.afmc.ca\\\/wp-content\\\/uploads\\\/2022\\\/09\\\/AFMC-Flywheel.jpg\",\"width\":904,\"height\":536,\"caption\":\"The Association of Faculties of Medicine of Canada\"},\"image\":{\"@id\":\"https:\\\/\\\/www.afmc.ca\\\/#\\\/schema\\\/logo\\\/image\\\/\"},\"sameAs\":[\"https:\\\/\\\/x.com\\\/AFMC_e\",\"https:\\\/\\\/www.instagram.com\\\/afmc.ca\\\/\",\"https:\\\/\\\/www.linkedin.com\\\/company\\\/the-association-of-faculties-of-medicine-of-canada\\\/?originalSubdomain=ca\",\"https:\\\/\\\/www.youtube.com\\\/channel\\\/UC02Np2Hp_mw-Tr5gR_y24pg?view_as=subscriber\",\"https:\\\/\\\/twitter.com\\\/AFMC_f\"]}]}<\/script>\n<!-- \/ Yoast SEO plugin. -->","yoast_head_json":{"title":"Terms & Conditions - AFMC","robots":{"index":"index","follow":"follow","max-snippet":"max-snippet:-1","max-image-preview":"max-image-preview:large","max-video-preview":"max-video-preview:-1"},"canonical":"https:\/\/www.afmc.ca\/fr\/terms-conditions\/","og_locale":"fr_CA","og_type":"article","og_title":"Terms & Conditions - AFMC","og_description":"PLEASE READ THESE TERMS CAREFULLY BEFORE USING THIS SITE. \u00a0 The Association of Faculties of Medicine of Canada makes available information and other materials on this web site (&#8220;Materials&#8221;), subject to the following terms and conditions. By accessing this site, you agree to the terms and conditions as outlined in this legal notice. The Association [&hellip;]","og_url":"https:\/\/www.afmc.ca\/fr\/terms-conditions\/","og_site_name":"AFMC","article_modified_time":"2022-10-19T15:51:23+00:00","twitter_card":"summary_large_image","twitter_site":"@AFMC_e","twitter_misc":{"Estimation du temps de lecture":"6 minutes"},"schema":{"@context":"https:\/\/schema.org","@graph":[{"@type":"WebPage","@id":"https:\/\/www.afmc.ca\/terms-conditions\/","url":"https:\/\/www.afmc.ca\/terms-conditions\/","name":"Terms & Conditions - AFMC","isPartOf":{"@id":"https:\/\/www.afmc.ca\/#website"},"datePublished":"2022-09-26T20:34:25+00:00","dateModified":"2022-10-19T15:51:23+00:00","breadcrumb":{"@id":"https:\/\/www.afmc.ca\/terms-conditions\/#breadcrumb"},"inLanguage":"fr-CA","potentialAction":[{"@type":"ReadAction","target":["https:\/\/www.afmc.ca\/terms-conditions\/"]}]},{"@type":"BreadcrumbList","@id":"https:\/\/www.afmc.ca\/terms-conditions\/#breadcrumb","itemListElement":[{"@type":"ListItem","position":1,"name":"Home","item":"https:\/\/www.afmc.ca\/"},{"@type":"ListItem","position":2,"name":"Terms &#038; Conditions"}]},{"@type":"WebSite","@id":"https:\/\/www.afmc.ca\/#website","url":"https:\/\/www.afmc.ca\/","name":"l\u2019AFMC","description":"The academic partner for Canada\u2019s faculties of medicine.","publisher":{"@id":"https:\/\/www.afmc.ca\/#organization"},"potentialAction":[{"@type":"SearchAction","target":{"@type":"EntryPoint","urlTemplate":"https:\/\/www.afmc.ca\/?s={search_term_string}"},"query-input":{"@type":"PropertyValueSpecification","valueRequired":true,"valueName":"search_term_string"}}],"inLanguage":"fr-CA"},{"@type":"Organization","@id":"https:\/\/www.afmc.ca\/#organization","name":"Association des facult\u00e9s de m\u00e9decine du Canada","url":"https:\/\/www.afmc.ca\/","logo":{"@type":"ImageObject","inLanguage":"fr-CA","@id":"https:\/\/www.afmc.ca\/#\/schema\/logo\/image\/","url":"https:\/\/www.afmc.ca\/wp-content\/uploads\/2022\/09\/AFMC-Flywheel.jpg","contentUrl":"https:\/\/www.afmc.ca\/wp-content\/uploads\/2022\/09\/AFMC-Flywheel.jpg","width":904,"height":536,"caption":"The Association of Faculties of Medicine of Canada"},"image":{"@id":"https:\/\/www.afmc.ca\/#\/schema\/logo\/image\/"},"sameAs":["https:\/\/x.com\/AFMC_e","https:\/\/www.instagram.com\/afmc.ca\/","https:\/\/www.linkedin.com\/company\/the-association-of-faculties-of-medicine-of-canada\/?originalSubdomain=ca","https:\/\/www.youtube.com\/channel\/UC02Np2Hp_mw-Tr5gR_y24pg?view_as=subscriber","https:\/\/twitter.com\/AFMC_f"]}]}},"_links":{"self":[{"href":"https:\/\/www.afmc.ca\/fr\/wp-json\/wp\/v2\/pages\/70","targetHints":{"allow":["GET"]}}],"collection":[{"href":"https:\/\/www.afmc.ca\/fr\/wp-json\/wp\/v2\/pages"}],"about":[{"href":"https:\/\/www.afmc.ca\/fr\/wp-json\/wp\/v2\/types\/page"}],"author":[{"embeddable":true,"href":"https:\/\/www.afmc.ca\/fr\/wp-json\/wp\/v2\/users\/1"}],"replies":[{"embeddable":true,"href":"https:\/\/www.afmc.ca\/fr\/wp-json\/wp\/v2\/comments?post=70"}],"version-history":[{"count":4,"href":"https:\/\/www.afmc.ca\/fr\/wp-json\/wp\/v2\/pages\/70\/revisions"}],"predecessor-version":[{"id":1793,"href":"https:\/\/www.afmc.ca\/fr\/wp-json\/wp\/v2\/pages\/70\/revisions\/1793"}],"wp:attachment":[{"href":"https:\/\/www.afmc.ca\/fr\/wp-json\/wp\/v2\/media?parent=70"}],"curies":[{"name":"wp","href":"https:\/\/api.w.org\/{rel}","templated":true}]}}