{"id":7310,"date":"2023-10-12T10:23:34","date_gmt":"2023-10-12T14:23:34","guid":{"rendered":"https:\/\/www.afmc.ca\/?page_id=7310"},"modified":"2023-10-19T08:58:47","modified_gmt":"2023-10-19T12:58:47","slug":"self-assessment-tool","status":"publish","type":"page","link":"https:\/\/www.afmc.ca\/fr\/opioids\/self-assessment-tool\/","title":{"rendered":"Outil d\u2019auto-\u00e9valuation"},"content":{"rendered":"<div data-elementor-type=\"wp-page\" data-elementor-id=\"7310\" class=\"elementor elementor-7310\" data-elementor-post-type=\"page\">\n\t\t\t\t\t\t<section class=\"elementor-section elementor-top-section elementor-element elementor-element-2bada125 elementor-section-boxed elementor-section-height-default elementor-section-height-default\" data-id=\"2bada125\" data-element_type=\"section\" data-e-type=\"section\" id=\"banner\" data-settings=\"{&quot;jet_parallax_layout_list&quot;:[],&quot;background_background&quot;:&quot;classic&quot;}\">\n\t\t\t\t\t\t<div class=\"elementor-container elementor-column-gap-default\">\n\t\t\t\t\t<div class=\"elementor-column elementor-col-100 elementor-top-column elementor-element elementor-element-346703c9\" data-id=\"346703c9\" data-element_type=\"column\" data-e-type=\"column\">\n\t\t\t<div class=\"elementor-widget-wrap elementor-element-populated\">\n\t\t\t\t\t\t<div class=\"elementor-element elementor-element-2c199e02 jet-breadcrumbs-page-title-yes jet-breadcrumbs-align-center elementor-widget elementor-widget-jet-breadcrumbs\" data-id=\"2c199e02\" data-element_type=\"widget\" data-e-type=\"widget\" data-widget_type=\"jet-breadcrumbs.default\">\n\t\t\t\t<div class=\"elementor-widget-container\">\n\t\t\t\t\t<div class=\"elementor-jet-breadcrumbs jet-blocks\">\n\t\t<div class=\"jet-breadcrumbs\">\n\t\t<div class=\"jet-breadcrumbs__content\">\n\t\t<div class=\"jet-breadcrumbs__wrap\"><div class=\"jet-breadcrumbs__item\"><a href=\"https:\/\/www.afmc.ca\/fr\/\" class=\"jet-breadcrumbs__item-link is-home\" rel=\"home\" title=\"Page d&#039;accueil\">Page d'accueil<\/a><\/div>\n\t\t<\/div>\n\t\t<\/div>\n\t\t<\/div><\/div>\t\t\t\t<\/div>\n\t\t\t\t<\/div>\n\t\t\t\t\t<\/div>\n\t\t<\/div>\n\t\t\t\t\t<\/div>\n\t\t<\/section>\n\t\t\t\t<section class=\"elementor-section elementor-top-section elementor-element elementor-element-ac27e6a elementor-section-boxed elementor-section-height-default elementor-section-height-default\" data-id=\"ac27e6a\" data-element_type=\"section\" data-e-type=\"section\" data-settings=\"{&quot;jet_parallax_layout_list&quot;:[]}\">\n\t\t\t\t\t\t<div class=\"elementor-container elementor-column-gap-default\">\n\t\t\t\t\t<div class=\"elementor-column elementor-col-100 elementor-top-column elementor-element elementor-element-e4204cc\" data-id=\"e4204cc\" data-element_type=\"column\" data-e-type=\"column\">\n\t\t\t<div class=\"elementor-widget-wrap elementor-element-populated\">\n\t\t\t\t\t\t<div class=\"elementor-element elementor-element-0569aec elementor-widget elementor-widget-text-editor\" data-id=\"0569aec\" data-element_type=\"widget\" data-e-type=\"widget\" data-widget_type=\"text-editor.default\">\n\t\t\t\t<div class=\"elementor-widget-container\">\n\t\t\t\t\t\t\t\t\t<p>Cet outil d'auto-\u00e9valuation vous permet de v\u00e9rifier vos connaissances sur une s\u00e9rie de sujets li\u00e9s \u00e0 l'usage des opio\u00efdes dans la pratique.<\/p><p><strong>Qu'est-ce que l'outil d'auto-\u00e9valuation?<\/strong><\/p><p><strong>\u00a0<\/strong><\/p><ul><li>En ligne et gratuit<\/li><li>Des questions d'\u00e9valuation \u00e0 choix multiples, gratuites et en ligne, relatives \u00e0 chaque module.<\/li><li>Vous indique si vous avez bien ou mal r\u00e9pondu \u00e0 la question et POURQUOI.<\/li><li>Suit et compile les r\u00e9sultats obtenus afin de recommander les modules du projet de R\u00e9ponse \u00e0 la crise des opio\u00efdes les plus pertinents pour vous.<\/li><li>Envoi par courriel de la liste des modules recommand\u00e9s.<\/li><li>Possibilit\u00e9 d\u2019obtenir des cr\u00e9dits MAINPRO+ et des cr\u00e9dits du Coll\u00e8ge royal<\/li><li>Il faut compter entre 45 minutes et 1 heure pour compl\u00e9ter le questionnaire.<\/li><li>\u00a0<\/li><\/ul><p>Il faut compter environ 45 minutes pour r\u00e9pondre aux questions de l\u2019outil d\u2019auto-\u00e9valuation. Des commentaires sont fournis tout au long du processus. L'outil utilise uniquement des donn\u00e9es agr\u00e9g\u00e9es d\u00e9personnalis\u00e9es, ce qui garantit la confidentialit\u00e9 de vos r\u00e9sultats. Vos r\u00e9ponses aux questions ci-dessous permettent \u00e0 l'outil de vous orienter vers les programmes de formation continue disponibles concernant l'\u00e9valuation, le diagnostic et la prise en charge des patients prenant des opio\u00efdes.<\/p><p><strong>Pour acc\u00e9der \u00e0 l'outil d'auto-\u00e9valuation, visitez:<\/strong><\/p><p><strong>\u00a0<\/strong><\/p><p><a href=\"https:\/\/queensu.qualtrics.com\/jfe\/form\/SV_9ENbS6RNWxHOwjc\" target=\"_blank\" rel=\"noopener\">https:\/\/queensu.qualtrics.com\/jfe\/form\/SV_9ENbS6RNWxHOwjc<\/a><\/p>\t\t\t\t\t\t\t\t<\/div>\n\t\t\t\t<\/div>\n\t\t\t\t<div class=\"elementor-element elementor-element-b8c2052 elementor-widget__width-initial elementor-widget elementor-widget-video\" data-id=\"b8c2052\" data-element_type=\"widget\" data-e-type=\"widget\" data-settings=\"{&quot;youtube_url&quot;:&quot;https:\\\/\\\/www.youtube.com\\\/watch?v=WO2KEJWWenc&quot;,&quot;video_type&quot;:&quot;youtube&quot;,&quot;controls&quot;:&quot;yes&quot;}\" data-no-translation=\"\" data-widget_type=\"video.default\">\n\t\t\t\t<div class=\"elementor-widget-container\">\n\t\t\t\t\t<style>.elementor-element-b8c2052{display:none !important}<\/style>\t\t\t\t<\/div>\n\t\t\t\t<\/div>\n\t\t\t\t\t<\/div>\n\t\t<\/div>\n\t\t\t\t\t<\/div>\n\t\t<\/section>\n\t\t\t\t<section class=\"elementor-section elementor-top-section elementor-element elementor-element-5c387567 elementor-section-boxed elementor-section-height-default elementor-section-height-default\" data-id=\"5c387567\" data-element_type=\"section\" data-e-type=\"section\" data-settings=\"{&quot;jet_parallax_layout_list&quot;:[]}\">\n\t\t\t\t\t\t<div class=\"elementor-container elementor-column-gap-default\">\n\t\t\t\t\t<div class=\"elementor-column elementor-col-100 elementor-top-column elementor-element elementor-element-6f7c810e\" data-id=\"6f7c810e\" data-element_type=\"column\" data-e-type=\"column\">\n\t\t\t<div class=\"elementor-widget-wrap elementor-element-populated\">\n\t\t\t\t\t\t<div class=\"elementor-element elementor-element-31a7bcbb elementor-view-stacked elementor-shape-square elementor-fixed elementor-widget elementor-widget-icon\" data-id=\"31a7bcbb\" data-element_type=\"widget\" data-e-type=\"widget\" data-settings=\"{&quot;_position&quot;:&quot;fixed&quot;}\" data-widget_type=\"icon.default\">\n\t\t\t\t<div class=\"elementor-widget-container\">\n\t\t\t\t\t\t\t<div class=\"elementor-icon-wrapper\">\n\t\t\t<a class=\"elementor-icon elementor-animation-grow\" href=\"#banner\">\n\t\t\t<i aria-hidden=\"true\" class=\"fas fa-angle-up\"><\/i>\t\t\t<\/a>\n\t\t<\/div>\n\t\t\t\t\t\t<\/div>\n\t\t\t\t<\/div>\n\t\t\t\t\t<\/div>\n\t\t<\/div>\n\t\t\t\t\t<\/div>\n\t\t<\/section>\n\t\t\t\t<\/div>","protected":false},"excerpt":{"rendered":"<p>Home Self-Assessment Tool has been created aimed at physicians to be able to identify which modules they should or need to take. This self-assessment tool helps you review your knowledge on a range of topics related to the use of opioids in practice. What is the Self-Assessment Tool? \u00a0 Online and free multiple-choice assessment questions [&hellip;]<\/p>\n","protected":false},"author":4,"featured_media":0,"parent":7113,"menu_order":0,"comment_status":"closed","ping_status":"closed","template":"","meta":{"footnotes":""},"class_list":["post-7310","page","type-page","status-publish","hentry"],"yoast_head":"<!-- This site is optimized with the Yoast SEO plugin v27.3 - https:\/\/yoast.com\/product\/yoast-seo-wordpress\/ -->\n<title>Self-Assessment Tool - AFMC<\/title>\n<meta name=\"robots\" content=\"index, follow, max-snippet:-1, max-image-preview:large, max-video-preview:-1\" \/>\n<link rel=\"canonical\" href=\"https:\/\/www.afmc.ca\/fr\/opioids\/self-assessment-tool\/\" \/>\n<meta property=\"og:locale\" content=\"fr_CA\" \/>\n<meta property=\"og:type\" content=\"article\" \/>\n<meta property=\"og:title\" content=\"Self-Assessment Tool - AFMC\" \/>\n<meta property=\"og:description\" content=\"Home Self-Assessment Tool has been created aimed at physicians to be able to identify which modules they should or need to take. This self-assessment tool helps you review your knowledge on a range of topics related to the use of opioids in practice. What is the Self-Assessment Tool? \u00a0 Online and free multiple-choice assessment questions [&hellip;]\" \/>\n<meta property=\"og:url\" content=\"https:\/\/www.afmc.ca\/fr\/opioids\/self-assessment-tool\/\" \/>\n<meta property=\"og:site_name\" content=\"AFMC\" \/>\n<meta property=\"article:modified_time\" content=\"2023-10-19T12:58:47+00:00\" \/>\n<meta name=\"twitter:card\" content=\"summary_large_image\" \/>\n<meta name=\"twitter:site\" content=\"@AFMC_e\" \/>\n<meta name=\"twitter:label1\" content=\"Estimation du temps de lecture\" \/>\n\t<meta name=\"twitter:data1\" content=\"1 minute\" \/>\n<script type=\"application\/ld+json\" class=\"yoast-schema-graph\">{\"@context\":\"https:\\\/\\\/schema.org\",\"@graph\":[{\"@type\":\"WebPage\",\"@id\":\"https:\\\/\\\/www.afmc.ca\\\/opioids\\\/self-assessment-tool\\\/\",\"url\":\"https:\\\/\\\/www.afmc.ca\\\/opioids\\\/self-assessment-tool\\\/\",\"name\":\"Self-Assessment Tool - AFMC\",\"isPartOf\":{\"@id\":\"https:\\\/\\\/www.afmc.ca\\\/#website\"},\"datePublished\":\"2023-10-12T14:23:34+00:00\",\"dateModified\":\"2023-10-19T12:58:47+00:00\",\"breadcrumb\":{\"@id\":\"https:\\\/\\\/www.afmc.ca\\\/opioids\\\/self-assessment-tool\\\/#breadcrumb\"},\"inLanguage\":\"fr-CA\",\"potentialAction\":[{\"@type\":\"ReadAction\",\"target\":[\"https:\\\/\\\/www.afmc.ca\\\/opioids\\\/self-assessment-tool\\\/\"]}]},{\"@type\":\"BreadcrumbList\",\"@id\":\"https:\\\/\\\/www.afmc.ca\\\/opioids\\\/self-assessment-tool\\\/#breadcrumb\",\"itemListElement\":[{\"@type\":\"ListItem\",\"position\":1,\"name\":\"Home\",\"item\":\"https:\\\/\\\/www.afmc.ca\\\/\"},{\"@type\":\"ListItem\",\"position\":2,\"name\":\"Opioids\",\"item\":\"https:\\\/\\\/www.afmc.ca\\\/opioids\\\/\"},{\"@type\":\"ListItem\",\"position\":3,\"name\":\"Self-Assessment Tool\"}]},{\"@type\":\"WebSite\",\"@id\":\"https:\\\/\\\/www.afmc.ca\\\/#website\",\"url\":\"https:\\\/\\\/www.afmc.ca\\\/\",\"name\":\"AFMC\",\"description\":\"The academic partner for Canada\u2019s faculties of medicine.\",\"publisher\":{\"@id\":\"https:\\\/\\\/www.afmc.ca\\\/#organization\"},\"potentialAction\":[{\"@type\":\"SearchAction\",\"target\":{\"@type\":\"EntryPoint\",\"urlTemplate\":\"https:\\\/\\\/www.afmc.ca\\\/?s={search_term_string}\"},\"query-input\":{\"@type\":\"PropertyValueSpecification\",\"valueRequired\":true,\"valueName\":\"search_term_string\"}}],\"inLanguage\":\"fr-CA\"},{\"@type\":\"Organization\",\"@id\":\"https:\\\/\\\/www.afmc.ca\\\/#organization\",\"name\":\"The Association of Faculties of Medicine of Canada\",\"url\":\"https:\\\/\\\/www.afmc.ca\\\/\",\"logo\":{\"@type\":\"ImageObject\",\"inLanguage\":\"fr-CA\",\"@id\":\"https:\\\/\\\/www.afmc.ca\\\/#\\\/schema\\\/logo\\\/image\\\/\",\"url\":\"https:\\\/\\\/www.afmc.ca\\\/wp-content\\\/uploads\\\/2022\\\/09\\\/AFMC-Flywheel.jpg\",\"contentUrl\":\"https:\\\/\\\/www.afmc.ca\\\/wp-content\\\/uploads\\\/2022\\\/09\\\/AFMC-Flywheel.jpg\",\"width\":904,\"height\":536,\"caption\":\"The Association of Faculties of Medicine of Canada\"},\"image\":{\"@id\":\"https:\\\/\\\/www.afmc.ca\\\/#\\\/schema\\\/logo\\\/image\\\/\"},\"sameAs\":[\"https:\\\/\\\/x.com\\\/AFMC_e\",\"https:\\\/\\\/www.instagram.com\\\/afmc.ca\\\/\",\"https:\\\/\\\/www.linkedin.com\\\/company\\\/the-association-of-faculties-of-medicine-of-canada\\\/?originalSubdomain=ca\",\"https:\\\/\\\/www.youtube.com\\\/channel\\\/UC02Np2Hp_mw-Tr5gR_y24pg?view_as=subscriber\",\"https:\\\/\\\/twitter.com\\\/AFMC_f\"]}]}<\/script>\n<!-- \/ Yoast SEO plugin. -->","yoast_head_json":{"title":"Self-Assessment Tool - AFMC","robots":{"index":"index","follow":"follow","max-snippet":"max-snippet:-1","max-image-preview":"max-image-preview:large","max-video-preview":"max-video-preview:-1"},"canonical":"https:\/\/www.afmc.ca\/fr\/opioids\/self-assessment-tool\/","og_locale":"fr_CA","og_type":"article","og_title":"Self-Assessment Tool - AFMC","og_description":"Home Self-Assessment Tool has been created aimed at physicians to be able to identify which modules they should or need to take. This self-assessment tool helps you review your knowledge on a range of topics related to the use of opioids in practice. What is the Self-Assessment Tool? \u00a0 Online and free multiple-choice assessment questions [&hellip;]","og_url":"https:\/\/www.afmc.ca\/fr\/opioids\/self-assessment-tool\/","og_site_name":"AFMC","article_modified_time":"2023-10-19T12:58:47+00:00","twitter_card":"summary_large_image","twitter_site":"@AFMC_e","twitter_misc":{"Estimation du temps de lecture":"1 minute"},"schema":{"@context":"https:\/\/schema.org","@graph":[{"@type":"WebPage","@id":"https:\/\/www.afmc.ca\/opioids\/self-assessment-tool\/","url":"https:\/\/www.afmc.ca\/opioids\/self-assessment-tool\/","name":"Self-Assessment Tool - AFMC","isPartOf":{"@id":"https:\/\/www.afmc.ca\/#website"},"datePublished":"2023-10-12T14:23:34+00:00","dateModified":"2023-10-19T12:58:47+00:00","breadcrumb":{"@id":"https:\/\/www.afmc.ca\/opioids\/self-assessment-tool\/#breadcrumb"},"inLanguage":"fr-CA","potentialAction":[{"@type":"ReadAction","target":["https:\/\/www.afmc.ca\/opioids\/self-assessment-tool\/"]}]},{"@type":"BreadcrumbList","@id":"https:\/\/www.afmc.ca\/opioids\/self-assessment-tool\/#breadcrumb","itemListElement":[{"@type":"ListItem","position":1,"name":"Home","item":"https:\/\/www.afmc.ca\/"},{"@type":"ListItem","position":2,"name":"Opioids","item":"https:\/\/www.afmc.ca\/opioids\/"},{"@type":"ListItem","position":3,"name":"Self-Assessment Tool"}]},{"@type":"WebSite","@id":"https:\/\/www.afmc.ca\/#website","url":"https:\/\/www.afmc.ca\/","name":"l\u2019AFMC","description":"The academic partner for Canada\u2019s faculties of medicine.","publisher":{"@id":"https:\/\/www.afmc.ca\/#organization"},"potentialAction":[{"@type":"SearchAction","target":{"@type":"EntryPoint","urlTemplate":"https:\/\/www.afmc.ca\/?s={search_term_string}"},"query-input":{"@type":"PropertyValueSpecification","valueRequired":true,"valueName":"search_term_string"}}],"inLanguage":"fr-CA"},{"@type":"Organization","@id":"https:\/\/www.afmc.ca\/#organization","name":"Association des facult\u00e9s de m\u00e9decine du Canada","url":"https:\/\/www.afmc.ca\/","logo":{"@type":"ImageObject","inLanguage":"fr-CA","@id":"https:\/\/www.afmc.ca\/#\/schema\/logo\/image\/","url":"https:\/\/www.afmc.ca\/wp-content\/uploads\/2022\/09\/AFMC-Flywheel.jpg","contentUrl":"https:\/\/www.afmc.ca\/wp-content\/uploads\/2022\/09\/AFMC-Flywheel.jpg","width":904,"height":536,"caption":"The Association of Faculties of Medicine of Canada"},"image":{"@id":"https:\/\/www.afmc.ca\/#\/schema\/logo\/image\/"},"sameAs":["https:\/\/x.com\/AFMC_e","https:\/\/www.instagram.com\/afmc.ca\/","https:\/\/www.linkedin.com\/company\/the-association-of-faculties-of-medicine-of-canada\/?originalSubdomain=ca","https:\/\/www.youtube.com\/channel\/UC02Np2Hp_mw-Tr5gR_y24pg?view_as=subscriber","https:\/\/twitter.com\/AFMC_f"]}]}},"_links":{"self":[{"href":"https:\/\/www.afmc.ca\/fr\/wp-json\/wp\/v2\/pages\/7310","targetHints":{"allow":["GET"]}}],"collection":[{"href":"https:\/\/www.afmc.ca\/fr\/wp-json\/wp\/v2\/pages"}],"about":[{"href":"https:\/\/www.afmc.ca\/fr\/wp-json\/wp\/v2\/types\/page"}],"author":[{"embeddable":true,"href":"https:\/\/www.afmc.ca\/fr\/wp-json\/wp\/v2\/users\/4"}],"replies":[{"embeddable":true,"href":"https:\/\/www.afmc.ca\/fr\/wp-json\/wp\/v2\/comments?post=7310"}],"version-history":[{"count":25,"href":"https:\/\/www.afmc.ca\/fr\/wp-json\/wp\/v2\/pages\/7310\/revisions"}],"predecessor-version":[{"id":8460,"href":"https:\/\/www.afmc.ca\/fr\/wp-json\/wp\/v2\/pages\/7310\/revisions\/8460"}],"up":[{"embeddable":true,"href":"https:\/\/www.afmc.ca\/fr\/wp-json\/wp\/v2\/pages\/7113"}],"wp:attachment":[{"href":"https:\/\/www.afmc.ca\/fr\/wp-json\/wp\/v2\/media?parent=7310"}],"curies":[{"name":"wp","href":"https:\/\/api.w.org\/{rel}","templated":true}]}}