{"id":7328,"date":"2023-10-12T10:30:06","date_gmt":"2023-10-12T14:30:06","guid":{"rendered":"https:\/\/www.afmc.ca\/?page_id=7328"},"modified":"2023-11-01T09:32:27","modified_gmt":"2023-11-01T13:32:27","slug":"access-curriculum","status":"publish","type":"page","link":"https:\/\/www.afmc.ca\/fr\/opioids\/access-curriculum\/","title":{"rendered":"Acc\u00e8s au programme"},"content":{"rendered":"<div data-elementor-type=\"wp-page\" data-elementor-id=\"7328\" class=\"elementor elementor-7328\" data-elementor-post-type=\"page\">\n\t\t\t\t\t\t<section class=\"elementor-section elementor-top-section elementor-element elementor-element-7136dfa3 elementor-section-boxed elementor-section-height-default elementor-section-height-default\" data-id=\"7136dfa3\" data-element_type=\"section\" data-e-type=\"section\" id=\"banner\" data-settings=\"{&quot;jet_parallax_layout_list&quot;:[],&quot;background_background&quot;:&quot;classic&quot;}\">\n\t\t\t\t\t\t<div class=\"elementor-container elementor-column-gap-default\">\n\t\t\t\t\t<div class=\"elementor-column elementor-col-100 elementor-top-column elementor-element elementor-element-9033c33\" data-id=\"9033c33\" data-element_type=\"column\" data-e-type=\"column\">\n\t\t\t<div class=\"elementor-widget-wrap elementor-element-populated\">\n\t\t\t\t\t\t<div class=\"elementor-element elementor-element-1f3cf22 jet-breadcrumbs-page-title-yes jet-breadcrumbs-align-center elementor-widget elementor-widget-jet-breadcrumbs\" data-id=\"1f3cf22\" data-element_type=\"widget\" data-e-type=\"widget\" data-widget_type=\"jet-breadcrumbs.default\">\n\t\t\t\t<div class=\"elementor-widget-container\">\n\t\t\t\t\t<div class=\"elementor-jet-breadcrumbs jet-blocks\">\n\t\t<div class=\"jet-breadcrumbs\">\n\t\t<div class=\"jet-breadcrumbs__content\">\n\t\t<div class=\"jet-breadcrumbs__wrap\"><div class=\"jet-breadcrumbs__item\"><a href=\"https:\/\/www.afmc.ca\/fr\/\" class=\"jet-breadcrumbs__item-link is-home\" rel=\"home\" title=\"Page d&#039;accueil\">Page d'accueil<\/a><\/div>\n\t\t<\/div>\n\t\t<\/div>\n\t\t<\/div><\/div>\t\t\t\t<\/div>\n\t\t\t\t<\/div>\n\t\t\t\t\t<\/div>\n\t\t<\/div>\n\t\t\t\t\t<\/div>\n\t\t<\/section>\n\t\t\t\t<section class=\"elementor-section elementor-top-section elementor-element elementor-element-5e389ef elementor-section-boxed elementor-section-height-default elementor-section-height-default\" data-id=\"5e389ef\" data-element_type=\"section\" data-e-type=\"section\" data-settings=\"{&quot;jet_parallax_layout_list&quot;:[]}\">\n\t\t\t\t\t\t<div class=\"elementor-container elementor-column-gap-default\">\n\t\t\t\t\t<div class=\"elementor-column elementor-col-100 elementor-top-column elementor-element elementor-element-48a20a0\" data-id=\"48a20a0\" data-element_type=\"column\" data-e-type=\"column\">\n\t\t\t<div class=\"elementor-widget-wrap elementor-element-populated\">\n\t\t\t\t\t\t<div class=\"elementor-element elementor-element-38a4829 elementor-widget elementor-widget-heading\" data-id=\"38a4829\" data-element_type=\"widget\" data-e-type=\"widget\" data-widget_type=\"heading.default\">\n\t\t\t\t<div class=\"elementor-widget-container\">\n\t\t\t\t\t<h2 class=\"elementor-heading-title elementor-size-default\">Modules d'apprentissage<\/h2>\t\t\t\t<\/div>\n\t\t\t\t<\/div>\n\t\t\t\t<div class=\"elementor-element elementor-element-47ed40b elementor-widget elementor-widget-text-editor\" data-id=\"47ed40b\" data-element_type=\"widget\" data-e-type=\"widget\" data-widget_type=\"text-editor.default\">\n\t\t\t\t<div class=\"elementor-widget-container\">\n\t\t\t\t\t\t\t\t\t<p>D\u00e9couvrez nos programmes d'\u00e9tudes actuels.<\/p>\t\t\t\t\t\t\t\t<\/div>\n\t\t\t\t<\/div>\n\t\t\t\t\t<\/div>\n\t\t<\/div>\n\t\t\t\t\t<\/div>\n\t\t<\/section>\n\t\t\t\t<section class=\"elementor-section elementor-top-section elementor-element elementor-element-151c2d28 elementor-section-boxed elementor-section-height-default elementor-section-height-default\" data-id=\"151c2d28\" data-element_type=\"section\" data-e-type=\"section\" data-settings=\"{&quot;jet_parallax_layout_list&quot;:[]}\">\n\t\t\t\t\t\t<div class=\"elementor-container elementor-column-gap-custom\">\n\t\t\t\t\t<div class=\"elementor-column elementor-col-25 elementor-top-column elementor-element elementor-element-489f1af5\" data-id=\"489f1af5\" data-element_type=\"column\" data-e-type=\"column\">\n\t\t\t<div class=\"elementor-widget-wrap elementor-element-populated\">\n\t\t\t\t\t\t<div class=\"elementor-element elementor-element-7122601d elementor-view-default elementor-widget elementor-widget-icon\" data-id=\"7122601d\" data-element_type=\"widget\" data-e-type=\"widget\" data-widget_type=\"icon.default\">\n\t\t\t\t<div class=\"elementor-widget-container\">\n\t\t\t\t\t\t\t<div class=\"elementor-icon-wrapper\">\n\t\t\t<div class=\"elementor-icon elementor-animation-grow\">\n\t\t\t<i aria-hidden=\"true\" class=\"fas fa-angle-down\"><\/i>\t\t\t<\/div>\n\t\t<\/div>\n\t\t\t\t\t\t<\/div>\n\t\t\t\t<\/div>\n\t\t\t\t<div class=\"elementor-element elementor-element-39878e94 elementor-widget elementor-widget-heading\" data-id=\"39878e94\" data-element_type=\"widget\" data-e-type=\"widget\" data-widget_type=\"heading.default\">\n\t\t\t\t<div class=\"elementor-widget-container\">\n\t\t\t\t\t<h4 class=\"elementor-heading-title elementor-size-default\"><a href=\"https:\/\/www.afmc.ca\/fr\/opioids\/undergraduate-medical-education\/\">Connaissances fondamentales<\/a><\/h4>\t\t\t\t<\/div>\n\t\t\t\t<\/div>\n\t\t\t\t<div class=\"elementor-element elementor-element-686d7de2 elementor-widget elementor-widget-text-editor\" data-id=\"686d7de2\" data-element_type=\"widget\" data-e-type=\"widget\" data-widget_type=\"text-editor.default\">\n\t\t\t\t<div class=\"elementor-widget-container\">\n\t\t\t\t\t\t\t\t\t<p>Le volet Connaissances fondamentales du programme d'\u00e9tudes est compos\u00e9 de 10 modules et d'un module d'introduction sur la crise des opio\u00efdes au Canada. Il vise \u00e0 combler les lacunes du programme d'\u00c9tudes m\u00e9dicales pr\u00e9doctorales actuel.<\/p>\t\t\t\t\t\t\t\t<\/div>\n\t\t\t\t<\/div>\n\t\t\t\t\t<\/div>\n\t\t<\/div>\n\t\t\t\t<div class=\"elementor-column elementor-col-25 elementor-top-column elementor-element elementor-element-74b56785\" data-id=\"74b56785\" data-element_type=\"column\" data-e-type=\"column\">\n\t\t\t<div class=\"elementor-widget-wrap elementor-element-populated\">\n\t\t\t\t\t\t<div class=\"elementor-element elementor-element-690ceeed elementor-view-default elementor-widget elementor-widget-icon\" data-id=\"690ceeed\" data-element_type=\"widget\" data-e-type=\"widget\" data-widget_type=\"icon.default\">\n\t\t\t\t<div class=\"elementor-widget-container\">\n\t\t\t\t\t\t\t<div class=\"elementor-icon-wrapper\">\n\t\t\t<div class=\"elementor-icon elementor-animation-grow\">\n\t\t\t<i aria-hidden=\"true\" class=\"fas fa-angle-down\"><\/i>\t\t\t<\/div>\n\t\t<\/div>\n\t\t\t\t\t\t<\/div>\n\t\t\t\t<\/div>\n\t\t\t\t<div class=\"elementor-element elementor-element-6dbeffa8 elementor-widget elementor-widget-heading\" data-id=\"6dbeffa8\" data-element_type=\"widget\" data-e-type=\"widget\" data-widget_type=\"heading.default\">\n\t\t\t\t<div class=\"elementor-widget-container\">\n\t\t\t\t\t<h4 class=\"elementor-heading-title elementor-size-default\"><a href=\"https:\/\/www.afmc.ca\/fr\/opioids\/postgraduate-medical-education\/\">Connaissances interm\u00e9diaires<\/a><\/h4>\t\t\t\t<\/div>\n\t\t\t\t<\/div>\n\t\t\t\t<div class=\"elementor-element elementor-element-17b90696 elementor-widget elementor-widget-text-editor\" data-id=\"17b90696\" data-element_type=\"widget\" data-e-type=\"widget\" data-widget_type=\"text-editor.default\">\n\t\t\t\t<div class=\"elementor-widget-container\">\n\t\t\t\t\t\t\t\t\t<p>Faisant fond sur les concepts et le contenu du volet Connaissances fondamentales du programme, le volet Connaissances interm\u00e9diaires se compose de 8 modules bilingues et interactifs ax\u00e9s sur les comp\u00e9tences afin de combler les lacunes actuelles en mati\u00e8re de formation.<\/p>\t\t\t\t\t\t\t\t<\/div>\n\t\t\t\t<\/div>\n\t\t\t\t\t<\/div>\n\t\t<\/div>\n\t\t\t\t<div class=\"elementor-column elementor-col-25 elementor-top-column elementor-element elementor-element-7bcacd07\" data-id=\"7bcacd07\" data-element_type=\"column\" data-e-type=\"column\">\n\t\t\t<div class=\"elementor-widget-wrap elementor-element-populated\">\n\t\t\t\t\t\t<div class=\"elementor-element elementor-element-6be8ed8e elementor-view-default elementor-widget elementor-widget-icon\" data-id=\"6be8ed8e\" data-element_type=\"widget\" data-e-type=\"widget\" data-widget_type=\"icon.default\">\n\t\t\t\t<div class=\"elementor-widget-container\">\n\t\t\t\t\t\t\t<div class=\"elementor-icon-wrapper\">\n\t\t\t<div class=\"elementor-icon elementor-animation-grow\">\n\t\t\t<i aria-hidden=\"true\" class=\"fas fa-angle-down\"><\/i>\t\t\t<\/div>\n\t\t<\/div>\n\t\t\t\t\t\t<\/div>\n\t\t\t\t<\/div>\n\t\t\t\t<div class=\"elementor-element elementor-element-74cb241 elementor-widget elementor-widget-heading\" data-id=\"74cb241\" data-element_type=\"widget\" data-e-type=\"widget\" data-widget_type=\"heading.default\">\n\t\t\t\t<div class=\"elementor-widget-container\">\n\t\t\t\t\t<h4 class=\"elementor-heading-title elementor-size-default\"><a href=\"https:\/\/www.afmc.ca\/fr\/opioids\/continuing-professional-development\/\">Connaissances avanc\u00e9es<\/a><\/h4>\t\t\t\t<\/div>\n\t\t\t\t<\/div>\n\t\t\t\t<div class=\"elementor-element elementor-element-6995e5b2 elementor-widget elementor-widget-text-editor\" data-id=\"6995e5b2\" data-element_type=\"widget\" data-e-type=\"widget\" data-widget_type=\"text-editor.default\">\n\t\t\t\t<div class=\"elementor-widget-container\">\n\t\t\t\t\t\t\t\t\t<p>Le volet Connaissances avanc\u00e9es du programme comprend 8 modules bilingues et interactifs ax\u00e9s sur les comp\u00e9tences pour aider les m\u00e9decins praticiens \u00e0 combler leurs lacunes en mati\u00e8re de connaissances li\u00e9es \u00e0 la crise des opio\u00efdes au Canada et aux options de traitement.<\/p>\t\t\t\t\t\t\t\t<\/div>\n\t\t\t\t<\/div>\n\t\t\t\t\t<\/div>\n\t\t<\/div>\n\t\t\t\t<div class=\"elementor-column elementor-col-25 elementor-top-column elementor-element elementor-element-4c5cd904\" data-id=\"4c5cd904\" data-element_type=\"column\" data-e-type=\"column\">\n\t\t\t<div class=\"elementor-widget-wrap elementor-element-populated\">\n\t\t\t\t\t\t<div class=\"elementor-element elementor-element-2771a156 elementor-view-default elementor-widget elementor-widget-icon\" data-id=\"2771a156\" data-element_type=\"widget\" data-e-type=\"widget\" data-widget_type=\"icon.default\">\n\t\t\t\t<div class=\"elementor-widget-container\">\n\t\t\t\t\t\t\t<div class=\"elementor-icon-wrapper\">\n\t\t\t<div class=\"elementor-icon elementor-animation-grow\">\n\t\t\t<i aria-hidden=\"true\" class=\"fas fa-angle-down\"><\/i>\t\t\t<\/div>\n\t\t<\/div>\n\t\t\t\t\t\t<\/div>\n\t\t\t\t<\/div>\n\t\t\t\t<div class=\"elementor-element elementor-element-71a96b94 elementor-widget elementor-widget-heading\" data-id=\"71a96b94\" data-element_type=\"widget\" data-e-type=\"widget\" data-widget_type=\"heading.default\">\n\t\t\t\t<div class=\"elementor-widget-container\">\n\t\t\t\t\t<h4 class=\"elementor-heading-title elementor-size-default\"><a href=\"https:\/\/www.afmc.ca\/fr\/opioids\/internationally-educated-physicians\/\">MFL<\/a><\/h4>\t\t\t\t<\/div>\n\t\t\t\t<\/div>\n\t\t\t\t<div class=\"elementor-element elementor-element-5feeced5 elementor-widget elementor-widget-text-editor\" data-id=\"5feeced5\" data-element_type=\"widget\" data-e-type=\"widget\" data-widget_type=\"text-editor.default\">\n\t\t\t\t<div class=\"elementor-widget-container\">\n\t\t\t\t\t\t\t\t\t<p>Le module sur les M\u00e9decins form\u00e9s \u00e0 l'\u00e9tranger est con\u00e7u pour les dipl\u00f4m\u00e9s des facult\u00e9s de m\u00e9decine situ\u00e9es de l\u2019ext\u00e9rieur du Canada et se concentre sur les modules du volet Connaissances fondamentales du programme d'\u00e9tudes. Il regroupe les modules du programme d'\u00e9tudes sur les connaissances fondamentales pour les m\u00e9decins r\u00e9sidents ou en exercice dont l\u2019horaire est tr\u00e8s charg\u00e9.<\/p>\t\t\t\t\t\t\t\t<\/div>\n\t\t\t\t<\/div>\n\t\t\t\t\t<\/div>\n\t\t<\/div>\n\t\t\t\t\t<\/div>\n\t\t<\/section>\n\t\t\t\t<section class=\"elementor-section elementor-top-section elementor-element elementor-element-46489f80 elementor-section-boxed elementor-section-height-default elementor-section-height-default\" data-id=\"46489f80\" data-element_type=\"section\" data-e-type=\"section\" data-settings=\"{&quot;jet_parallax_layout_list&quot;:[]}\">\n\t\t\t\t\t\t<div class=\"elementor-container elementor-column-gap-default\">\n\t\t\t\t\t<div class=\"elementor-column elementor-col-100 elementor-top-column elementor-element elementor-element-588c029c\" data-id=\"588c029c\" data-element_type=\"column\" data-e-type=\"column\">\n\t\t\t<div class=\"elementor-widget-wrap elementor-element-populated\">\n\t\t\t\t\t\t<div class=\"elementor-element elementor-element-49bd161c elementor-view-stacked elementor-shape-square elementor-fixed elementor-widget elementor-widget-icon\" data-id=\"49bd161c\" data-element_type=\"widget\" data-e-type=\"widget\" data-settings=\"{&quot;_position&quot;:&quot;fixed&quot;}\" data-widget_type=\"icon.default\">\n\t\t\t\t<div class=\"elementor-widget-container\">\n\t\t\t\t\t\t\t<div class=\"elementor-icon-wrapper\">\n\t\t\t<a class=\"elementor-icon elementor-animation-grow\" href=\"#banner\">\n\t\t\t<i aria-hidden=\"true\" class=\"fas fa-angle-up\"><\/i>\t\t\t<\/a>\n\t\t<\/div>\n\t\t\t\t\t\t<\/div>\n\t\t\t\t<\/div>\n\t\t\t\t\t<\/div>\n\t\t<\/div>\n\t\t\t\t\t<\/div>\n\t\t<\/section>\n\t\t\t\t<\/div>","protected":false},"excerpt":{"rendered":"<p>Home Learning Modules Find out about our current curricula. Foundational Practice The Foundational Practice curriculum is comprised of 10 modules and an introduction module about the Canadian opioid crisis and addresses gaps in the current undergraduate medical education curriculum. Intermediate Practice Building on the concepts and content of the Foundational Practice curriculum, the Intermediate Practice [&hellip;]<\/p>\n","protected":false},"author":4,"featured_media":0,"parent":7113,"menu_order":0,"comment_status":"closed","ping_status":"closed","template":"","meta":{"footnotes":""},"class_list":["post-7328","page","type-page","status-publish","hentry"],"yoast_head":"<!-- This site is optimized with the Yoast SEO plugin v27.3 - https:\/\/yoast.com\/product\/yoast-seo-wordpress\/ -->\n<title>Access Curriculum - AFMC<\/title>\n<meta name=\"robots\" content=\"index, follow, max-snippet:-1, max-image-preview:large, max-video-preview:-1\" \/>\n<link rel=\"canonical\" href=\"https:\/\/www.afmc.ca\/fr\/opioids\/access-curriculum\/\" \/>\n<meta property=\"og:locale\" content=\"fr_CA\" \/>\n<meta property=\"og:type\" content=\"article\" \/>\n<meta property=\"og:title\" content=\"Access Curriculum - AFMC\" \/>\n<meta property=\"og:description\" content=\"Home Learning Modules Find out about our current curricula. Foundational Practice The Foundational Practice curriculum is comprised of 10 modules and an introduction module about the Canadian opioid crisis and addresses gaps in the current undergraduate medical education curriculum. Intermediate Practice Building on the concepts and content of the Foundational Practice curriculum, the Intermediate Practice [&hellip;]\" \/>\n<meta property=\"og:url\" content=\"https:\/\/www.afmc.ca\/fr\/opioids\/access-curriculum\/\" \/>\n<meta property=\"og:site_name\" content=\"AFMC\" \/>\n<meta property=\"article:modified_time\" content=\"2023-11-01T13:32:27+00:00\" \/>\n<meta name=\"twitter:card\" content=\"summary_large_image\" \/>\n<meta name=\"twitter:site\" content=\"@AFMC_e\" \/>\n<meta name=\"twitter:label1\" content=\"Estimation du temps de lecture\" \/>\n\t<meta name=\"twitter:data1\" content=\"1 minute\" \/>\n<script type=\"application\/ld+json\" class=\"yoast-schema-graph\">{\"@context\":\"https:\\\/\\\/schema.org\",\"@graph\":[{\"@type\":\"WebPage\",\"@id\":\"https:\\\/\\\/www.afmc.ca\\\/opioids\\\/access-curriculum\\\/\",\"url\":\"https:\\\/\\\/www.afmc.ca\\\/opioids\\\/access-curriculum\\\/\",\"name\":\"Access Curriculum - AFMC\",\"isPartOf\":{\"@id\":\"https:\\\/\\\/www.afmc.ca\\\/#website\"},\"datePublished\":\"2023-10-12T14:30:06+00:00\",\"dateModified\":\"2023-11-01T13:32:27+00:00\",\"breadcrumb\":{\"@id\":\"https:\\\/\\\/www.afmc.ca\\\/opioids\\\/access-curriculum\\\/#breadcrumb\"},\"inLanguage\":\"fr-CA\",\"potentialAction\":[{\"@type\":\"ReadAction\",\"target\":[\"https:\\\/\\\/www.afmc.ca\\\/opioids\\\/access-curriculum\\\/\"]}]},{\"@type\":\"BreadcrumbList\",\"@id\":\"https:\\\/\\\/www.afmc.ca\\\/opioids\\\/access-curriculum\\\/#breadcrumb\",\"itemListElement\":[{\"@type\":\"ListItem\",\"position\":1,\"name\":\"Home\",\"item\":\"https:\\\/\\\/www.afmc.ca\\\/\"},{\"@type\":\"ListItem\",\"position\":2,\"name\":\"Opioids\",\"item\":\"https:\\\/\\\/www.afmc.ca\\\/opioids\\\/\"},{\"@type\":\"ListItem\",\"position\":3,\"name\":\"Access Curriculum\"}]},{\"@type\":\"WebSite\",\"@id\":\"https:\\\/\\\/www.afmc.ca\\\/#website\",\"url\":\"https:\\\/\\\/www.afmc.ca\\\/\",\"name\":\"AFMC\",\"description\":\"The academic partner for Canada\u2019s faculties of medicine.\",\"publisher\":{\"@id\":\"https:\\\/\\\/www.afmc.ca\\\/#organization\"},\"potentialAction\":[{\"@type\":\"SearchAction\",\"target\":{\"@type\":\"EntryPoint\",\"urlTemplate\":\"https:\\\/\\\/www.afmc.ca\\\/?s={search_term_string}\"},\"query-input\":{\"@type\":\"PropertyValueSpecification\",\"valueRequired\":true,\"valueName\":\"search_term_string\"}}],\"inLanguage\":\"fr-CA\"},{\"@type\":\"Organization\",\"@id\":\"https:\\\/\\\/www.afmc.ca\\\/#organization\",\"name\":\"The Association of Faculties of Medicine of Canada\",\"url\":\"https:\\\/\\\/www.afmc.ca\\\/\",\"logo\":{\"@type\":\"ImageObject\",\"inLanguage\":\"fr-CA\",\"@id\":\"https:\\\/\\\/www.afmc.ca\\\/#\\\/schema\\\/logo\\\/image\\\/\",\"url\":\"https:\\\/\\\/www.afmc.ca\\\/wp-content\\\/uploads\\\/2022\\\/09\\\/AFMC-Flywheel.jpg\",\"contentUrl\":\"https:\\\/\\\/www.afmc.ca\\\/wp-content\\\/uploads\\\/2022\\\/09\\\/AFMC-Flywheel.jpg\",\"width\":904,\"height\":536,\"caption\":\"The Association of Faculties of Medicine of Canada\"},\"image\":{\"@id\":\"https:\\\/\\\/www.afmc.ca\\\/#\\\/schema\\\/logo\\\/image\\\/\"},\"sameAs\":[\"https:\\\/\\\/x.com\\\/AFMC_e\",\"https:\\\/\\\/www.instagram.com\\\/afmc.ca\\\/\",\"https:\\\/\\\/www.linkedin.com\\\/company\\\/the-association-of-faculties-of-medicine-of-canada\\\/?originalSubdomain=ca\",\"https:\\\/\\\/www.youtube.com\\\/channel\\\/UC02Np2Hp_mw-Tr5gR_y24pg?view_as=subscriber\",\"https:\\\/\\\/twitter.com\\\/AFMC_f\"]}]}<\/script>\n<!-- \/ Yoast SEO plugin. -->","yoast_head_json":{"title":"Access Curriculum - AFMC","robots":{"index":"index","follow":"follow","max-snippet":"max-snippet:-1","max-image-preview":"max-image-preview:large","max-video-preview":"max-video-preview:-1"},"canonical":"https:\/\/www.afmc.ca\/fr\/opioids\/access-curriculum\/","og_locale":"fr_CA","og_type":"article","og_title":"Access Curriculum - AFMC","og_description":"Home Learning Modules Find out about our current curricula. Foundational Practice The Foundational Practice curriculum is comprised of 10 modules and an introduction module about the Canadian opioid crisis and addresses gaps in the current undergraduate medical education curriculum. Intermediate Practice Building on the concepts and content of the Foundational Practice curriculum, the Intermediate Practice [&hellip;]","og_url":"https:\/\/www.afmc.ca\/fr\/opioids\/access-curriculum\/","og_site_name":"AFMC","article_modified_time":"2023-11-01T13:32:27+00:00","twitter_card":"summary_large_image","twitter_site":"@AFMC_e","twitter_misc":{"Estimation du temps de lecture":"1 minute"},"schema":{"@context":"https:\/\/schema.org","@graph":[{"@type":"WebPage","@id":"https:\/\/www.afmc.ca\/opioids\/access-curriculum\/","url":"https:\/\/www.afmc.ca\/opioids\/access-curriculum\/","name":"Access Curriculum - AFMC","isPartOf":{"@id":"https:\/\/www.afmc.ca\/#website"},"datePublished":"2023-10-12T14:30:06+00:00","dateModified":"2023-11-01T13:32:27+00:00","breadcrumb":{"@id":"https:\/\/www.afmc.ca\/opioids\/access-curriculum\/#breadcrumb"},"inLanguage":"fr-CA","potentialAction":[{"@type":"ReadAction","target":["https:\/\/www.afmc.ca\/opioids\/access-curriculum\/"]}]},{"@type":"BreadcrumbList","@id":"https:\/\/www.afmc.ca\/opioids\/access-curriculum\/#breadcrumb","itemListElement":[{"@type":"ListItem","position":1,"name":"Home","item":"https:\/\/www.afmc.ca\/"},{"@type":"ListItem","position":2,"name":"Opioids","item":"https:\/\/www.afmc.ca\/opioids\/"},{"@type":"ListItem","position":3,"name":"Access Curriculum"}]},{"@type":"WebSite","@id":"https:\/\/www.afmc.ca\/#website","url":"https:\/\/www.afmc.ca\/","name":"l\u2019AFMC","description":"The academic partner for Canada\u2019s faculties of medicine.","publisher":{"@id":"https:\/\/www.afmc.ca\/#organization"},"potentialAction":[{"@type":"SearchAction","target":{"@type":"EntryPoint","urlTemplate":"https:\/\/www.afmc.ca\/?s={search_term_string}"},"query-input":{"@type":"PropertyValueSpecification","valueRequired":true,"valueName":"search_term_string"}}],"inLanguage":"fr-CA"},{"@type":"Organization","@id":"https:\/\/www.afmc.ca\/#organization","name":"Association des facult\u00e9s de m\u00e9decine du Canada","url":"https:\/\/www.afmc.ca\/","logo":{"@type":"ImageObject","inLanguage":"fr-CA","@id":"https:\/\/www.afmc.ca\/#\/schema\/logo\/image\/","url":"https:\/\/www.afmc.ca\/wp-content\/uploads\/2022\/09\/AFMC-Flywheel.jpg","contentUrl":"https:\/\/www.afmc.ca\/wp-content\/uploads\/2022\/09\/AFMC-Flywheel.jpg","width":904,"height":536,"caption":"The Association of Faculties of Medicine of Canada"},"image":{"@id":"https:\/\/www.afmc.ca\/#\/schema\/logo\/image\/"},"sameAs":["https:\/\/x.com\/AFMC_e","https:\/\/www.instagram.com\/afmc.ca\/","https:\/\/www.linkedin.com\/company\/the-association-of-faculties-of-medicine-of-canada\/?originalSubdomain=ca","https:\/\/www.youtube.com\/channel\/UC02Np2Hp_mw-Tr5gR_y24pg?view_as=subscriber","https:\/\/twitter.com\/AFMC_f"]}]}},"_links":{"self":[{"href":"https:\/\/www.afmc.ca\/fr\/wp-json\/wp\/v2\/pages\/7328","targetHints":{"allow":["GET"]}}],"collection":[{"href":"https:\/\/www.afmc.ca\/fr\/wp-json\/wp\/v2\/pages"}],"about":[{"href":"https:\/\/www.afmc.ca\/fr\/wp-json\/wp\/v2\/types\/page"}],"author":[{"embeddable":true,"href":"https:\/\/www.afmc.ca\/fr\/wp-json\/wp\/v2\/users\/4"}],"replies":[{"embeddable":true,"href":"https:\/\/www.afmc.ca\/fr\/wp-json\/wp\/v2\/comments?post=7328"}],"version-history":[{"count":13,"href":"https:\/\/www.afmc.ca\/fr\/wp-json\/wp\/v2\/pages\/7328\/revisions"}],"predecessor-version":[{"id":8851,"href":"https:\/\/www.afmc.ca\/fr\/wp-json\/wp\/v2\/pages\/7328\/revisions\/8851"}],"up":[{"embeddable":true,"href":"https:\/\/www.afmc.ca\/fr\/wp-json\/wp\/v2\/pages\/7113"}],"wp:attachment":[{"href":"https:\/\/www.afmc.ca\/fr\/wp-json\/wp\/v2\/media?parent=7328"}],"curies":[{"name":"wp","href":"https:\/\/api.w.org\/{rel}","templated":true}]}}