{"id":7426,"date":"2023-10-12T12:41:33","date_gmt":"2023-10-12T16:41:33","guid":{"rendered":"https:\/\/www.afmc.ca\/?page_id=7426"},"modified":"2026-04-01T09:18:33","modified_gmt":"2026-04-01T13:18:33","slug":"continuing-professional-development","status":"publish","type":"page","link":"https:\/\/www.afmc.ca\/fr\/opioids\/continuing-professional-development\/","title":{"rendered":"D\u00e9veloppement professionnel continue"},"content":{"rendered":"<div data-elementor-type=\"wp-page\" data-elementor-id=\"7426\" class=\"elementor elementor-7426\" data-elementor-post-type=\"page\">\n\t\t\t\t\t\t<section class=\"elementor-section elementor-top-section elementor-element elementor-element-76f080d0 elementor-section-boxed elementor-section-height-default elementor-section-height-default\" data-id=\"76f080d0\" data-element_type=\"section\" data-e-type=\"section\" id=\"banner\" data-settings=\"{&quot;jet_parallax_layout_list&quot;:[],&quot;background_background&quot;:&quot;classic&quot;}\">\n\t\t\t\t\t\t<div class=\"elementor-container elementor-column-gap-default\">\n\t\t\t\t\t<div class=\"elementor-column elementor-col-100 elementor-top-column elementor-element elementor-element-5046dae6\" data-id=\"5046dae6\" data-element_type=\"column\" data-e-type=\"column\">\n\t\t\t<div class=\"elementor-widget-wrap elementor-element-populated\">\n\t\t\t\t\t\t<div class=\"elementor-element elementor-element-1974437d jet-breadcrumbs-page-title-yes jet-breadcrumbs-align-center elementor-widget elementor-widget-jet-breadcrumbs\" data-id=\"1974437d\" data-element_type=\"widget\" data-e-type=\"widget\" data-widget_type=\"jet-breadcrumbs.default\">\n\t\t\t\t<div class=\"elementor-widget-container\">\n\t\t\t\t\t<div class=\"elementor-jet-breadcrumbs jet-blocks\">\n\t\t<div class=\"jet-breadcrumbs\">\n\t\t<div class=\"jet-breadcrumbs__content\">\n\t\t<div class=\"jet-breadcrumbs__wrap\"><div class=\"jet-breadcrumbs__item\"><a href=\"https:\/\/www.afmc.ca\/fr\/\" class=\"jet-breadcrumbs__item-link is-home\" rel=\"home\" title=\"Page d&#039;accueil\">Page d'accueil<\/a><\/div>\n\t\t<\/div>\n\t\t<\/div>\n\t\t<\/div><\/div>\t\t\t\t<\/div>\n\t\t\t\t<\/div>\n\t\t\t\t\t<\/div>\n\t\t<\/div>\n\t\t\t\t\t<\/div>\n\t\t<\/section>\n\t\t\t\t<section class=\"elementor-section elementor-top-section elementor-element elementor-element-32658a9 elementor-section-boxed elementor-section-height-default elementor-section-height-default\" data-id=\"32658a9\" data-element_type=\"section\" data-e-type=\"section\" data-settings=\"{&quot;jet_parallax_layout_list&quot;:[]}\">\n\t\t\t\t\t\t<div class=\"elementor-container elementor-column-gap-default\">\n\t\t\t\t\t<div class=\"elementor-column elementor-col-50 elementor-top-column elementor-element elementor-element-099e5fe\" data-id=\"099e5fe\" data-element_type=\"column\" data-e-type=\"column\">\n\t\t\t<div class=\"elementor-widget-wrap elementor-element-populated\">\n\t\t\t\t\t\t<div class=\"elementor-element elementor-element-17c8c94 elementor-widget elementor-widget-video\" data-id=\"17c8c94\" data-element_type=\"widget\" data-e-type=\"widget\" data-settings=\"{&quot;youtube_url&quot;:&quot;https:\\\/\\\/www.youtube.com\\\/watch?v=R32oI-K3QW8&quot;,&quot;video_type&quot;:&quot;youtube&quot;,&quot;controls&quot;:&quot;yes&quot;}\" data-no-translation=\"\" data-widget_type=\"video.default\">\n\t\t\t\t<div class=\"elementor-widget-container\">\n\t\t\t\t\t<style>.elementor-element-17c8c94{display:none !important}<\/style>\t\t\t\t<\/div>\n\t\t\t\t<\/div>\n\t\t\t\t<div class=\"elementor-element elementor-element-4342f14 elementor-widget elementor-widget-video\" data-id=\"4342f14\" data-element_type=\"widget\" data-e-type=\"widget\" data-settings=\"{&quot;youtube_url&quot;:&quot;https:\\\/\\\/www.youtube.com\\\/watch?v=KfZmAMuhOMY&quot;,&quot;video_type&quot;:&quot;youtube&quot;,&quot;controls&quot;:&quot;yes&quot;}\" data-no-translation=\"\" data-widget_type=\"video.default\">\n\t\t\t\t<div class=\"elementor-widget-container\">\n\t\t\t\t\t\t\t<div class=\"elementor-wrapper elementor-open-inline\">\n\t\t\t<div class=\"elementor-video\"><\/div>\t\t<\/div>\n\t\t\t\t\t\t<\/div>\n\t\t\t\t<\/div>\n\t\t\t\t\t<\/div>\n\t\t<\/div>\n\t\t\t\t<div class=\"elementor-column elementor-col-50 elementor-top-column elementor-element elementor-element-9b16366\" data-id=\"9b16366\" data-element_type=\"column\" data-e-type=\"column\">\n\t\t\t<div class=\"elementor-widget-wrap elementor-element-populated\">\n\t\t\t\t\t\t<div class=\"elementor-element elementor-element-d0738a9 elementor-widget elementor-widget-text-editor\" data-id=\"d0738a9\" data-element_type=\"widget\" data-e-type=\"widget\" data-widget_type=\"text-editor.default\">\n\t\t\t\t<div class=\"elementor-widget-container\">\n\t\t\t\t\t\t\t\t\t<p>L'AFMC r\u00e9agit \u00e0 l\u2019augmentation des surdoses et des d\u00e9c\u00e8s li\u00e9s aux opio\u00efdes au Canada en dirigeant la cr\u00e9ation d'un programme d'\u00e9tudes pancanadien ax\u00e9 sur les comp\u00e9tences pour les m\u00e9decins de demain et ceux d\u00e9j\u00e0 en exercice en ce qui a trait \u00e0 la prise en charge de la douleur et l\u2019usage de substances. Gr\u00e2ce au soutien de Sant\u00e9 Canada par l'entremise de son Programme sur l\u2019usage et les d\u00e9pendances aux substances, l'AFMC a re\u00e7u des fonds pour \u00e9laborer un programme d'\u00e9tudes m\u00e9dicales pr\u00e9doctorales (EMPr), d\u2019\u00e9tudes m\u00e9dicales postdoctorales (EMPo) et de D\u00e9veloppement professionnel continu (DPC) compos\u00e9 de modules bilingues en ligne qui combleront les lacunes des offres \u00e9ducatives actuelles.<\/p>\t\t\t\t\t\t\t\t<\/div>\n\t\t\t\t<\/div>\n\t\t\t\t\t<\/div>\n\t\t<\/div>\n\t\t\t\t\t<\/div>\n\t\t<\/section>\n\t\t\t\t<section class=\"elementor-section elementor-top-section elementor-element elementor-element-14491ee elementor-section-boxed elementor-section-height-default elementor-section-height-default\" data-id=\"14491ee\" data-element_type=\"section\" data-e-type=\"section\" data-settings=\"{&quot;jet_parallax_layout_list&quot;:[]}\">\n\t\t\t\t\t\t<div class=\"elementor-container elementor-column-gap-default\">\n\t\t\t\t\t<div class=\"elementor-column elementor-col-100 elementor-top-column elementor-element elementor-element-b59fee0\" data-id=\"b59fee0\" data-element_type=\"column\" data-e-type=\"column\">\n\t\t\t<div class=\"elementor-widget-wrap\">\n\t\t\t\t\t\t\t<\/div>\n\t\t<\/div>\n\t\t\t\t\t<\/div>\n\t\t<\/section>\n\t\t\t\t<section class=\"elementor-section elementor-top-section elementor-element elementor-element-8113a0b elementor-section-boxed elementor-section-height-default elementor-section-height-default\" data-id=\"8113a0b\" data-element_type=\"section\" data-e-type=\"section\" data-settings=\"{&quot;jet_parallax_layout_list&quot;:[]}\">\n\t\t\t\t\t\t<div class=\"elementor-container elementor-column-gap-default\">\n\t\t\t\t\t<div class=\"elementor-column elementor-col-100 elementor-top-column elementor-element elementor-element-173b3e8\" data-id=\"173b3e8\" data-element_type=\"column\" data-e-type=\"column\">\n\t\t\t<div class=\"elementor-widget-wrap elementor-element-populated\">\n\t\t\t\t\t\t<div class=\"elementor-element elementor-element-88b87b1 elementor-widget elementor-widget-accordion\" data-id=\"88b87b1\" data-element_type=\"widget\" data-e-type=\"widget\" data-widget_type=\"accordion.default\">\n\t\t\t\t<div class=\"elementor-widget-container\">\n\t\t\t\t\t\t\t<div class=\"elementor-accordion\">\n\t\t\t\t\t\t\t<div class=\"elementor-accordion-item\">\n\t\t\t\t\t<div id=\"elementor-tab-title-1431\" class=\"elementor-tab-title\" data-tab=\"1\" role=\"button\" aria-controls=\"elementor-tab-content-1431\" aria-expanded=\"false\">\n\t\t\t\t\t\t\t\t\t\t\t\t\t<span class=\"elementor-accordion-icon elementor-accordion-icon-left\" aria-hidden=\"true\">\n\t\t\t\t\t\t\t\t\t\t\t\t\t\t\t<span class=\"elementor-accordion-icon-closed\"><i class=\"fas fa-plus\"><\/i><\/span>\n\t\t\t\t\t\t\t\t<span class=\"elementor-accordion-icon-opened\"><i class=\"fas fa-minus\"><\/i><\/span>\n\t\t\t\t\t\t\t\t\t\t\t\t\t\t<\/span>\n\t\t\t\t\t\t\t\t\t\t\t\t<a class=\"elementor-accordion-title\" tabindex=\"0\">Th\u00e8mes<\/a>\n\t\t\t\t\t<\/div>\n\t\t\t\t\t<div id=\"elementor-tab-content-1431\" class=\"elementor-tab-content elementor-clearfix\" data-tab=\"1\" role=\"region\" aria-labelledby=\"elementor-tab-title-1431\"><p><strong>Th\u00e8me 1<\/strong>: Traitement par agonistes opio\u00efdes injectables<br \/><strong>Th\u00e8me 2<\/strong>: responsabilit\u00e9 des m\u00e9decins<br \/><strong>Th\u00e8me 3<\/strong>: douleur chronique et usage d\u2019opio\u00efdes chez les personnes g\u00e9es<br \/><strong>Th\u00e8me 4<\/strong>: sant\u00e9 des femmes<br \/><strong>Th\u00e8me 5<\/strong>: p\u00e9diatrie : continuum de soins de la naissance \u00e0 l\u2019adolescence<br \/><strong>Th\u00e8me 6<\/strong>: m\u00e9decine d'urgence<br \/><strong>Th\u00e8me 7<\/strong>: psychiatrie<br \/><strong>Th\u00e8me 8<\/strong>: m\u00e9decine hospitali\u00e8re<\/p><\/div>\n\t\t\t\t<\/div>\n\t\t\t\t\t\t\t<div class=\"elementor-accordion-item\">\n\t\t\t\t\t<div id=\"elementor-tab-title-1432\" class=\"elementor-tab-title\" data-tab=\"2\" role=\"button\" aria-controls=\"elementor-tab-content-1432\" aria-expanded=\"false\">\n\t\t\t\t\t\t\t\t\t\t\t\t\t<span class=\"elementor-accordion-icon elementor-accordion-icon-left\" aria-hidden=\"true\">\n\t\t\t\t\t\t\t\t\t\t\t\t\t\t\t<span class=\"elementor-accordion-icon-closed\"><i class=\"fas fa-plus\"><\/i><\/span>\n\t\t\t\t\t\t\t\t<span class=\"elementor-accordion-icon-opened\"><i class=\"fas fa-minus\"><\/i><\/span>\n\t\t\t\t\t\t\t\t\t\t\t\t\t\t<\/span>\n\t\t\t\t\t\t\t\t\t\t\t\t<a class=\"elementor-accordion-title\" tabindex=\"0\">Outil d\u2019auto-\u00e9valuation<\/a>\n\t\t\t\t\t<\/div>\n\t\t\t\t\t<div id=\"elementor-tab-content-1432\" class=\"elementor-tab-content elementor-clearfix\" data-tab=\"2\" role=\"region\" aria-labelledby=\"elementor-tab-title-1432\"><p class=\"p1\">L'outil d'auto-\u00e9valuation a \u00e9t\u00e9 cr\u00e9\u00e9 \u00e0 l'intention des m\u00e9decins pour leur permettre d'identifier quels modules ils devraient suivre ou ont besoin de suivre.<\/p><p class=\"p2\"><strong>Qu'est-ce que l'outil d'auto-\u00e9valuation?<\/strong><\/p><p class=\"p2\"><strong>\u00a0<\/strong><\/p><ul><li><span class=\"s1\">En ligne et gratuit<\/span><\/li><li><span class=\"s1\">Des questions d'\u00e9valuation \u00e0 choix multiples, gratuites et en ligne, relatives \u00e0 chaque module.<\/span><\/li><li><span class=\"s1\">Vous indique si vous avez bien ou mal r\u00e9pondu \u00e0 la question et POURQUOI.<\/span><\/li><li><span class=\"s1\">Suit et compile les r\u00e9sultats obtenus afin de recommander les modules du projet de R\u00e9ponse \u00e0 la crise des opio\u00efdes les plus pertinents pour vous.<\/span><\/li><li><span class=\"s1\">Envoi par courriel de la liste des modules recommand\u00e9s.<\/span><\/li><li><span class=\"s1\">Possibilit\u00e9 d\u2019obtenir des cr\u00e9dits MAINPRO+ et des cr\u00e9dits du Coll\u00e8ge royal<\/span><\/li><li><span class=\"s1\">Il faut compter entre 45 minutes et 1 heure pour compl\u00e9ter le questionnaire.<\/span><\/li><li><span class=\"s1\">\u00a0<\/span><\/li><\/ul><p class=\"p2\"><strong><span class=\"s1\">Acc\u00e9der Outil d'auto-\u00e9valuation, veuillez cliquer ici :\u00a0<a href=\"https:\/\/queensu.qualtrics.com\/jfe\/form\/SV_9ENbS6RNWxHOwjc\" target=\"_blank\" rel=\"noopener\"><span class=\"s2\">https:\/\/queensu.qualtrics.com\/jfe\/form\/SV_9ENbS6RNWxHOwjc<\/span><\/a><\/span><\/strong><\/p><p class=\"p2\"><strong>\u00a0<\/strong><\/p><p class=\"p2\"><strong>\u00a0<\/strong><\/p><p><iframe style=\"width: 560px;\" title=\"YouTube video player\" src=\"https:\/\/www.youtube.com\/embed\/WO2KEJWWenc?si=yDk66b0FwUnFsWwa\" width=\"560\" height=\"315\" frameborder=\"0\" allowfullscreen=\"allowfullscreen\"><\/iframe><\/p><\/div>\n\t\t\t\t<\/div>\n\t\t\t\t\t\t\t\t<\/div>\n\t\t\t\t\t\t<\/div>\n\t\t\t\t<\/div>\n\t\t\t\t\t<\/div>\n\t\t<\/div>\n\t\t\t\t\t<\/div>\n\t\t<\/section>\n\t\t\t\t<section class=\"elementor-section elementor-top-section elementor-element elementor-element-c7de3d6 elementor-section-boxed elementor-section-height-default elementor-section-height-default\" data-id=\"c7de3d6\" data-element_type=\"section\" data-e-type=\"section\" data-settings=\"{&quot;jet_parallax_layout_list&quot;:[],&quot;background_background&quot;:&quot;classic&quot;}\">\n\t\t\t\t\t\t<div class=\"elementor-container elementor-column-gap-default\">\n\t\t\t\t\t<div class=\"elementor-column elementor-col-100 elementor-top-column elementor-element elementor-element-5d7c4c0\" data-id=\"5d7c4c0\" data-element_type=\"column\" data-e-type=\"column\">\n\t\t\t<div class=\"elementor-widget-wrap elementor-element-populated\">\n\t\t\t\t\t\t<div class=\"elementor-element elementor-element-bac8f35 elementor-widget elementor-widget-text-editor\" data-id=\"bac8f35\" data-element_type=\"widget\" data-e-type=\"widget\" data-widget_type=\"text-editor.default\">\n\t\t\t\t<div class=\"elementor-widget-container\">\n\t\t\t\t\t\t\t\t\t<p>Veuillez noter que les modules du programme sur les opio\u00efdes de l\u2019AFMC sont actuellement en maintenance et ne sont pas disponibles pour le moment. Ils seront accessibles ici au d\u00e9but du mois de mai 2026.<\/p>\t\t\t\t\t\t\t\t<\/div>\n\t\t\t\t<\/div>\n\t\t\t\t\t<\/div>\n\t\t<\/div>\n\t\t\t\t\t<\/div>\n\t\t<\/section>\n\t\t\t\t<section class=\"elementor-section elementor-top-section elementor-element elementor-element-1678c6a0 elementor-section-boxed elementor-section-height-default elementor-section-height-default\" data-id=\"1678c6a0\" data-element_type=\"section\" data-e-type=\"section\" data-settings=\"{&quot;jet_parallax_layout_list&quot;:[]}\">\n\t\t\t\t\t\t<div class=\"elementor-container elementor-column-gap-default\">\n\t\t\t\t\t<div class=\"elementor-column elementor-col-100 elementor-top-column elementor-element elementor-element-7472a5f1\" data-id=\"7472a5f1\" data-element_type=\"column\" data-e-type=\"column\">\n\t\t\t<div class=\"elementor-widget-wrap elementor-element-populated\">\n\t\t\t\t\t\t<div class=\"elementor-element elementor-element-3735c93c elementor-view-stacked elementor-shape-square elementor-fixed elementor-widget elementor-widget-icon\" data-id=\"3735c93c\" data-element_type=\"widget\" data-e-type=\"widget\" data-settings=\"{&quot;_position&quot;:&quot;fixed&quot;}\" data-widget_type=\"icon.default\">\n\t\t\t\t<div class=\"elementor-widget-container\">\n\t\t\t\t\t\t\t<div class=\"elementor-icon-wrapper\">\n\t\t\t<a class=\"elementor-icon elementor-animation-grow\" href=\"#banner\">\n\t\t\t<i aria-hidden=\"true\" class=\"fas fa-angle-up\"><\/i>\t\t\t<\/a>\n\t\t<\/div>\n\t\t\t\t\t\t<\/div>\n\t\t\t\t<\/div>\n\t\t\t\t\t<\/div>\n\t\t<\/div>\n\t\t\t\t\t<\/div>\n\t\t<\/section>\n\t\t\t\t<\/div>","protected":false},"excerpt":{"rendered":"<p>Home https:\/\/www.youtube.com\/watch?v=R32oI-K3QW8https:\/\/www.youtube.com\/watch?v=KfZmAMuhOMY AFMC is responding to the surge of overdoses and opioid-related deaths in Canada by leading the creation of a Canada-wide, competency-based curricula for current and future physicians in pain management and addiction medicine. With support from Health Canada through its Substance Use and Addiction Program, AFMC received funding to develop an Undergraduate Medical [&hellip;]<\/p>\n","protected":false},"author":4,"featured_media":0,"parent":7113,"menu_order":0,"comment_status":"closed","ping_status":"closed","template":"","meta":{"footnotes":""},"class_list":["post-7426","page","type-page","status-publish","hentry"],"yoast_head":"<!-- This site is optimized with the Yoast SEO plugin v27.3 - https:\/\/yoast.com\/product\/yoast-seo-wordpress\/ -->\n<title>Continuing Professional Development - AFMC<\/title>\n<meta name=\"robots\" content=\"index, follow, max-snippet:-1, max-image-preview:large, max-video-preview:-1\" \/>\n<link rel=\"canonical\" href=\"https:\/\/www.afmc.ca\/fr\/opioids\/continuing-professional-development\/\" \/>\n<meta property=\"og:locale\" content=\"fr_CA\" \/>\n<meta property=\"og:type\" content=\"article\" \/>\n<meta property=\"og:title\" content=\"Continuing Professional Development - AFMC\" \/>\n<meta property=\"og:description\" content=\"Home https:\/\/www.youtube.com\/watch?v=R32oI-K3QW8https:\/\/www.youtube.com\/watch?v=KfZmAMuhOMY AFMC is responding to the surge of overdoses and opioid-related deaths in Canada by leading the creation of a Canada-wide, competency-based curricula for current and future physicians in pain management and addiction medicine. With support from Health Canada through its Substance Use and Addiction Program, AFMC received funding to develop an Undergraduate Medical [&hellip;]\" \/>\n<meta property=\"og:url\" content=\"https:\/\/www.afmc.ca\/fr\/opioids\/continuing-professional-development\/\" \/>\n<meta property=\"og:site_name\" content=\"AFMC\" \/>\n<meta property=\"article:modified_time\" content=\"2026-04-01T13:18:33+00:00\" \/>\n<meta name=\"twitter:card\" content=\"summary_large_image\" \/>\n<meta name=\"twitter:site\" content=\"@AFMC_e\" \/>\n<meta name=\"twitter:label1\" content=\"Estimation du temps de lecture\" \/>\n\t<meta name=\"twitter:data1\" content=\"2 minutes\" \/>\n<script type=\"application\/ld+json\" class=\"yoast-schema-graph\">{\"@context\":\"https:\\\/\\\/schema.org\",\"@graph\":[{\"@type\":\"WebPage\",\"@id\":\"https:\\\/\\\/www.afmc.ca\\\/opioids\\\/continuing-professional-development\\\/\",\"url\":\"https:\\\/\\\/www.afmc.ca\\\/opioids\\\/continuing-professional-development\\\/\",\"name\":\"Continuing Professional Development - AFMC\",\"isPartOf\":{\"@id\":\"https:\\\/\\\/www.afmc.ca\\\/#website\"},\"datePublished\":\"2023-10-12T16:41:33+00:00\",\"dateModified\":\"2026-04-01T13:18:33+00:00\",\"breadcrumb\":{\"@id\":\"https:\\\/\\\/www.afmc.ca\\\/opioids\\\/continuing-professional-development\\\/#breadcrumb\"},\"inLanguage\":\"fr-CA\",\"potentialAction\":[{\"@type\":\"ReadAction\",\"target\":[\"https:\\\/\\\/www.afmc.ca\\\/opioids\\\/continuing-professional-development\\\/\"]}]},{\"@type\":\"BreadcrumbList\",\"@id\":\"https:\\\/\\\/www.afmc.ca\\\/opioids\\\/continuing-professional-development\\\/#breadcrumb\",\"itemListElement\":[{\"@type\":\"ListItem\",\"position\":1,\"name\":\"Home\",\"item\":\"https:\\\/\\\/www.afmc.ca\\\/\"},{\"@type\":\"ListItem\",\"position\":2,\"name\":\"Opioids\",\"item\":\"https:\\\/\\\/www.afmc.ca\\\/opioids\\\/\"},{\"@type\":\"ListItem\",\"position\":3,\"name\":\"Continuing Professional Development\"}]},{\"@type\":\"WebSite\",\"@id\":\"https:\\\/\\\/www.afmc.ca\\\/#website\",\"url\":\"https:\\\/\\\/www.afmc.ca\\\/\",\"name\":\"AFMC\",\"description\":\"The academic partner for Canada\u2019s faculties of medicine.\",\"publisher\":{\"@id\":\"https:\\\/\\\/www.afmc.ca\\\/#organization\"},\"potentialAction\":[{\"@type\":\"SearchAction\",\"target\":{\"@type\":\"EntryPoint\",\"urlTemplate\":\"https:\\\/\\\/www.afmc.ca\\\/?s={search_term_string}\"},\"query-input\":{\"@type\":\"PropertyValueSpecification\",\"valueRequired\":true,\"valueName\":\"search_term_string\"}}],\"inLanguage\":\"fr-CA\"},{\"@type\":\"Organization\",\"@id\":\"https:\\\/\\\/www.afmc.ca\\\/#organization\",\"name\":\"The Association of Faculties of Medicine of Canada\",\"url\":\"https:\\\/\\\/www.afmc.ca\\\/\",\"logo\":{\"@type\":\"ImageObject\",\"inLanguage\":\"fr-CA\",\"@id\":\"https:\\\/\\\/www.afmc.ca\\\/#\\\/schema\\\/logo\\\/image\\\/\",\"url\":\"https:\\\/\\\/www.afmc.ca\\\/wp-content\\\/uploads\\\/2022\\\/09\\\/AFMC-Flywheel.jpg\",\"contentUrl\":\"https:\\\/\\\/www.afmc.ca\\\/wp-content\\\/uploads\\\/2022\\\/09\\\/AFMC-Flywheel.jpg\",\"width\":904,\"height\":536,\"caption\":\"The Association of Faculties of Medicine of Canada\"},\"image\":{\"@id\":\"https:\\\/\\\/www.afmc.ca\\\/#\\\/schema\\\/logo\\\/image\\\/\"},\"sameAs\":[\"https:\\\/\\\/x.com\\\/AFMC_e\",\"https:\\\/\\\/www.instagram.com\\\/afmc.ca\\\/\",\"https:\\\/\\\/www.linkedin.com\\\/company\\\/the-association-of-faculties-of-medicine-of-canada\\\/?originalSubdomain=ca\",\"https:\\\/\\\/www.youtube.com\\\/channel\\\/UC02Np2Hp_mw-Tr5gR_y24pg?view_as=subscriber\",\"https:\\\/\\\/twitter.com\\\/AFMC_f\"]}]}<\/script>\n<!-- \/ Yoast SEO plugin. -->","yoast_head_json":{"title":"Continuing Professional Development - AFMC","robots":{"index":"index","follow":"follow","max-snippet":"max-snippet:-1","max-image-preview":"max-image-preview:large","max-video-preview":"max-video-preview:-1"},"canonical":"https:\/\/www.afmc.ca\/fr\/opioids\/continuing-professional-development\/","og_locale":"fr_CA","og_type":"article","og_title":"Continuing Professional Development - AFMC","og_description":"Home https:\/\/www.youtube.com\/watch?v=R32oI-K3QW8https:\/\/www.youtube.com\/watch?v=KfZmAMuhOMY AFMC is responding to the surge of overdoses and opioid-related deaths in Canada by leading the creation of a Canada-wide, competency-based curricula for current and future physicians in pain management and addiction medicine. With support from Health Canada through its Substance Use and Addiction Program, AFMC received funding to develop an Undergraduate Medical [&hellip;]","og_url":"https:\/\/www.afmc.ca\/fr\/opioids\/continuing-professional-development\/","og_site_name":"AFMC","article_modified_time":"2026-04-01T13:18:33+00:00","twitter_card":"summary_large_image","twitter_site":"@AFMC_e","twitter_misc":{"Estimation du temps de lecture":"2 minutes"},"schema":{"@context":"https:\/\/schema.org","@graph":[{"@type":"WebPage","@id":"https:\/\/www.afmc.ca\/opioids\/continuing-professional-development\/","url":"https:\/\/www.afmc.ca\/opioids\/continuing-professional-development\/","name":"Continuing Professional Development - AFMC","isPartOf":{"@id":"https:\/\/www.afmc.ca\/#website"},"datePublished":"2023-10-12T16:41:33+00:00","dateModified":"2026-04-01T13:18:33+00:00","breadcrumb":{"@id":"https:\/\/www.afmc.ca\/opioids\/continuing-professional-development\/#breadcrumb"},"inLanguage":"fr-CA","potentialAction":[{"@type":"ReadAction","target":["https:\/\/www.afmc.ca\/opioids\/continuing-professional-development\/"]}]},{"@type":"BreadcrumbList","@id":"https:\/\/www.afmc.ca\/opioids\/continuing-professional-development\/#breadcrumb","itemListElement":[{"@type":"ListItem","position":1,"name":"Home","item":"https:\/\/www.afmc.ca\/"},{"@type":"ListItem","position":2,"name":"Opioids","item":"https:\/\/www.afmc.ca\/opioids\/"},{"@type":"ListItem","position":3,"name":"Continuing Professional Development"}]},{"@type":"WebSite","@id":"https:\/\/www.afmc.ca\/#website","url":"https:\/\/www.afmc.ca\/","name":"l\u2019AFMC","description":"The academic partner for Canada\u2019s faculties of medicine.","publisher":{"@id":"https:\/\/www.afmc.ca\/#organization"},"potentialAction":[{"@type":"SearchAction","target":{"@type":"EntryPoint","urlTemplate":"https:\/\/www.afmc.ca\/?s={search_term_string}"},"query-input":{"@type":"PropertyValueSpecification","valueRequired":true,"valueName":"search_term_string"}}],"inLanguage":"fr-CA"},{"@type":"Organization","@id":"https:\/\/www.afmc.ca\/#organization","name":"Association des facult\u00e9s de m\u00e9decine du Canada","url":"https:\/\/www.afmc.ca\/","logo":{"@type":"ImageObject","inLanguage":"fr-CA","@id":"https:\/\/www.afmc.ca\/#\/schema\/logo\/image\/","url":"https:\/\/www.afmc.ca\/wp-content\/uploads\/2022\/09\/AFMC-Flywheel.jpg","contentUrl":"https:\/\/www.afmc.ca\/wp-content\/uploads\/2022\/09\/AFMC-Flywheel.jpg","width":904,"height":536,"caption":"The Association of Faculties of Medicine of Canada"},"image":{"@id":"https:\/\/www.afmc.ca\/#\/schema\/logo\/image\/"},"sameAs":["https:\/\/x.com\/AFMC_e","https:\/\/www.instagram.com\/afmc.ca\/","https:\/\/www.linkedin.com\/company\/the-association-of-faculties-of-medicine-of-canada\/?originalSubdomain=ca","https:\/\/www.youtube.com\/channel\/UC02Np2Hp_mw-Tr5gR_y24pg?view_as=subscriber","https:\/\/twitter.com\/AFMC_f"]}]}},"_links":{"self":[{"href":"https:\/\/www.afmc.ca\/fr\/wp-json\/wp\/v2\/pages\/7426","targetHints":{"allow":["GET"]}}],"collection":[{"href":"https:\/\/www.afmc.ca\/fr\/wp-json\/wp\/v2\/pages"}],"about":[{"href":"https:\/\/www.afmc.ca\/fr\/wp-json\/wp\/v2\/types\/page"}],"author":[{"embeddable":true,"href":"https:\/\/www.afmc.ca\/fr\/wp-json\/wp\/v2\/users\/4"}],"replies":[{"embeddable":true,"href":"https:\/\/www.afmc.ca\/fr\/wp-json\/wp\/v2\/comments?post=7426"}],"version-history":[{"count":88,"href":"https:\/\/www.afmc.ca\/fr\/wp-json\/wp\/v2\/pages\/7426\/revisions"}],"predecessor-version":[{"id":11710,"href":"https:\/\/www.afmc.ca\/fr\/wp-json\/wp\/v2\/pages\/7426\/revisions\/11710"}],"up":[{"embeddable":true,"href":"https:\/\/www.afmc.ca\/fr\/wp-json\/wp\/v2\/pages\/7113"}],"wp:attachment":[{"href":"https:\/\/www.afmc.ca\/fr\/wp-json\/wp\/v2\/media?parent=7426"}],"curies":[{"name":"wp","href":"https:\/\/api.w.org\/{rel}","templated":true}]}}