{"id":7532,"date":"2023-10-12T14:53:07","date_gmt":"2023-10-12T18:53:07","guid":{"rendered":"https:\/\/www.afmc.ca\/?page_id=7532"},"modified":"2023-10-17T09:01:33","modified_gmt":"2023-10-17T13:01:33","slug":"health-privacy-and-confidentiality","status":"publish","type":"page","link":"https:\/\/www.afmc.ca\/fr\/opioids\/patient-physician-partnership-toolkit\/health-privacy-and-confidentiality\/","title":{"rendered":"Vie priv\u00e9e et confidentialit\u00e9"},"content":{"rendered":"<div data-elementor-type=\"wp-page\" data-elementor-id=\"7532\" class=\"elementor elementor-7532\" data-elementor-post-type=\"page\">\n\t\t\t\t\t\t<section class=\"elementor-section elementor-top-section elementor-element elementor-element-3a249762 elementor-section-boxed elementor-section-height-default elementor-section-height-default\" data-id=\"3a249762\" data-element_type=\"section\" data-e-type=\"section\" id=\"banner\" data-settings=\"{&quot;jet_parallax_layout_list&quot;:[],&quot;background_background&quot;:&quot;classic&quot;}\">\n\t\t\t\t\t\t<div class=\"elementor-container elementor-column-gap-default\">\n\t\t\t\t\t<div class=\"elementor-column elementor-col-100 elementor-top-column elementor-element elementor-element-8ed848f\" data-id=\"8ed848f\" data-element_type=\"column\" data-e-type=\"column\">\n\t\t\t<div class=\"elementor-widget-wrap elementor-element-populated\">\n\t\t\t\t\t\t<div class=\"elementor-element elementor-element-7fc227f7 jet-breadcrumbs-page-title-yes jet-breadcrumbs-align-center elementor-widget elementor-widget-jet-breadcrumbs\" data-id=\"7fc227f7\" data-element_type=\"widget\" data-e-type=\"widget\" data-widget_type=\"jet-breadcrumbs.default\">\n\t\t\t\t<div class=\"elementor-widget-container\">\n\t\t\t\t\t<div class=\"elementor-jet-breadcrumbs jet-blocks\">\n\t\t<div class=\"jet-breadcrumbs\">\n\t\t<div class=\"jet-breadcrumbs__content\">\n\t\t<div class=\"jet-breadcrumbs__wrap\"><div class=\"jet-breadcrumbs__item\"><a href=\"https:\/\/www.afmc.ca\/fr\/\" class=\"jet-breadcrumbs__item-link is-home\" rel=\"home\" title=\"Page d&#039;accueil\">Page d'accueil<\/a><\/div>\n\t\t<\/div>\n\t\t<\/div>\n\t\t<\/div><\/div>\t\t\t\t<\/div>\n\t\t\t\t<\/div>\n\t\t\t\t\t<\/div>\n\t\t<\/div>\n\t\t\t\t\t<\/div>\n\t\t<\/section>\n\t\t\t\t<section class=\"elementor-section elementor-top-section elementor-element elementor-element-105230e elementor-section-boxed elementor-section-height-default elementor-section-height-default\" data-id=\"105230e\" data-element_type=\"section\" data-e-type=\"section\" data-settings=\"{&quot;jet_parallax_layout_list&quot;:[]}\">\n\t\t\t\t\t\t<div class=\"elementor-container elementor-column-gap-default\">\n\t\t\t\t\t<div class=\"elementor-column elementor-col-100 elementor-top-column elementor-element elementor-element-5a7634a\" data-id=\"5a7634a\" data-element_type=\"column\" data-e-type=\"column\">\n\t\t\t<div class=\"elementor-widget-wrap elementor-element-populated\">\n\t\t\t\t\t\t<div class=\"elementor-element elementor-element-0dc10f6 elementor-widget elementor-widget-heading\" data-id=\"0dc10f6\" data-element_type=\"widget\" data-e-type=\"widget\" data-widget_type=\"heading.default\">\n\t\t\t\t<div class=\"elementor-widget-container\">\n\t\t\t\t\t<h2 class=\"elementor-heading-title elementor-size-default\">Vie priv\u00e9e et confidentialit\u00e9<\/h2>\t\t\t\t<\/div>\n\t\t\t\t<\/div>\n\t\t\t\t<div class=\"elementor-element elementor-element-2f5dbae elementor-widget elementor-widget-text-editor\" data-id=\"2f5dbae\" data-element_type=\"widget\" data-e-type=\"widget\" data-widget_type=\"text-editor.default\">\n\t\t\t\t<div class=\"elementor-widget-container\">\n\t\t\t\t\t\t\t\t\t<p>Les m\u00e9decins sont tenus de pr\u00e9server la confidentialit\u00e9 de toutes les donn\u00e9es relatives aux patients. La confidentialit\u00e9 encourage le patient \u00e0 fournir au m\u00e9decin tous les renseignements pertinents afin qu'il puisse poser un diagnostic et traiter le patient.\u00a0<\/p><p>\u00a0<\/p><p>Au Canada, les m\u00e9decins sont tenus par la loi de pr\u00e9server la confidentialit\u00e9 des renseignements sur la sant\u00e9 de leurs patients. Les lois pr\u00e9cises sur la confidentialit\u00e9 varient selon les provinces et les territoires. Toutefois, des serments de confidentialit\u00e9 et des attentes \u00e9thiques similaires s'appliquent dans tout le Canada. Nous utiliserons l'Ontario comme exemple pour la discussion ci-dessous, qui n'est pas destin\u00e9e \u00e0 remplacer les conversations avec votre propre m\u00e9decin et\/ou avocat.<\/p><p>\u00a0<\/p><p>La Loi sur la protection des renseignements personnels sur la sant\u00e9 (LPRPS) de l'Ontario vous donne le droit :\u00a0<i>Personal Health Information Protection Act\u00a0<\/i>(PHIPA) gives you the right to:<\/p><p>\u00a0<\/p><ul><li aria-level=\"1\">d\u2019\u00eatre inform\u00e9 des raisons de l\u2019utilisation des renseignements personnels sur la sant\u00e9 qui vous concernent;<\/li><li aria-level=\"1\">d\u2019\u00eatre inform\u00e9 lorsque les renseignements personnels sur la sant\u00e9 qui vous concernent ont \u00e9t\u00e9 divulgu\u00e9s sans votre autorisation;<\/li><li aria-level=\"1\">d\u2019accorder ou de refuser votre consentement \u00e0 l\u2019utilisation des renseignements personnels sur la sant\u00e9 qui vous concernent;<\/li><li aria-level=\"1\">de retirer votre consentement;<\/li><li aria-level=\"1\">de porter plainte au bureau de protection de la vie priv\u00e9e au sujet d\u2019une atteinte \u00e0 la vie priv\u00e9e r\u00e9elle ou \u00e9ventuelle;<\/li><li aria-level=\"1\">d\u2019introduire une instance en recouvrement de dommages-int\u00e9r\u00eats pour le pr\u00e9judice r\u00e9el subi par suite d\u2019une contravention \u00e0 la LPRPS.<\/li><\/ul><div>\u00a0<\/div><p><strong>En quoi consistent mes renseignements personnels sur la sant\u00e9?<\/strong><\/p><p><strong>\u00a0<\/strong><\/p><p>Les renseignements personnels sur la sant\u00e9 comprennent toute information identifiable concernant votre sant\u00e9 ou vos ant\u00e9c\u00e9dents en mati\u00e8re de soins de sant\u00e9.<\/p><p>\u00a0<\/p><p>Il s'agit notamment de vos ant\u00e9c\u00e9dents m\u00e9dicaux, des d\u00e9tails de vos visites chez le prestataire de soins, des r\u00e9sultats de vos tests et du num\u00e9ro de votre carte de sant\u00e9.<\/p><p>\u00a0<\/p><p><strong>Qui d\u00e9tient les dossiers et quels dossiers peuvent \u00eatre consult\u00e9s?<\/strong><\/p><p><strong>\u00a0<\/strong><\/p><p>En vertu de la Loi sur la protection des renseignements personnels sur la sant\u00e9, \u00ab\u202fvous avez le droit de demander l'acc\u00e8s \u00e0 vos propres renseignements personnels sur la sant\u00e9 d\u00e9tenus par les prestataires de soins de sant\u00e9, appel\u00e9s d\u00e9positaires de renseignements sur la sant\u00e9, tels que les m\u00e9decins et les infirmi\u00e8res\u202f\u00bb<\/p><p>\u00a0<\/p><p>De nombreux prestataires de soins de sant\u00e9 sont impliqu\u00e9s dans les soins prodigu\u00e9s aux patients, tels que les m\u00e9decins, les pharmaciens et les th\u00e9rapeutes. C'est ce qu'on appelle un cercle de soins. La possibilit\u00e9 pour les professionnels de la sant\u00e9 de partager des renseignements avec n'importe quel prestataire au sein de ce cercle de soins est pr\u00e9sum\u00e9e.<\/p><p>\u00a0<\/p><p>Si un patient ne le souhaite pas, il doit en faire la demande expresse. Un d\u00e9positaire d'informations sur la sant\u00e9 - tel qu'un m\u00e9decin, une infirmi\u00e8re ou un pharmacien - ne peut pas pr\u00e9sumer de votre consentement pour divulguer vos renseignements sur la sant\u00e9 \u00e0 une personne qui ne fait pas partie du cercle de soins (c'est-\u00e0-dire qui n'est pas un d\u00e9positaire de renseignements sur la sant\u00e9).<\/p><p>\u00a0<\/p><p><strong>Comment mes renseignements de sant\u00e9 sont-ils prot\u00e9g\u00e9s en cas d'utilisation d'un dossier m\u00e9dical \u00e9lectronique?<\/strong><\/p><p><strong>\u00a0<\/strong><\/p><p>Les dossiers m\u00e9dicaux \u00e9lectroniques peuvent utiliser diverses mesures de protection technique pour prot\u00e9ger vos donn\u00e9es de sant\u00e9 personnelles. Vous pouvez \u00e9galement limiter encore davantage l'acc\u00e8s \u00e0 vos renseignements sur la sant\u00e9 en cr\u00e9ant un \u00ab coffre-fort \u00bb dans votre dossier m\u00e9dical \u00e9lectronique. En outre, de nombreux h\u00f4pitaux et cliniques ont mis en place des accords de confidentialit\u00e9 et des formations obligatoires pour prot\u00e9ger la vie priv\u00e9e des patients.\u00a0<\/p><p>\u00a0<\/p><p>Voici une courte vid\u00e9o de l'H\u00f4pital d'Ottawa sur la protection de la vie priv\u00e9e des patients et les dossiers m\u00e9dicaux \u00e9lectroniques :\u00a0<a href=\"https:\/\/www.youtube.com\/watch?v=r3q5rYjO3so\">https:\/\/www.youtube.com\/watch?v=r3q5rYjO3so<\/a>\u00a0<\/p><p>\u00a0<\/p><p><strong>R\u00e9f\u00e9rence\/ressources<\/strong><\/p><p><strong>\u00a0<\/strong><\/p><ul><li><a href=\"https:\/\/www.priv.gc.ca\/en\/privacy-topics\/privacy-laws-in-canada\/02_05_d_15\/#heading-0-0-1\">https:\/\/www.priv.gc.ca\/en\/privacy-topics\/privacy-laws-in-canada\/02_05_d_15\/#heading-0-0-1<\/a><\/li><li><a href=\"https:\/\/www.ipc.on.ca\/health-individuals\/file-a-health-privacy-complaint\/your-health-privacy-rights-in-ontario\/\">https:\/\/www.ipc.on.ca\/health-individuals\/file-a-health-privacy-complaint\/your-health-privacy-rights-in-ontario\/<\/a>\u00a0<\/li><li><a href=\"https:\/\/www.ipc.on.ca\/health-individuals\/consent-and-your-personal-health-information\/\">https:\/\/www.ipc.on.ca\/health-individuals\/consent-and-your-personal-health-information\/<\/a><\/li><li><a href=\"https:\/\/www.legalline.ca\/legal-answers\/consenting-or-refusing-health-treatment\/\">https:\/\/www.legalline.ca\/legal-answers\/consenting-or-refusing-health-treatment\/<\/a><\/li><li><a href=\"https:\/\/www.cmpa-acpm.ca\/serve\/docs\/ela\/goodpracticesguide\/pages\/communication\/Privacy_and_Confidentiality\/mandatory_reporting-e.html\">https:\/\/www.cmpa-acpm.ca\/serve\/docs\/ela\/goodpracticesguide\/pages\/communication\/Privacy_and_Confidentiality\/mandatory_reporting-e.html<\/a><\/li><li><a href=\"https:\/\/cnps.ca\/article\/confidentiality-of-health-information\/\">https:\/\/cnps.ca\/article\/confidentiality-of-health-information\/<\/a><\/li><li><a href=\"https:\/\/www.ottawahospital.on.ca\/en\/patients-visitors\/privacy\/\">https:\/\/www.ottawahospital.on.ca\/en\/patients-visitors\/privacy\/<\/a>\u00a0<\/li><\/ul>\t\t\t\t\t\t\t\t<\/div>\n\t\t\t\t<\/div>\n\t\t\t\t\t<\/div>\n\t\t<\/div>\n\t\t\t\t\t<\/div>\n\t\t<\/section>\n\t\t\t\t<section class=\"elementor-section elementor-top-section elementor-element elementor-element-3cd05bc1 elementor-section-boxed elementor-section-height-default elementor-section-height-default\" data-id=\"3cd05bc1\" data-element_type=\"section\" data-e-type=\"section\" data-settings=\"{&quot;jet_parallax_layout_list&quot;:[]}\">\n\t\t\t\t\t\t<div class=\"elementor-container elementor-column-gap-default\">\n\t\t\t\t\t<div class=\"elementor-column elementor-col-100 elementor-top-column elementor-element elementor-element-78d0e92\" data-id=\"78d0e92\" data-element_type=\"column\" data-e-type=\"column\">\n\t\t\t<div class=\"elementor-widget-wrap elementor-element-populated\">\n\t\t\t\t\t\t<div class=\"elementor-element elementor-element-6a68822d elementor-view-stacked elementor-shape-square elementor-fixed elementor-widget elementor-widget-icon\" data-id=\"6a68822d\" data-element_type=\"widget\" data-e-type=\"widget\" data-settings=\"{&quot;_position&quot;:&quot;fixed&quot;}\" data-widget_type=\"icon.default\">\n\t\t\t\t<div class=\"elementor-widget-container\">\n\t\t\t\t\t\t\t<div class=\"elementor-icon-wrapper\">\n\t\t\t<a class=\"elementor-icon elementor-animation-grow\" href=\"#banner\">\n\t\t\t<i aria-hidden=\"true\" class=\"fas fa-angle-up\"><\/i>\t\t\t<\/a>\n\t\t<\/div>\n\t\t\t\t\t\t<\/div>\n\t\t\t\t<\/div>\n\t\t\t\t\t<\/div>\n\t\t<\/div>\n\t\t\t\t\t<\/div>\n\t\t<\/section>\n\t\t\t\t<\/div>","protected":false},"excerpt":{"rendered":"<p>Home Health Privacy and Confidentiality Physicians are obligated to keep all patient information confidential. Confidentiality encourages the patient to provide the physician with all relevant information so that they can diagnose and treat the patient.\u00a0 \u00a0 Physicians in Canada are required by law to maintain their patients&#8217; health information confidentially. The specific privacy laws vary [&hellip;]<\/p>\n","protected":false},"author":4,"featured_media":0,"parent":7261,"menu_order":0,"comment_status":"closed","ping_status":"closed","template":"","meta":{"footnotes":""},"class_list":["post-7532","page","type-page","status-publish","hentry"],"yoast_head":"<!-- This site is optimized with the Yoast SEO plugin v27.3 - https:\/\/yoast.com\/product\/yoast-seo-wordpress\/ -->\n<title>Health Privacy and Confidentiality - AFMC<\/title>\n<meta name=\"robots\" content=\"index, follow, max-snippet:-1, max-image-preview:large, max-video-preview:-1\" \/>\n<link rel=\"canonical\" href=\"https:\/\/www.afmc.ca\/fr\/opioids\/patient-physician-partnership-toolkit\/health-privacy-and-confidentiality\/\" \/>\n<meta property=\"og:locale\" content=\"fr_CA\" \/>\n<meta property=\"og:type\" content=\"article\" \/>\n<meta property=\"og:title\" content=\"Health Privacy and Confidentiality - AFMC\" \/>\n<meta property=\"og:description\" content=\"Home Health Privacy and Confidentiality Physicians are obligated to keep all patient information confidential. Confidentiality encourages the patient to provide the physician with all relevant information so that they can diagnose and treat the patient.\u00a0 \u00a0 Physicians in Canada are required by law to maintain their patients&#8217; health information confidentially. The specific privacy laws vary [&hellip;]\" \/>\n<meta property=\"og:url\" content=\"https:\/\/www.afmc.ca\/fr\/opioids\/patient-physician-partnership-toolkit\/health-privacy-and-confidentiality\/\" \/>\n<meta property=\"og:site_name\" content=\"AFMC\" \/>\n<meta property=\"article:modified_time\" content=\"2023-10-17T13:01:33+00:00\" \/>\n<meta name=\"twitter:card\" content=\"summary_large_image\" \/>\n<meta name=\"twitter:site\" content=\"@AFMC_e\" \/>\n<meta name=\"twitter:label1\" content=\"Estimation du temps de lecture\" \/>\n\t<meta name=\"twitter:data1\" content=\"3 minutes\" \/>\n<script type=\"application\/ld+json\" class=\"yoast-schema-graph\">{\"@context\":\"https:\\\/\\\/schema.org\",\"@graph\":[{\"@type\":\"WebPage\",\"@id\":\"https:\\\/\\\/www.afmc.ca\\\/opioids\\\/patient-physician-partnership-toolkit\\\/health-privacy-and-confidentiality\\\/\",\"url\":\"https:\\\/\\\/www.afmc.ca\\\/opioids\\\/patient-physician-partnership-toolkit\\\/health-privacy-and-confidentiality\\\/\",\"name\":\"Health Privacy and Confidentiality - AFMC\",\"isPartOf\":{\"@id\":\"https:\\\/\\\/www.afmc.ca\\\/#website\"},\"datePublished\":\"2023-10-12T18:53:07+00:00\",\"dateModified\":\"2023-10-17T13:01:33+00:00\",\"breadcrumb\":{\"@id\":\"https:\\\/\\\/www.afmc.ca\\\/opioids\\\/patient-physician-partnership-toolkit\\\/health-privacy-and-confidentiality\\\/#breadcrumb\"},\"inLanguage\":\"fr-CA\",\"potentialAction\":[{\"@type\":\"ReadAction\",\"target\":[\"https:\\\/\\\/www.afmc.ca\\\/opioids\\\/patient-physician-partnership-toolkit\\\/health-privacy-and-confidentiality\\\/\"]}]},{\"@type\":\"BreadcrumbList\",\"@id\":\"https:\\\/\\\/www.afmc.ca\\\/opioids\\\/patient-physician-partnership-toolkit\\\/health-privacy-and-confidentiality\\\/#breadcrumb\",\"itemListElement\":[{\"@type\":\"ListItem\",\"position\":1,\"name\":\"Home\",\"item\":\"https:\\\/\\\/www.afmc.ca\\\/\"},{\"@type\":\"ListItem\",\"position\":2,\"name\":\"Opioids\",\"item\":\"https:\\\/\\\/www.afmc.ca\\\/opioids\\\/\"},{\"@type\":\"ListItem\",\"position\":3,\"name\":\"Patient-Physician Partnership Toolkit\",\"item\":\"https:\\\/\\\/www.afmc.ca\\\/opioids\\\/patient-physician-partnership-toolkit\\\/\"},{\"@type\":\"ListItem\",\"position\":4,\"name\":\"Health Privacy and Confidentiality\"}]},{\"@type\":\"WebSite\",\"@id\":\"https:\\\/\\\/www.afmc.ca\\\/#website\",\"url\":\"https:\\\/\\\/www.afmc.ca\\\/\",\"name\":\"AFMC\",\"description\":\"The academic partner for Canada\u2019s faculties of medicine.\",\"publisher\":{\"@id\":\"https:\\\/\\\/www.afmc.ca\\\/#organization\"},\"potentialAction\":[{\"@type\":\"SearchAction\",\"target\":{\"@type\":\"EntryPoint\",\"urlTemplate\":\"https:\\\/\\\/www.afmc.ca\\\/?s={search_term_string}\"},\"query-input\":{\"@type\":\"PropertyValueSpecification\",\"valueRequired\":true,\"valueName\":\"search_term_string\"}}],\"inLanguage\":\"fr-CA\"},{\"@type\":\"Organization\",\"@id\":\"https:\\\/\\\/www.afmc.ca\\\/#organization\",\"name\":\"The Association of Faculties of Medicine of Canada\",\"url\":\"https:\\\/\\\/www.afmc.ca\\\/\",\"logo\":{\"@type\":\"ImageObject\",\"inLanguage\":\"fr-CA\",\"@id\":\"https:\\\/\\\/www.afmc.ca\\\/#\\\/schema\\\/logo\\\/image\\\/\",\"url\":\"https:\\\/\\\/www.afmc.ca\\\/wp-content\\\/uploads\\\/2022\\\/09\\\/AFMC-Flywheel.jpg\",\"contentUrl\":\"https:\\\/\\\/www.afmc.ca\\\/wp-content\\\/uploads\\\/2022\\\/09\\\/AFMC-Flywheel.jpg\",\"width\":904,\"height\":536,\"caption\":\"The Association of Faculties of Medicine of Canada\"},\"image\":{\"@id\":\"https:\\\/\\\/www.afmc.ca\\\/#\\\/schema\\\/logo\\\/image\\\/\"},\"sameAs\":[\"https:\\\/\\\/x.com\\\/AFMC_e\",\"https:\\\/\\\/www.instagram.com\\\/afmc.ca\\\/\",\"https:\\\/\\\/www.linkedin.com\\\/company\\\/the-association-of-faculties-of-medicine-of-canada\\\/?originalSubdomain=ca\",\"https:\\\/\\\/www.youtube.com\\\/channel\\\/UC02Np2Hp_mw-Tr5gR_y24pg?view_as=subscriber\",\"https:\\\/\\\/twitter.com\\\/AFMC_f\"]}]}<\/script>\n<!-- \/ Yoast SEO plugin. -->","yoast_head_json":{"title":"Health Privacy and Confidentiality - AFMC","robots":{"index":"index","follow":"follow","max-snippet":"max-snippet:-1","max-image-preview":"max-image-preview:large","max-video-preview":"max-video-preview:-1"},"canonical":"https:\/\/www.afmc.ca\/fr\/opioids\/patient-physician-partnership-toolkit\/health-privacy-and-confidentiality\/","og_locale":"fr_CA","og_type":"article","og_title":"Health Privacy and Confidentiality - AFMC","og_description":"Home Health Privacy and Confidentiality Physicians are obligated to keep all patient information confidential. Confidentiality encourages the patient to provide the physician with all relevant information so that they can diagnose and treat the patient.\u00a0 \u00a0 Physicians in Canada are required by law to maintain their patients&#8217; health information confidentially. The specific privacy laws vary [&hellip;]","og_url":"https:\/\/www.afmc.ca\/fr\/opioids\/patient-physician-partnership-toolkit\/health-privacy-and-confidentiality\/","og_site_name":"AFMC","article_modified_time":"2023-10-17T13:01:33+00:00","twitter_card":"summary_large_image","twitter_site":"@AFMC_e","twitter_misc":{"Estimation du temps de lecture":"3 minutes"},"schema":{"@context":"https:\/\/schema.org","@graph":[{"@type":"WebPage","@id":"https:\/\/www.afmc.ca\/opioids\/patient-physician-partnership-toolkit\/health-privacy-and-confidentiality\/","url":"https:\/\/www.afmc.ca\/opioids\/patient-physician-partnership-toolkit\/health-privacy-and-confidentiality\/","name":"Health Privacy and Confidentiality - AFMC","isPartOf":{"@id":"https:\/\/www.afmc.ca\/#website"},"datePublished":"2023-10-12T18:53:07+00:00","dateModified":"2023-10-17T13:01:33+00:00","breadcrumb":{"@id":"https:\/\/www.afmc.ca\/opioids\/patient-physician-partnership-toolkit\/health-privacy-and-confidentiality\/#breadcrumb"},"inLanguage":"fr-CA","potentialAction":[{"@type":"ReadAction","target":["https:\/\/www.afmc.ca\/opioids\/patient-physician-partnership-toolkit\/health-privacy-and-confidentiality\/"]}]},{"@type":"BreadcrumbList","@id":"https:\/\/www.afmc.ca\/opioids\/patient-physician-partnership-toolkit\/health-privacy-and-confidentiality\/#breadcrumb","itemListElement":[{"@type":"ListItem","position":1,"name":"Home","item":"https:\/\/www.afmc.ca\/"},{"@type":"ListItem","position":2,"name":"Opioids","item":"https:\/\/www.afmc.ca\/opioids\/"},{"@type":"ListItem","position":3,"name":"Patient-Physician Partnership Toolkit","item":"https:\/\/www.afmc.ca\/opioids\/patient-physician-partnership-toolkit\/"},{"@type":"ListItem","position":4,"name":"Health Privacy and Confidentiality"}]},{"@type":"WebSite","@id":"https:\/\/www.afmc.ca\/#website","url":"https:\/\/www.afmc.ca\/","name":"l\u2019AFMC","description":"The academic partner for Canada\u2019s faculties of medicine.","publisher":{"@id":"https:\/\/www.afmc.ca\/#organization"},"potentialAction":[{"@type":"SearchAction","target":{"@type":"EntryPoint","urlTemplate":"https:\/\/www.afmc.ca\/?s={search_term_string}"},"query-input":{"@type":"PropertyValueSpecification","valueRequired":true,"valueName":"search_term_string"}}],"inLanguage":"fr-CA"},{"@type":"Organization","@id":"https:\/\/www.afmc.ca\/#organization","name":"Association des facult\u00e9s de m\u00e9decine du Canada","url":"https:\/\/www.afmc.ca\/","logo":{"@type":"ImageObject","inLanguage":"fr-CA","@id":"https:\/\/www.afmc.ca\/#\/schema\/logo\/image\/","url":"https:\/\/www.afmc.ca\/wp-content\/uploads\/2022\/09\/AFMC-Flywheel.jpg","contentUrl":"https:\/\/www.afmc.ca\/wp-content\/uploads\/2022\/09\/AFMC-Flywheel.jpg","width":904,"height":536,"caption":"The Association of Faculties of Medicine of Canada"},"image":{"@id":"https:\/\/www.afmc.ca\/#\/schema\/logo\/image\/"},"sameAs":["https:\/\/x.com\/AFMC_e","https:\/\/www.instagram.com\/afmc.ca\/","https:\/\/www.linkedin.com\/company\/the-association-of-faculties-of-medicine-of-canada\/?originalSubdomain=ca","https:\/\/www.youtube.com\/channel\/UC02Np2Hp_mw-Tr5gR_y24pg?view_as=subscriber","https:\/\/twitter.com\/AFMC_f"]}]}},"_links":{"self":[{"href":"https:\/\/www.afmc.ca\/fr\/wp-json\/wp\/v2\/pages\/7532","targetHints":{"allow":["GET"]}}],"collection":[{"href":"https:\/\/www.afmc.ca\/fr\/wp-json\/wp\/v2\/pages"}],"about":[{"href":"https:\/\/www.afmc.ca\/fr\/wp-json\/wp\/v2\/types\/page"}],"author":[{"embeddable":true,"href":"https:\/\/www.afmc.ca\/fr\/wp-json\/wp\/v2\/users\/4"}],"replies":[{"embeddable":true,"href":"https:\/\/www.afmc.ca\/fr\/wp-json\/wp\/v2\/comments?post=7532"}],"version-history":[{"count":10,"href":"https:\/\/www.afmc.ca\/fr\/wp-json\/wp\/v2\/pages\/7532\/revisions"}],"predecessor-version":[{"id":8053,"href":"https:\/\/www.afmc.ca\/fr\/wp-json\/wp\/v2\/pages\/7532\/revisions\/8053"}],"up":[{"embeddable":true,"href":"https:\/\/www.afmc.ca\/fr\/wp-json\/wp\/v2\/pages\/7261"}],"wp:attachment":[{"href":"https:\/\/www.afmc.ca\/fr\/wp-json\/wp\/v2\/media?parent=7532"}],"curies":[{"name":"wp","href":"https:\/\/api.w.org\/{rel}","templated":true}]}}