{"id":7577,"date":"2023-10-12T16:15:15","date_gmt":"2023-10-12T20:15:15","guid":{"rendered":"https:\/\/www.afmc.ca\/?page_id=7577"},"modified":"2023-10-17T09:04:19","modified_gmt":"2023-10-17T13:04:19","slug":"physician-patient","status":"publish","type":"page","link":"https:\/\/www.afmc.ca\/fr\/opioids\/patient-physician-partnership-toolkit\/physician-patient\/","title":{"rendered":"M\u00e9decin-patient"},"content":{"rendered":"<div data-elementor-type=\"wp-page\" data-elementor-id=\"7577\" class=\"elementor elementor-7577\" data-elementor-post-type=\"page\">\n\t\t\t\t\t\t<section class=\"elementor-section elementor-top-section elementor-element elementor-element-b5a3a96 elementor-section-boxed elementor-section-height-default elementor-section-height-default\" data-id=\"b5a3a96\" data-element_type=\"section\" data-e-type=\"section\" id=\"banner\" data-settings=\"{&quot;jet_parallax_layout_list&quot;:[],&quot;background_background&quot;:&quot;classic&quot;}\">\n\t\t\t\t\t\t<div class=\"elementor-container elementor-column-gap-default\">\n\t\t\t\t\t<div class=\"elementor-column elementor-col-100 elementor-top-column elementor-element elementor-element-78689017\" data-id=\"78689017\" data-element_type=\"column\" data-e-type=\"column\">\n\t\t\t<div class=\"elementor-widget-wrap elementor-element-populated\">\n\t\t\t\t\t\t<div class=\"elementor-element elementor-element-6ecc5cf4 jet-breadcrumbs-page-title-yes jet-breadcrumbs-align-center elementor-widget elementor-widget-jet-breadcrumbs\" data-id=\"6ecc5cf4\" data-element_type=\"widget\" data-e-type=\"widget\" data-widget_type=\"jet-breadcrumbs.default\">\n\t\t\t\t<div class=\"elementor-widget-container\">\n\t\t\t\t\t<div class=\"elementor-jet-breadcrumbs jet-blocks\">\n\t\t<div class=\"jet-breadcrumbs\">\n\t\t<div class=\"jet-breadcrumbs__content\">\n\t\t<div class=\"jet-breadcrumbs__wrap\"><div class=\"jet-breadcrumbs__item\"><a href=\"https:\/\/www.afmc.ca\/fr\/\" class=\"jet-breadcrumbs__item-link is-home\" rel=\"home\" title=\"Page d&#039;accueil\">Page d'accueil<\/a><\/div>\n\t\t<\/div>\n\t\t<\/div>\n\t\t<\/div><\/div>\t\t\t\t<\/div>\n\t\t\t\t<\/div>\n\t\t\t\t\t<\/div>\n\t\t<\/div>\n\t\t\t\t\t<\/div>\n\t\t<\/section>\n\t\t\t\t<section class=\"elementor-section elementor-top-section elementor-element elementor-element-dd0cece elementor-section-boxed elementor-section-height-default elementor-section-height-default\" data-id=\"dd0cece\" data-element_type=\"section\" data-e-type=\"section\" data-settings=\"{&quot;jet_parallax_layout_list&quot;:[]}\">\n\t\t\t\t\t\t<div class=\"elementor-container elementor-column-gap-default\">\n\t\t\t\t\t<div class=\"elementor-column elementor-col-100 elementor-top-column elementor-element elementor-element-4b39808\" data-id=\"4b39808\" data-element_type=\"column\" data-e-type=\"column\">\n\t\t\t<div class=\"elementor-widget-wrap elementor-element-populated\">\n\t\t\t\t\t\t<div class=\"elementor-element elementor-element-7d1388f elementor-widget elementor-widget-heading\" data-id=\"7d1388f\" data-element_type=\"widget\" data-e-type=\"widget\" data-widget_type=\"heading.default\">\n\t\t\t\t<div class=\"elementor-widget-container\">\n\t\t\t\t\t<h2 class=\"elementor-heading-title elementor-size-default\">Comment utiliser la trousse d\u2019outils du partenariat m\u00e9decin-patient offerte dans le cadre du projet de R\u00e9ponse de l\u2019AFMC \u00e0 la crise des opio\u00efdes<\/h2>\t\t\t\t<\/div>\n\t\t\t\t<\/div>\n\t\t\t\t<section class=\"elementor-section elementor-inner-section elementor-element elementor-element-80d4072 elementor-section-boxed elementor-section-height-default elementor-section-height-default\" data-id=\"80d4072\" data-element_type=\"section\" data-e-type=\"section\" data-settings=\"{&quot;jet_parallax_layout_list&quot;:[]}\">\n\t\t\t\t\t\t<div class=\"elementor-container elementor-column-gap-default\">\n\t\t\t\t\t<div class=\"elementor-column elementor-col-50 elementor-inner-column elementor-element elementor-element-1b86be7\" data-id=\"1b86be7\" data-element_type=\"column\" data-e-type=\"column\">\n\t\t\t<div class=\"elementor-widget-wrap elementor-element-populated\">\n\t\t\t\t\t\t<div class=\"elementor-element elementor-element-110fc96 elementor-widget elementor-widget-video\" data-id=\"110fc96\" data-element_type=\"widget\" data-e-type=\"widget\" data-settings=\"{&quot;youtube_url&quot;:&quot;https:\\\/\\\/www.youtube.com\\\/watch?v=LqYM1wVWaVk&quot;,&quot;video_type&quot;:&quot;youtube&quot;,&quot;controls&quot;:&quot;yes&quot;}\" data-widget_type=\"video.default\">\n\t\t\t\t<div class=\"elementor-widget-container\">\n\t\t\t\t\t\t\t<div class=\"elementor-wrapper elementor-open-inline\">\n\t\t\t<div class=\"elementor-video\"><\/div>\t\t<\/div>\n\t\t\t\t\t\t<\/div>\n\t\t\t\t<\/div>\n\t\t\t\t\t<\/div>\n\t\t<\/div>\n\t\t\t\t<div class=\"elementor-column elementor-col-50 elementor-inner-column elementor-element elementor-element-0e5fd32\" data-id=\"0e5fd32\" data-element_type=\"column\" data-e-type=\"column\">\n\t\t\t<div class=\"elementor-widget-wrap elementor-element-populated\">\n\t\t\t\t\t\t<div class=\"elementor-element elementor-element-e66114b elementor-widget elementor-widget-text-editor\" data-id=\"e66114b\" data-element_type=\"widget\" data-e-type=\"widget\" data-widget_type=\"text-editor.default\">\n\t\t\t\t<div class=\"elementor-widget-container\">\n\t\t\t\t\t\t\t\t\t<p><strong><i>En collaboration avec le Centre d'excellence sur le partenariat avec les patients et le public (CEPPP), l\u2019Association des facult\u00e9s de m\u00e9decine du Canada (AFMC) a cr\u00e9\u00e9 la trousse d\u2019outils du partenariat m\u00e9decin-patient.<\/i><\/strong><\/p><p><strong><i>\u00a0<\/i><\/strong><\/p><p>La trousse d'outils du partenariat m\u00e9decin-patient est une ressource en ligne destin\u00e9e aux patients \u00e0 qui l'on a prescrit des opio\u00efdes, aux personnes qui ont connu un trouble de l'usage des opio\u00efdes et aux m\u00e9decins, afin d'aborder la crise actuelle des opio\u00efdes au Canada.<\/p><p>\u00a0<\/p><p>La trousse d'outils se veut une plaque tournante pour les ressources li\u00e9es aux opio\u00efdes et un endroit o\u00f9 les m\u00e9decins et les patients peuvent trouver des ressources fond\u00e9es sur des cas et examin\u00e9es par des m\u00e9decins qui favorisent une gestion plus s\u00e9curitaire des ordonnances et de l'utilisation des opio\u00efdes.<\/p>\t\t\t\t\t\t\t\t<\/div>\n\t\t\t\t<\/div>\n\t\t\t\t\t<\/div>\n\t\t<\/div>\n\t\t\t\t\t<\/div>\n\t\t<\/section>\n\t\t\t\t<div class=\"elementor-element elementor-element-bdcd268 elementor-widget elementor-widget-text-editor\" data-id=\"bdcd268\" data-element_type=\"widget\" data-e-type=\"widget\" data-widget_type=\"text-editor.default\">\n\t\t\t\t<div class=\"elementor-widget-container\">\n\t\t\t\t\t\t\t\t\t<p>La trousse d'outils est organis\u00e9e en sept sections :<\/p><p>\u00a0<\/p><p><b>Outil de discussion :\u00a0<\/b>Un guide pour favoriser et am\u00e9liorer la communication entre le patient et le m\u00e9decin avant, pendant et apr\u00e8s les rendez-vous m\u00e9dicaux.<\/p><p>\u00a0<\/p><p><b>Vivre avec les opio\u00efdes :<\/b>\u00a0T\u00e9moignages de patients partenaires qui mettent en \u00e9vidence des exp\u00e9riences v\u00e9cues li\u00e9es \u00e0 l'usage des opio\u00efdes, \u00e0 la stigmatisation qui en d\u00e9coule et \u00e0 la gestion des opio\u00efdes.<\/p><p>\u00a0<\/p><p><b>Modules de formation :<\/b>\u00a0Acc\u00e8s au mat\u00e9riel p\u00e9dagogique de l'Association des facult\u00e9s de m\u00e9decine du Canada (AFMC) ax\u00e9 sur la formation en mati\u00e8re d'opio\u00efdes.<\/p><p>\u00a0<\/p><p><b>Guides de ressources pour les patients et les m\u00e9decins<\/b>: Les ressources incluses dans cette section visent \u00e0 fournir d'autres outils et ressources li\u00e9s aux opio\u00efdes produits par des organisations r\u00e9put\u00e9es au Canada.<\/p><p>\u00a0<\/p><p><b>Fiches d'information :<\/b>\u00a0R\u00e9ponses des patients et des m\u00e9decins aux questions fr\u00e9quemment pos\u00e9es et aux probl\u00e8mes li\u00e9s aux opio\u00efdes.<\/p><p>\u00a0<\/p><p><b>Gestions s\u00e9curitaire des m\u00e9dicaments :\u00a0<\/b>Ressources pour promouvoir une utilisation, un entreposage et une \u00e9limination plus s\u00fbrs des prescriptions d'opio\u00efdes.<\/p><p>\u00a0<\/p><p><b>Glossaire :<\/b>\u00a0Termes cl\u00e9s pour fournir un contexte \u00e9ducatif sur la crise des opio\u00efdes et l'exp\u00e9rience du patient.<\/p><p>\u00a0<\/p><p><b>Confidentialit\u00e9<\/b>: Renseignements sur les lois relatives \u00e0 la protection de la vie priv\u00e9e dans le domaine de la sant\u00e9 et sur les obligations des m\u00e9decins en mati\u00e8re de confidentialit\u00e9 des renseignements relatifs aux patients.<\/p>\t\t\t\t\t\t\t\t<\/div>\n\t\t\t\t<\/div>\n\t\t\t\t\t<\/div>\n\t\t<\/div>\n\t\t\t\t\t<\/div>\n\t\t<\/section>\n\t\t\t\t<section class=\"elementor-section elementor-top-section elementor-element elementor-element-7ed8c8cd elementor-section-boxed elementor-section-height-default elementor-section-height-default\" data-id=\"7ed8c8cd\" data-element_type=\"section\" data-e-type=\"section\" data-settings=\"{&quot;jet_parallax_layout_list&quot;:[]}\">\n\t\t\t\t\t\t<div class=\"elementor-container elementor-column-gap-default\">\n\t\t\t\t\t<div class=\"elementor-column elementor-col-100 elementor-top-column elementor-element elementor-element-6c8ce769\" data-id=\"6c8ce769\" data-element_type=\"column\" data-e-type=\"column\">\n\t\t\t<div class=\"elementor-widget-wrap elementor-element-populated\">\n\t\t\t\t\t\t<div class=\"elementor-element elementor-element-2b2c2b4f elementor-view-stacked elementor-shape-square elementor-fixed elementor-widget elementor-widget-icon\" data-id=\"2b2c2b4f\" data-element_type=\"widget\" data-e-type=\"widget\" data-settings=\"{&quot;_position&quot;:&quot;fixed&quot;}\" data-widget_type=\"icon.default\">\n\t\t\t\t<div class=\"elementor-widget-container\">\n\t\t\t\t\t\t\t<div class=\"elementor-icon-wrapper\">\n\t\t\t<a class=\"elementor-icon elementor-animation-grow\" href=\"#banner\">\n\t\t\t<i aria-hidden=\"true\" class=\"fas fa-angle-up\"><\/i>\t\t\t<\/a>\n\t\t<\/div>\n\t\t\t\t\t\t<\/div>\n\t\t\t\t<\/div>\n\t\t\t\t\t<\/div>\n\t\t<\/div>\n\t\t\t\t\t<\/div>\n\t\t<\/section>\n\t\t\t\t<\/div>","protected":false},"excerpt":{"rendered":"<p>Home How to Use the AFMC Response to Opioid Crisis: Patient-Physician Partnership Toolkit https:\/\/www.youtube.com\/watch?v=LqYM1wVWaVk Developed in collaboration with the Centre of Excellence on Partnership with Patients and the Public (CEPPP), the Association of Faculties of Medicine of Canada (AFMC) has created the Patient-Physician Partnership Toolkit. \u00a0 The Patient- Physician Partnership toolkit is an online resource [&hellip;]<\/p>\n","protected":false},"author":4,"featured_media":0,"parent":7261,"menu_order":0,"comment_status":"closed","ping_status":"closed","template":"","meta":{"footnotes":""},"class_list":["post-7577","page","type-page","status-publish","hentry"],"yoast_head":"<!-- This site is optimized with the Yoast SEO plugin v27.3 - https:\/\/yoast.com\/product\/yoast-seo-wordpress\/ -->\n<title>Physician-Patient - AFMC<\/title>\n<meta name=\"robots\" content=\"index, follow, max-snippet:-1, max-image-preview:large, max-video-preview:-1\" \/>\n<link rel=\"canonical\" href=\"https:\/\/www.afmc.ca\/fr\/opioids\/patient-physician-partnership-toolkit\/physician-patient\/\" \/>\n<meta property=\"og:locale\" content=\"fr_CA\" \/>\n<meta property=\"og:type\" content=\"article\" \/>\n<meta property=\"og:title\" content=\"Physician-Patient - AFMC\" \/>\n<meta property=\"og:description\" content=\"Home How to Use the AFMC Response to Opioid Crisis: Patient-Physician Partnership Toolkit https:\/\/www.youtube.com\/watch?v=LqYM1wVWaVk Developed in collaboration with the Centre of Excellence on Partnership with Patients and the Public (CEPPP), the Association of Faculties of Medicine of Canada (AFMC) has created the Patient-Physician Partnership Toolkit. \u00a0 The Patient- Physician Partnership toolkit is an online resource [&hellip;]\" \/>\n<meta property=\"og:url\" content=\"https:\/\/www.afmc.ca\/fr\/opioids\/patient-physician-partnership-toolkit\/physician-patient\/\" \/>\n<meta property=\"og:site_name\" content=\"AFMC\" \/>\n<meta property=\"article:modified_time\" content=\"2023-10-17T13:04:19+00:00\" \/>\n<meta name=\"twitter:card\" content=\"summary_large_image\" \/>\n<meta name=\"twitter:site\" content=\"@AFMC_e\" \/>\n<meta name=\"twitter:label1\" content=\"Estimation du temps de lecture\" \/>\n\t<meta name=\"twitter:data1\" content=\"2 minutes\" \/>\n<script type=\"application\/ld+json\" class=\"yoast-schema-graph\">{\"@context\":\"https:\\\/\\\/schema.org\",\"@graph\":[{\"@type\":\"WebPage\",\"@id\":\"https:\\\/\\\/www.afmc.ca\\\/opioids\\\/patient-physician-partnership-toolkit\\\/physician-patient\\\/\",\"url\":\"https:\\\/\\\/www.afmc.ca\\\/opioids\\\/patient-physician-partnership-toolkit\\\/physician-patient\\\/\",\"name\":\"Physician-Patient - AFMC\",\"isPartOf\":{\"@id\":\"https:\\\/\\\/www.afmc.ca\\\/#website\"},\"datePublished\":\"2023-10-12T20:15:15+00:00\",\"dateModified\":\"2023-10-17T13:04:19+00:00\",\"breadcrumb\":{\"@id\":\"https:\\\/\\\/www.afmc.ca\\\/opioids\\\/patient-physician-partnership-toolkit\\\/physician-patient\\\/#breadcrumb\"},\"inLanguage\":\"fr-CA\",\"potentialAction\":[{\"@type\":\"ReadAction\",\"target\":[\"https:\\\/\\\/www.afmc.ca\\\/opioids\\\/patient-physician-partnership-toolkit\\\/physician-patient\\\/\"]}]},{\"@type\":\"BreadcrumbList\",\"@id\":\"https:\\\/\\\/www.afmc.ca\\\/opioids\\\/patient-physician-partnership-toolkit\\\/physician-patient\\\/#breadcrumb\",\"itemListElement\":[{\"@type\":\"ListItem\",\"position\":1,\"name\":\"Home\",\"item\":\"https:\\\/\\\/www.afmc.ca\\\/\"},{\"@type\":\"ListItem\",\"position\":2,\"name\":\"Opioids\",\"item\":\"https:\\\/\\\/www.afmc.ca\\\/opioids\\\/\"},{\"@type\":\"ListItem\",\"position\":3,\"name\":\"Patient-Physician Partnership Toolkit\",\"item\":\"https:\\\/\\\/www.afmc.ca\\\/opioids\\\/patient-physician-partnership-toolkit\\\/\"},{\"@type\":\"ListItem\",\"position\":4,\"name\":\"Physician-Patient\"}]},{\"@type\":\"WebSite\",\"@id\":\"https:\\\/\\\/www.afmc.ca\\\/#website\",\"url\":\"https:\\\/\\\/www.afmc.ca\\\/\",\"name\":\"AFMC\",\"description\":\"The academic partner for Canada\u2019s faculties of medicine.\",\"publisher\":{\"@id\":\"https:\\\/\\\/www.afmc.ca\\\/#organization\"},\"potentialAction\":[{\"@type\":\"SearchAction\",\"target\":{\"@type\":\"EntryPoint\",\"urlTemplate\":\"https:\\\/\\\/www.afmc.ca\\\/?s={search_term_string}\"},\"query-input\":{\"@type\":\"PropertyValueSpecification\",\"valueRequired\":true,\"valueName\":\"search_term_string\"}}],\"inLanguage\":\"fr-CA\"},{\"@type\":\"Organization\",\"@id\":\"https:\\\/\\\/www.afmc.ca\\\/#organization\",\"name\":\"The Association of Faculties of Medicine of Canada\",\"url\":\"https:\\\/\\\/www.afmc.ca\\\/\",\"logo\":{\"@type\":\"ImageObject\",\"inLanguage\":\"fr-CA\",\"@id\":\"https:\\\/\\\/www.afmc.ca\\\/#\\\/schema\\\/logo\\\/image\\\/\",\"url\":\"https:\\\/\\\/www.afmc.ca\\\/wp-content\\\/uploads\\\/2022\\\/09\\\/AFMC-Flywheel.jpg\",\"contentUrl\":\"https:\\\/\\\/www.afmc.ca\\\/wp-content\\\/uploads\\\/2022\\\/09\\\/AFMC-Flywheel.jpg\",\"width\":904,\"height\":536,\"caption\":\"The Association of Faculties of Medicine of Canada\"},\"image\":{\"@id\":\"https:\\\/\\\/www.afmc.ca\\\/#\\\/schema\\\/logo\\\/image\\\/\"},\"sameAs\":[\"https:\\\/\\\/x.com\\\/AFMC_e\",\"https:\\\/\\\/www.instagram.com\\\/afmc.ca\\\/\",\"https:\\\/\\\/www.linkedin.com\\\/company\\\/the-association-of-faculties-of-medicine-of-canada\\\/?originalSubdomain=ca\",\"https:\\\/\\\/www.youtube.com\\\/channel\\\/UC02Np2Hp_mw-Tr5gR_y24pg?view_as=subscriber\",\"https:\\\/\\\/twitter.com\\\/AFMC_f\"]}]}<\/script>\n<!-- \/ Yoast SEO plugin. -->","yoast_head_json":{"title":"Physician-Patient - AFMC","robots":{"index":"index","follow":"follow","max-snippet":"max-snippet:-1","max-image-preview":"max-image-preview:large","max-video-preview":"max-video-preview:-1"},"canonical":"https:\/\/www.afmc.ca\/fr\/opioids\/patient-physician-partnership-toolkit\/physician-patient\/","og_locale":"fr_CA","og_type":"article","og_title":"Physician-Patient - AFMC","og_description":"Home How to Use the AFMC Response to Opioid Crisis: Patient-Physician Partnership Toolkit https:\/\/www.youtube.com\/watch?v=LqYM1wVWaVk Developed in collaboration with the Centre of Excellence on Partnership with Patients and the Public (CEPPP), the Association of Faculties of Medicine of Canada (AFMC) has created the Patient-Physician Partnership Toolkit. \u00a0 The Patient- Physician Partnership toolkit is an online resource [&hellip;]","og_url":"https:\/\/www.afmc.ca\/fr\/opioids\/patient-physician-partnership-toolkit\/physician-patient\/","og_site_name":"AFMC","article_modified_time":"2023-10-17T13:04:19+00:00","twitter_card":"summary_large_image","twitter_site":"@AFMC_e","twitter_misc":{"Estimation du temps de lecture":"2 minutes"},"schema":{"@context":"https:\/\/schema.org","@graph":[{"@type":"WebPage","@id":"https:\/\/www.afmc.ca\/opioids\/patient-physician-partnership-toolkit\/physician-patient\/","url":"https:\/\/www.afmc.ca\/opioids\/patient-physician-partnership-toolkit\/physician-patient\/","name":"Physician-Patient - AFMC","isPartOf":{"@id":"https:\/\/www.afmc.ca\/#website"},"datePublished":"2023-10-12T20:15:15+00:00","dateModified":"2023-10-17T13:04:19+00:00","breadcrumb":{"@id":"https:\/\/www.afmc.ca\/opioids\/patient-physician-partnership-toolkit\/physician-patient\/#breadcrumb"},"inLanguage":"fr-CA","potentialAction":[{"@type":"ReadAction","target":["https:\/\/www.afmc.ca\/opioids\/patient-physician-partnership-toolkit\/physician-patient\/"]}]},{"@type":"BreadcrumbList","@id":"https:\/\/www.afmc.ca\/opioids\/patient-physician-partnership-toolkit\/physician-patient\/#breadcrumb","itemListElement":[{"@type":"ListItem","position":1,"name":"Home","item":"https:\/\/www.afmc.ca\/"},{"@type":"ListItem","position":2,"name":"Opioids","item":"https:\/\/www.afmc.ca\/opioids\/"},{"@type":"ListItem","position":3,"name":"Patient-Physician Partnership Toolkit","item":"https:\/\/www.afmc.ca\/opioids\/patient-physician-partnership-toolkit\/"},{"@type":"ListItem","position":4,"name":"Physician-Patient"}]},{"@type":"WebSite","@id":"https:\/\/www.afmc.ca\/#website","url":"https:\/\/www.afmc.ca\/","name":"l\u2019AFMC","description":"The academic partner for Canada\u2019s faculties of medicine.","publisher":{"@id":"https:\/\/www.afmc.ca\/#organization"},"potentialAction":[{"@type":"SearchAction","target":{"@type":"EntryPoint","urlTemplate":"https:\/\/www.afmc.ca\/?s={search_term_string}"},"query-input":{"@type":"PropertyValueSpecification","valueRequired":true,"valueName":"search_term_string"}}],"inLanguage":"fr-CA"},{"@type":"Organization","@id":"https:\/\/www.afmc.ca\/#organization","name":"Association des facult\u00e9s de m\u00e9decine du Canada","url":"https:\/\/www.afmc.ca\/","logo":{"@type":"ImageObject","inLanguage":"fr-CA","@id":"https:\/\/www.afmc.ca\/#\/schema\/logo\/image\/","url":"https:\/\/www.afmc.ca\/wp-content\/uploads\/2022\/09\/AFMC-Flywheel.jpg","contentUrl":"https:\/\/www.afmc.ca\/wp-content\/uploads\/2022\/09\/AFMC-Flywheel.jpg","width":904,"height":536,"caption":"The Association of Faculties of Medicine of Canada"},"image":{"@id":"https:\/\/www.afmc.ca\/#\/schema\/logo\/image\/"},"sameAs":["https:\/\/x.com\/AFMC_e","https:\/\/www.instagram.com\/afmc.ca\/","https:\/\/www.linkedin.com\/company\/the-association-of-faculties-of-medicine-of-canada\/?originalSubdomain=ca","https:\/\/www.youtube.com\/channel\/UC02Np2Hp_mw-Tr5gR_y24pg?view_as=subscriber","https:\/\/twitter.com\/AFMC_f"]}]}},"_links":{"self":[{"href":"https:\/\/www.afmc.ca\/fr\/wp-json\/wp\/v2\/pages\/7577","targetHints":{"allow":["GET"]}}],"collection":[{"href":"https:\/\/www.afmc.ca\/fr\/wp-json\/wp\/v2\/pages"}],"about":[{"href":"https:\/\/www.afmc.ca\/fr\/wp-json\/wp\/v2\/types\/page"}],"author":[{"embeddable":true,"href":"https:\/\/www.afmc.ca\/fr\/wp-json\/wp\/v2\/users\/4"}],"replies":[{"embeddable":true,"href":"https:\/\/www.afmc.ca\/fr\/wp-json\/wp\/v2\/comments?post=7577"}],"version-history":[{"count":12,"href":"https:\/\/www.afmc.ca\/fr\/wp-json\/wp\/v2\/pages\/7577\/revisions"}],"predecessor-version":[{"id":8065,"href":"https:\/\/www.afmc.ca\/fr\/wp-json\/wp\/v2\/pages\/7577\/revisions\/8065"}],"up":[{"embeddable":true,"href":"https:\/\/www.afmc.ca\/fr\/wp-json\/wp\/v2\/pages\/7261"}],"wp:attachment":[{"href":"https:\/\/www.afmc.ca\/fr\/wp-json\/wp\/v2\/media?parent=7577"}],"curies":[{"name":"wp","href":"https:\/\/api.w.org\/{rel}","templated":true}]}}