{"id":7623,"date":"2023-10-13T09:19:25","date_gmt":"2023-10-13T13:19:25","guid":{"rendered":"https:\/\/www.afmc.ca\/?page_id=7623"},"modified":"2026-04-01T09:17:59","modified_gmt":"2026-04-01T13:17:59","slug":"postgraduate-medical-education","status":"publish","type":"page","link":"https:\/\/www.afmc.ca\/fr\/opioids\/postgraduate-medical-education\/","title":{"rendered":"Programme postdoctoral"},"content":{"rendered":"<div data-elementor-type=\"wp-page\" data-elementor-id=\"7623\" class=\"elementor elementor-7623\" data-elementor-post-type=\"page\">\n\t\t\t\t\t\t<section class=\"elementor-section elementor-top-section elementor-element elementor-element-2094782 elementor-section-boxed elementor-section-height-default elementor-section-height-default\" data-id=\"2094782\" data-element_type=\"section\" data-e-type=\"section\" id=\"banner\" data-settings=\"{&quot;jet_parallax_layout_list&quot;:[],&quot;background_background&quot;:&quot;classic&quot;}\">\n\t\t\t\t\t\t<div class=\"elementor-container elementor-column-gap-default\">\n\t\t\t\t\t<div class=\"elementor-column elementor-col-100 elementor-top-column elementor-element elementor-element-64d23582\" data-id=\"64d23582\" data-element_type=\"column\" data-e-type=\"column\">\n\t\t\t<div class=\"elementor-widget-wrap elementor-element-populated\">\n\t\t\t\t\t\t<div class=\"elementor-element elementor-element-59d53875 jet-breadcrumbs-page-title-yes jet-breadcrumbs-align-center elementor-widget elementor-widget-jet-breadcrumbs\" data-id=\"59d53875\" data-element_type=\"widget\" data-e-type=\"widget\" data-widget_type=\"jet-breadcrumbs.default\">\n\t\t\t\t<div class=\"elementor-widget-container\">\n\t\t\t\t\t<div class=\"elementor-jet-breadcrumbs jet-blocks\">\n\t\t<div class=\"jet-breadcrumbs\">\n\t\t<div class=\"jet-breadcrumbs__content\">\n\t\t<div class=\"jet-breadcrumbs__wrap\"><div class=\"jet-breadcrumbs__item\"><a href=\"https:\/\/www.afmc.ca\/fr\/\" class=\"jet-breadcrumbs__item-link is-home\" rel=\"home\" title=\"Page d&#039;accueil\">Page d'accueil<\/a><\/div>\n\t\t<\/div>\n\t\t<\/div>\n\t\t<\/div><\/div>\t\t\t\t<\/div>\n\t\t\t\t<\/div>\n\t\t\t\t\t<\/div>\n\t\t<\/div>\n\t\t\t\t\t<\/div>\n\t\t<\/section>\n\t\t\t\t<section class=\"elementor-section elementor-top-section elementor-element elementor-element-81bf74f elementor-section-boxed elementor-section-height-default elementor-section-height-default\" data-id=\"81bf74f\" data-element_type=\"section\" data-e-type=\"section\" data-settings=\"{&quot;jet_parallax_layout_list&quot;:[]}\">\n\t\t\t\t\t\t<div class=\"elementor-container elementor-column-gap-default\">\n\t\t\t\t\t<div class=\"elementor-column elementor-col-100 elementor-top-column elementor-element elementor-element-f198286\" data-id=\"f198286\" data-element_type=\"column\" data-e-type=\"column\">\n\t\t\t<div class=\"elementor-widget-wrap elementor-element-populated\">\n\t\t\t\t\t\t<section class=\"elementor-section elementor-inner-section elementor-element elementor-element-baf0d56 elementor-section-boxed elementor-section-height-default elementor-section-height-default\" data-id=\"baf0d56\" data-element_type=\"section\" data-e-type=\"section\" data-settings=\"{&quot;jet_parallax_layout_list&quot;:[]}\">\n\t\t\t\t\t\t<div class=\"elementor-container elementor-column-gap-default\">\n\t\t\t\t\t<div class=\"elementor-column elementor-col-50 elementor-inner-column elementor-element elementor-element-1f78171\" data-id=\"1f78171\" data-element_type=\"column\" data-e-type=\"column\">\n\t\t\t<div class=\"elementor-widget-wrap elementor-element-populated\">\n\t\t\t\t\t\t<div class=\"elementor-element elementor-element-c6ee16d elementor-widget elementor-widget-video\" data-id=\"c6ee16d\" data-element_type=\"widget\" data-e-type=\"widget\" data-settings=\"{&quot;youtube_url&quot;:&quot;https:\\\/\\\/www.youtube.com\\\/watch?v=N-JCodAlihc&quot;,&quot;video_type&quot;:&quot;youtube&quot;,&quot;controls&quot;:&quot;yes&quot;}\" data-no-translation=\"\" data-widget_type=\"video.default\">\n\t\t\t\t<div class=\"elementor-widget-container\">\n\t\t\t\t\t<style>.elementor-element-c6ee16d{display:none !important}<\/style>\t\t\t\t<\/div>\n\t\t\t\t<\/div>\n\t\t\t\t<div class=\"elementor-element elementor-element-1dd2632 elementor-widget elementor-widget-video\" data-id=\"1dd2632\" data-element_type=\"widget\" data-e-type=\"widget\" data-settings=\"{&quot;youtube_url&quot;:&quot;https:\\\/\\\/www.youtube.com\\\/watch?v=KfZmAMuhOMY&quot;,&quot;video_type&quot;:&quot;youtube&quot;,&quot;controls&quot;:&quot;yes&quot;}\" data-no-translation=\"\" data-widget_type=\"video.default\">\n\t\t\t\t<div class=\"elementor-widget-container\">\n\t\t\t\t\t\t\t<div class=\"elementor-wrapper elementor-open-inline\">\n\t\t\t<div class=\"elementor-video\"><\/div>\t\t<\/div>\n\t\t\t\t\t\t<\/div>\n\t\t\t\t<\/div>\n\t\t\t\t\t<\/div>\n\t\t<\/div>\n\t\t\t\t<div class=\"elementor-column elementor-col-50 elementor-inner-column elementor-element elementor-element-b0ef9ae\" data-id=\"b0ef9ae\" data-element_type=\"column\" data-e-type=\"column\">\n\t\t\t<div class=\"elementor-widget-wrap elementor-element-populated\">\n\t\t\t\t\t\t<div class=\"elementor-element elementor-element-c16e1f7 elementor-widget elementor-widget-text-editor\" data-id=\"c16e1f7\" data-element_type=\"widget\" data-e-type=\"widget\" data-widget_type=\"text-editor.default\">\n\t\t\t\t<div class=\"elementor-widget-container\">\n\t\t\t\t\t\t\t\t\t<p>L'AFMC r\u00e9agit \u00e0 l\u2019augmentation des surdoses et des d\u00e9c\u00e8s li\u00e9s aux opio\u00efdes au Canada en dirigeant la cr\u00e9ation d'un programme d'\u00e9tudes pancanadien ax\u00e9 sur les comp\u00e9tences pour les m\u00e9decins de demain et ceux d\u00e9j\u00e0 en exercice en ce qui a trait \u00e0 la prise en charge de la douleur et l\u2019usage de substances. Gr\u00e2ce au soutien de Sant\u00e9 Canada par l'entremise de son Programme sur l\u2019usage et les d\u00e9pendances aux substances, l'AFMC a re\u00e7u des fonds pour \u00e9laborer un programme d'\u00e9tudes m\u00e9dicales pr\u00e9doctorales (EMPr), d\u2019\u00e9tudes m\u00e9dicales postdoctorales (EMPo) et de D\u00e9veloppement professionnel continu (DPC) compos\u00e9 de modules bilingues en ligne qui combleront les lacunes des offres \u00e9ducatives actuelles. Ce programme offre une occasion pertinente d'aborder la crise des opio\u00efdes et permet aux m\u00e9decins d'acqu\u00e9rir de meilleures connaissances et de meilleurs outils.<\/p>\t\t\t\t\t\t\t\t<\/div>\n\t\t\t\t<\/div>\n\t\t\t\t\t<\/div>\n\t\t<\/div>\n\t\t\t\t\t<\/div>\n\t\t<\/section>\n\t\t\t\t<div class=\"elementor-element elementor-element-edc27dd elementor-widget elementor-widget-text-editor\" data-id=\"edc27dd\" data-element_type=\"widget\" data-e-type=\"widget\" data-widget_type=\"text-editor.default\">\n\t\t\t\t<div class=\"elementor-widget-container\">\n\t\t\t\t\t\t\t\t\t<p>Le programme d'\u00e9tudes :<\/p><ul><li>Permettra d\u2019offrir aux principaux intervenants, soit les m\u00e9decins r\u00e9sidents, les membres du corps professoral, les pr\u00e9cepteurs, les \u00e9tudiants en m\u00e9decine, les m\u00e9decins en exercice, les membres du milieu ou d\u2019autres prestataires interprofessionnels, une formation plus compl\u00e8te sur l\u2019usage appropri\u00e9 des opio\u00efdes et la r\u00e9ponse au m\u00e9susage d\u2019opio\u00efdes;<\/li><li>Propose des modules con\u00e7us pour accompagner les apprenants tout au long de leur formation m\u00e9dicale;<\/li><li>Pr\u00e9voit \u00e9galement l\u2019utilisation autonome des modules.<\/li><\/ul>\t\t\t\t\t\t\t\t<\/div>\n\t\t\t\t<\/div>\n\t\t\t\t<div class=\"elementor-element elementor-element-036f2a3 elementor-widget-divider--view-line elementor-widget elementor-widget-divider\" data-id=\"036f2a3\" data-element_type=\"widget\" data-e-type=\"widget\" data-widget_type=\"divider.default\">\n\t\t\t\t<div class=\"elementor-widget-container\">\n\t\t\t\t\t\t\t<div class=\"elementor-divider\">\n\t\t\t<span class=\"elementor-divider-separator\">\n\t\t\t\t\t\t<\/span>\n\t\t<\/div>\n\t\t\t\t\t\t<\/div>\n\t\t\t\t<\/div>\n\t\t\t\t<div class=\"elementor-element elementor-element-fbaa764 elementor-widget elementor-widget-accordion\" data-id=\"fbaa764\" data-element_type=\"widget\" data-e-type=\"widget\" data-widget_type=\"accordion.default\">\n\t\t\t\t<div class=\"elementor-widget-container\">\n\t\t\t\t\t\t\t<div class=\"elementor-accordion\">\n\t\t\t\t\t\t\t<div class=\"elementor-accordion-item\">\n\t\t\t\t\t<div id=\"elementor-tab-title-2631\" class=\"elementor-tab-title\" data-tab=\"1\" role=\"button\" aria-controls=\"elementor-tab-content-2631\" aria-expanded=\"false\">\n\t\t\t\t\t\t\t\t\t\t\t\t\t<span class=\"elementor-accordion-icon elementor-accordion-icon-left\" aria-hidden=\"true\">\n\t\t\t\t\t\t\t\t\t\t\t\t\t\t\t<span class=\"elementor-accordion-icon-closed\"><i class=\"fas fa-plus\"><\/i><\/span>\n\t\t\t\t\t\t\t\t<span class=\"elementor-accordion-icon-opened\"><i class=\"fas fa-minus\"><\/i><\/span>\n\t\t\t\t\t\t\t\t\t\t\t\t\t\t<\/span>\n\t\t\t\t\t\t\t\t\t\t\t\t<a class=\"elementor-accordion-title\" tabindex=\"0\">Th\u00e8mes<\/a>\n\t\t\t\t\t<\/div>\n\t\t\t\t\t<div id=\"elementor-tab-content-2631\" class=\"elementor-tab-content elementor-clearfix\" data-tab=\"1\" role=\"region\" aria-labelledby=\"elementor-tab-title-2631\"><ul><li><strong>Th\u00e8me 1<\/strong>: construction de relations avec les individus : g\u00e9rer les conversations difficiles<\/li><li><strong>Topic 2.1<\/strong>: gestion des opio\u00efdes : prescription et prise en charge<\/li><li><strong>Topic 2.2<\/strong>: gestion des opio\u00efdes : rotation et d\u00e9prescription<\/li><li><strong>Th\u00e8me 3<\/strong>: traitement m\u00e9dical de la toxicomanie<\/li><li><strong>Th\u00e8me 4<\/strong>: prise en charge de la douleur chronique dans divers contextes<\/li><li><strong>Th\u00e8me 5<\/strong>: douleur li\u00e9e au cancer<\/li><li><strong>Topic 6.1<\/strong>: connaissance avanc\u00e9e du traitement de la douleur<\/li><li><strong>Topic 6.2<\/strong>: prise en charge de la douleur chronique<\/li><\/ul><\/div>\n\t\t\t\t<\/div>\n\t\t\t\t\t\t\t<div class=\"elementor-accordion-item\">\n\t\t\t\t\t<div id=\"elementor-tab-title-2632\" class=\"elementor-tab-title\" data-tab=\"2\" role=\"button\" aria-controls=\"elementor-tab-content-2632\" aria-expanded=\"false\">\n\t\t\t\t\t\t\t\t\t\t\t\t\t<span class=\"elementor-accordion-icon elementor-accordion-icon-left\" aria-hidden=\"true\">\n\t\t\t\t\t\t\t\t\t\t\t\t\t\t\t<span class=\"elementor-accordion-icon-closed\"><i class=\"fas fa-plus\"><\/i><\/span>\n\t\t\t\t\t\t\t\t<span class=\"elementor-accordion-icon-opened\"><i class=\"fas fa-minus\"><\/i><\/span>\n\t\t\t\t\t\t\t\t\t\t\t\t\t\t<\/span>\n\t\t\t\t\t\t\t\t\t\t\t\t<a class=\"elementor-accordion-title\" tabindex=\"0\">Outil d\u2019auto-\u00e9valuation<\/a>\n\t\t\t\t\t<\/div>\n\t\t\t\t\t<div id=\"elementor-tab-content-2632\" class=\"elementor-tab-content elementor-clearfix\" data-tab=\"2\" role=\"region\" aria-labelledby=\"elementor-tab-title-2632\"><p class=\"p1\">L'outil d'auto-\u00e9valuation a \u00e9t\u00e9 cr\u00e9\u00e9 \u00e0 l'intention des m\u00e9decins pour leur permettre d'identifier quels modules ils devraient suivre ou ont besoin de suivre.<\/p>\n<p class=\"p2\"><strong>Qu'est-ce que l'outil d'auto-\u00e9valuation?<\/strong><\/p>\n\n<ul>\n \t<li><span class=\"s1\">En ligne et gratuit<\/span><\/li>\n \t<li><span class=\"s1\">Des questions d'\u00e9valuation \u00e0 choix multiples, gratuites et en ligne, relatives \u00e0 chaque module.<\/span><\/li>\n \t<li><span class=\"s1\">Vous indique si vous avez bien ou mal r\u00e9pondu \u00e0 la question et POURQUOI.<\/span><\/li>\n \t<li><span class=\"s1\">Suit et compile les r\u00e9sultats obtenus afin de recommander les modules du projet de R\u00e9ponse \u00e0 la crise des opio\u00efdes les plus pertinents pour vous.<\/span><\/li>\n \t<li><span class=\"s1\">Envoi par courriel de la liste des modules recommand\u00e9s.<\/span><\/li>\n \t<li><span class=\"s1\">Possibilit\u00e9 d\u2019obtenir des cr\u00e9dits MAINPRO+ et des cr\u00e9dits du Coll\u00e8ge royal<\/span><\/li>\n \t<li><span class=\"s1\">Il faut compter entre 45 minutes et 1 heure pour compl\u00e9ter le questionnaire.<\/span><\/li>\n<\/ul>\n<p class=\"p2\"><strong><span class=\"s1\">Acc\u00e9der Outil d'auto-\u00e9valuation, veuillez cliquer ici :\u00a0<a href=\"https:\/\/queensu.qualtrics.com\/jfe\/form\/SV_9ENbS6RNWxHOwjc\" target=\"_blank\" rel=\"noopener\"><span class=\"s2\">https:\/\/queensu.qualtrics.com\/jfe\/form\/SV_9ENbS6RNWxHOwjc<\/span><\/a><\/span><\/strong><\/p>\n<br>\n<iframe style=\"max-width:560px;\"width=\"560\" height=\"315\" src=\"https:\/\/www.youtube.com\/embed\/WO2KEJWWenc?si=MU-cMKpEQM2klZNI\" title=\"YouTube video player\" frameborder=\"0\" allow=\"accelerometer; autoplay; clipboard-write; encrypted-media; gyroscope; picture-in-picture; web-share\" allowfullscreen><\/iframe><\/div>\n\t\t\t\t<\/div>\n\t\t\t\t\t\t\t\t<\/div>\n\t\t\t\t\t\t<\/div>\n\t\t\t\t<\/div>\n\t\t\t\t\t<\/div>\n\t\t<\/div>\n\t\t\t\t\t<\/div>\n\t\t<\/section>\n\t\t\t\t<section class=\"elementor-section elementor-top-section elementor-element elementor-element-00ff40e elementor-section-boxed elementor-section-height-default elementor-section-height-default\" data-id=\"00ff40e\" data-element_type=\"section\" data-e-type=\"section\" data-settings=\"{&quot;jet_parallax_layout_list&quot;:[],&quot;background_background&quot;:&quot;classic&quot;}\">\n\t\t\t\t\t\t<div class=\"elementor-container elementor-column-gap-default\">\n\t\t\t\t\t<div class=\"elementor-column elementor-col-100 elementor-top-column elementor-element elementor-element-d328368\" data-id=\"d328368\" data-element_type=\"column\" data-e-type=\"column\">\n\t\t\t<div class=\"elementor-widget-wrap elementor-element-populated\">\n\t\t\t\t\t\t<div class=\"elementor-element elementor-element-554e165 elementor-widget elementor-widget-text-editor\" data-id=\"554e165\" data-element_type=\"widget\" data-e-type=\"widget\" data-widget_type=\"text-editor.default\">\n\t\t\t\t<div class=\"elementor-widget-container\">\n\t\t\t\t\t\t\t\t\t<p>Veuillez noter que les modules du programme sur les opio\u00efdes de l\u2019AFMC sont actuellement en maintenance et ne sont pas disponibles pour le moment. Ils seront accessibles ici au d\u00e9but du mois de mai 2026.<\/p>\t\t\t\t\t\t\t\t<\/div>\n\t\t\t\t<\/div>\n\t\t\t\t\t<\/div>\n\t\t<\/div>\n\t\t\t\t\t<\/div>\n\t\t<\/section>\n\t\t\t\t<section class=\"elementor-section elementor-top-section elementor-element elementor-element-11c31d38 elementor-section-boxed elementor-section-height-default elementor-section-height-default\" data-id=\"11c31d38\" data-element_type=\"section\" data-e-type=\"section\" data-settings=\"{&quot;jet_parallax_layout_list&quot;:[]}\">\n\t\t\t\t\t\t<div class=\"elementor-container elementor-column-gap-default\">\n\t\t\t\t\t<div class=\"elementor-column elementor-col-100 elementor-top-column elementor-element elementor-element-718d7932\" data-id=\"718d7932\" data-element_type=\"column\" data-e-type=\"column\">\n\t\t\t<div class=\"elementor-widget-wrap elementor-element-populated\">\n\t\t\t\t\t\t<div class=\"elementor-element elementor-element-d0ea0be elementor-view-stacked elementor-shape-square elementor-fixed elementor-widget elementor-widget-icon\" data-id=\"d0ea0be\" data-element_type=\"widget\" data-e-type=\"widget\" data-settings=\"{&quot;_position&quot;:&quot;fixed&quot;}\" data-widget_type=\"icon.default\">\n\t\t\t\t<div class=\"elementor-widget-container\">\n\t\t\t\t\t\t\t<div class=\"elementor-icon-wrapper\">\n\t\t\t<a class=\"elementor-icon elementor-animation-grow\" href=\"#banner\">\n\t\t\t<i aria-hidden=\"true\" class=\"fas fa-angle-up\"><\/i>\t\t\t<\/a>\n\t\t<\/div>\n\t\t\t\t\t\t<\/div>\n\t\t\t\t<\/div>\n\t\t\t\t\t<\/div>\n\t\t<\/div>\n\t\t\t\t\t<\/div>\n\t\t<\/section>\n\t\t\t\t<\/div>","protected":false},"excerpt":{"rendered":"<p>Home https:\/\/www.youtube.com\/watch?v=N-JCodAlihchttps:\/\/www.youtube.com\/watch?v=KfZmAMuhOMY AFMC is responding to the surge of overdoses and opioid-related deaths in Canada by leading the creation of a Canada-wide, competency-based curricula for current and future physicians in pain management and addiction medicine. With support from Health Canada through its Substance Use and Addiction Program, AFMC received funding to develop an Undergraduate Medical [&hellip;]<\/p>\n","protected":false},"author":4,"featured_media":0,"parent":7113,"menu_order":0,"comment_status":"closed","ping_status":"closed","template":"","meta":{"footnotes":""},"class_list":["post-7623","page","type-page","status-publish","hentry"],"yoast_head":"<!-- This site is optimized with the Yoast SEO plugin v27.3 - https:\/\/yoast.com\/product\/yoast-seo-wordpress\/ -->\n<title>Postgraduate Medical Education - AFMC<\/title>\n<meta name=\"robots\" content=\"index, follow, max-snippet:-1, max-image-preview:large, max-video-preview:-1\" \/>\n<link rel=\"canonical\" href=\"https:\/\/www.afmc.ca\/fr\/opioids\/postgraduate-medical-education\/\" \/>\n<meta property=\"og:locale\" content=\"fr_CA\" \/>\n<meta property=\"og:type\" content=\"article\" \/>\n<meta property=\"og:title\" content=\"Postgraduate Medical Education - AFMC\" \/>\n<meta property=\"og:description\" content=\"Home https:\/\/www.youtube.com\/watch?v=N-JCodAlihchttps:\/\/www.youtube.com\/watch?v=KfZmAMuhOMY AFMC is responding to the surge of overdoses and opioid-related deaths in Canada by leading the creation of a Canada-wide, competency-based curricula for current and future physicians in pain management and addiction medicine. With support from Health Canada through its Substance Use and Addiction Program, AFMC received funding to develop an Undergraduate Medical [&hellip;]\" \/>\n<meta property=\"og:url\" content=\"https:\/\/www.afmc.ca\/fr\/opioids\/postgraduate-medical-education\/\" \/>\n<meta property=\"og:site_name\" content=\"AFMC\" \/>\n<meta property=\"article:modified_time\" content=\"2026-04-01T13:17:59+00:00\" \/>\n<meta name=\"twitter:card\" content=\"summary_large_image\" \/>\n<meta name=\"twitter:site\" content=\"@AFMC_e\" \/>\n<meta name=\"twitter:label1\" content=\"Estimation du temps de lecture\" \/>\n\t<meta name=\"twitter:data1\" content=\"2 minutes\" \/>\n<script type=\"application\/ld+json\" class=\"yoast-schema-graph\">{\"@context\":\"https:\\\/\\\/schema.org\",\"@graph\":[{\"@type\":\"WebPage\",\"@id\":\"https:\\\/\\\/www.afmc.ca\\\/opioids\\\/postgraduate-medical-education\\\/\",\"url\":\"https:\\\/\\\/www.afmc.ca\\\/opioids\\\/postgraduate-medical-education\\\/\",\"name\":\"Postgraduate Medical Education - AFMC\",\"isPartOf\":{\"@id\":\"https:\\\/\\\/www.afmc.ca\\\/#website\"},\"datePublished\":\"2023-10-13T13:19:25+00:00\",\"dateModified\":\"2026-04-01T13:17:59+00:00\",\"breadcrumb\":{\"@id\":\"https:\\\/\\\/www.afmc.ca\\\/opioids\\\/postgraduate-medical-education\\\/#breadcrumb\"},\"inLanguage\":\"fr-CA\",\"potentialAction\":[{\"@type\":\"ReadAction\",\"target\":[\"https:\\\/\\\/www.afmc.ca\\\/opioids\\\/postgraduate-medical-education\\\/\"]}]},{\"@type\":\"BreadcrumbList\",\"@id\":\"https:\\\/\\\/www.afmc.ca\\\/opioids\\\/postgraduate-medical-education\\\/#breadcrumb\",\"itemListElement\":[{\"@type\":\"ListItem\",\"position\":1,\"name\":\"Home\",\"item\":\"https:\\\/\\\/www.afmc.ca\\\/\"},{\"@type\":\"ListItem\",\"position\":2,\"name\":\"Opioids\",\"item\":\"https:\\\/\\\/www.afmc.ca\\\/opioids\\\/\"},{\"@type\":\"ListItem\",\"position\":3,\"name\":\"Postgraduate Medical Education\"}]},{\"@type\":\"WebSite\",\"@id\":\"https:\\\/\\\/www.afmc.ca\\\/#website\",\"url\":\"https:\\\/\\\/www.afmc.ca\\\/\",\"name\":\"AFMC\",\"description\":\"The academic partner for Canada\u2019s faculties of medicine.\",\"publisher\":{\"@id\":\"https:\\\/\\\/www.afmc.ca\\\/#organization\"},\"potentialAction\":[{\"@type\":\"SearchAction\",\"target\":{\"@type\":\"EntryPoint\",\"urlTemplate\":\"https:\\\/\\\/www.afmc.ca\\\/?s={search_term_string}\"},\"query-input\":{\"@type\":\"PropertyValueSpecification\",\"valueRequired\":true,\"valueName\":\"search_term_string\"}}],\"inLanguage\":\"fr-CA\"},{\"@type\":\"Organization\",\"@id\":\"https:\\\/\\\/www.afmc.ca\\\/#organization\",\"name\":\"The Association of Faculties of Medicine of Canada\",\"url\":\"https:\\\/\\\/www.afmc.ca\\\/\",\"logo\":{\"@type\":\"ImageObject\",\"inLanguage\":\"fr-CA\",\"@id\":\"https:\\\/\\\/www.afmc.ca\\\/#\\\/schema\\\/logo\\\/image\\\/\",\"url\":\"https:\\\/\\\/www.afmc.ca\\\/wp-content\\\/uploads\\\/2022\\\/09\\\/AFMC-Flywheel.jpg\",\"contentUrl\":\"https:\\\/\\\/www.afmc.ca\\\/wp-content\\\/uploads\\\/2022\\\/09\\\/AFMC-Flywheel.jpg\",\"width\":904,\"height\":536,\"caption\":\"The Association of Faculties of Medicine of Canada\"},\"image\":{\"@id\":\"https:\\\/\\\/www.afmc.ca\\\/#\\\/schema\\\/logo\\\/image\\\/\"},\"sameAs\":[\"https:\\\/\\\/x.com\\\/AFMC_e\",\"https:\\\/\\\/www.instagram.com\\\/afmc.ca\\\/\",\"https:\\\/\\\/www.linkedin.com\\\/company\\\/the-association-of-faculties-of-medicine-of-canada\\\/?originalSubdomain=ca\",\"https:\\\/\\\/www.youtube.com\\\/channel\\\/UC02Np2Hp_mw-Tr5gR_y24pg?view_as=subscriber\",\"https:\\\/\\\/twitter.com\\\/AFMC_f\"]}]}<\/script>\n<!-- \/ Yoast SEO plugin. -->","yoast_head_json":{"title":"Postgraduate Medical Education - AFMC","robots":{"index":"index","follow":"follow","max-snippet":"max-snippet:-1","max-image-preview":"max-image-preview:large","max-video-preview":"max-video-preview:-1"},"canonical":"https:\/\/www.afmc.ca\/fr\/opioids\/postgraduate-medical-education\/","og_locale":"fr_CA","og_type":"article","og_title":"Postgraduate Medical Education - AFMC","og_description":"Home https:\/\/www.youtube.com\/watch?v=N-JCodAlihchttps:\/\/www.youtube.com\/watch?v=KfZmAMuhOMY AFMC is responding to the surge of overdoses and opioid-related deaths in Canada by leading the creation of a Canada-wide, competency-based curricula for current and future physicians in pain management and addiction medicine. With support from Health Canada through its Substance Use and Addiction Program, AFMC received funding to develop an Undergraduate Medical [&hellip;]","og_url":"https:\/\/www.afmc.ca\/fr\/opioids\/postgraduate-medical-education\/","og_site_name":"AFMC","article_modified_time":"2026-04-01T13:17:59+00:00","twitter_card":"summary_large_image","twitter_site":"@AFMC_e","twitter_misc":{"Estimation du temps de lecture":"2 minutes"},"schema":{"@context":"https:\/\/schema.org","@graph":[{"@type":"WebPage","@id":"https:\/\/www.afmc.ca\/opioids\/postgraduate-medical-education\/","url":"https:\/\/www.afmc.ca\/opioids\/postgraduate-medical-education\/","name":"Postgraduate Medical Education - AFMC","isPartOf":{"@id":"https:\/\/www.afmc.ca\/#website"},"datePublished":"2023-10-13T13:19:25+00:00","dateModified":"2026-04-01T13:17:59+00:00","breadcrumb":{"@id":"https:\/\/www.afmc.ca\/opioids\/postgraduate-medical-education\/#breadcrumb"},"inLanguage":"fr-CA","potentialAction":[{"@type":"ReadAction","target":["https:\/\/www.afmc.ca\/opioids\/postgraduate-medical-education\/"]}]},{"@type":"BreadcrumbList","@id":"https:\/\/www.afmc.ca\/opioids\/postgraduate-medical-education\/#breadcrumb","itemListElement":[{"@type":"ListItem","position":1,"name":"Home","item":"https:\/\/www.afmc.ca\/"},{"@type":"ListItem","position":2,"name":"Opioids","item":"https:\/\/www.afmc.ca\/opioids\/"},{"@type":"ListItem","position":3,"name":"Postgraduate Medical Education"}]},{"@type":"WebSite","@id":"https:\/\/www.afmc.ca\/#website","url":"https:\/\/www.afmc.ca\/","name":"l\u2019AFMC","description":"The academic partner for Canada\u2019s faculties of medicine.","publisher":{"@id":"https:\/\/www.afmc.ca\/#organization"},"potentialAction":[{"@type":"SearchAction","target":{"@type":"EntryPoint","urlTemplate":"https:\/\/www.afmc.ca\/?s={search_term_string}"},"query-input":{"@type":"PropertyValueSpecification","valueRequired":true,"valueName":"search_term_string"}}],"inLanguage":"fr-CA"},{"@type":"Organization","@id":"https:\/\/www.afmc.ca\/#organization","name":"Association des facult\u00e9s de m\u00e9decine du Canada","url":"https:\/\/www.afmc.ca\/","logo":{"@type":"ImageObject","inLanguage":"fr-CA","@id":"https:\/\/www.afmc.ca\/#\/schema\/logo\/image\/","url":"https:\/\/www.afmc.ca\/wp-content\/uploads\/2022\/09\/AFMC-Flywheel.jpg","contentUrl":"https:\/\/www.afmc.ca\/wp-content\/uploads\/2022\/09\/AFMC-Flywheel.jpg","width":904,"height":536,"caption":"The Association of Faculties of Medicine of Canada"},"image":{"@id":"https:\/\/www.afmc.ca\/#\/schema\/logo\/image\/"},"sameAs":["https:\/\/x.com\/AFMC_e","https:\/\/www.instagram.com\/afmc.ca\/","https:\/\/www.linkedin.com\/company\/the-association-of-faculties-of-medicine-of-canada\/?originalSubdomain=ca","https:\/\/www.youtube.com\/channel\/UC02Np2Hp_mw-Tr5gR_y24pg?view_as=subscriber","https:\/\/twitter.com\/AFMC_f"]}]}},"_links":{"self":[{"href":"https:\/\/www.afmc.ca\/fr\/wp-json\/wp\/v2\/pages\/7623","targetHints":{"allow":["GET"]}}],"collection":[{"href":"https:\/\/www.afmc.ca\/fr\/wp-json\/wp\/v2\/pages"}],"about":[{"href":"https:\/\/www.afmc.ca\/fr\/wp-json\/wp\/v2\/types\/page"}],"author":[{"embeddable":true,"href":"https:\/\/www.afmc.ca\/fr\/wp-json\/wp\/v2\/users\/4"}],"replies":[{"embeddable":true,"href":"https:\/\/www.afmc.ca\/fr\/wp-json\/wp\/v2\/comments?post=7623"}],"version-history":[{"count":55,"href":"https:\/\/www.afmc.ca\/fr\/wp-json\/wp\/v2\/pages\/7623\/revisions"}],"predecessor-version":[{"id":11707,"href":"https:\/\/www.afmc.ca\/fr\/wp-json\/wp\/v2\/pages\/7623\/revisions\/11707"}],"up":[{"embeddable":true,"href":"https:\/\/www.afmc.ca\/fr\/wp-json\/wp\/v2\/pages\/7113"}],"wp:attachment":[{"href":"https:\/\/www.afmc.ca\/fr\/wp-json\/wp\/v2\/media?parent=7623"}],"curies":[{"name":"wp","href":"https:\/\/api.w.org\/{rel}","templated":true}]}}