{"id":7638,"date":"2023-10-13T09:26:56","date_gmt":"2023-10-13T13:26:56","guid":{"rendered":"https:\/\/www.afmc.ca\/?page_id=7638"},"modified":"2023-10-17T09:11:50","modified_gmt":"2023-10-17T13:11:50","slug":"promotional-videos","status":"publish","type":"page","link":"https:\/\/www.afmc.ca\/fr\/opioids\/promotional-videos\/","title":{"rendered":"Promotional Videos"},"content":{"rendered":"<div data-elementor-type=\"wp-page\" data-elementor-id=\"7638\" class=\"elementor elementor-7638\" data-elementor-post-type=\"page\">\n\t\t\t\t\t\t<section class=\"elementor-section elementor-top-section elementor-element elementor-element-6f55c69e elementor-section-boxed elementor-section-height-default elementor-section-height-default\" data-id=\"6f55c69e\" data-element_type=\"section\" data-e-type=\"section\" id=\"banner\" data-settings=\"{&quot;jet_parallax_layout_list&quot;:[],&quot;background_background&quot;:&quot;classic&quot;}\">\n\t\t\t\t\t\t<div class=\"elementor-container elementor-column-gap-default\">\n\t\t\t\t\t<div class=\"elementor-column elementor-col-100 elementor-top-column elementor-element elementor-element-267a127e\" data-id=\"267a127e\" data-element_type=\"column\" data-e-type=\"column\">\n\t\t\t<div class=\"elementor-widget-wrap elementor-element-populated\">\n\t\t\t\t\t\t<div class=\"elementor-element elementor-element-6feb7ed8 jet-breadcrumbs-page-title-yes jet-breadcrumbs-align-center elementor-widget elementor-widget-jet-breadcrumbs\" data-id=\"6feb7ed8\" data-element_type=\"widget\" data-e-type=\"widget\" data-widget_type=\"jet-breadcrumbs.default\">\n\t\t\t\t<div class=\"elementor-widget-container\">\n\t\t\t\t\t<div class=\"elementor-jet-breadcrumbs jet-blocks\">\n\t\t<div class=\"jet-breadcrumbs\">\n\t\t<div class=\"jet-breadcrumbs__content\">\n\t\t<div class=\"jet-breadcrumbs__wrap\"><div class=\"jet-breadcrumbs__item\"><a href=\"https:\/\/www.afmc.ca\/fr\/\" class=\"jet-breadcrumbs__item-link is-home\" rel=\"home\" title=\"Page d&#039;accueil\">Page d'accueil<\/a><\/div>\n\t\t<\/div>\n\t\t<\/div>\n\t\t<\/div><\/div>\t\t\t\t<\/div>\n\t\t\t\t<\/div>\n\t\t\t\t\t<\/div>\n\t\t<\/div>\n\t\t\t\t\t<\/div>\n\t\t<\/section>\n\t\t\t\t<section class=\"elementor-section elementor-top-section elementor-element elementor-element-57c9f45 elementor-section-boxed elementor-section-height-default elementor-section-height-default\" data-id=\"57c9f45\" data-element_type=\"section\" data-e-type=\"section\" data-settings=\"{&quot;jet_parallax_layout_list&quot;:[],&quot;background_background&quot;:&quot;classic&quot;}\">\n\t\t\t\t\t\t<div class=\"elementor-container elementor-column-gap-default\">\n\t\t\t\t\t<div class=\"elementor-column elementor-col-100 elementor-top-column elementor-element elementor-element-427e541\" data-id=\"427e541\" data-element_type=\"column\" data-e-type=\"column\">\n\t\t\t<div class=\"elementor-widget-wrap elementor-element-populated\">\n\t\t\t\t\t\t<div class=\"elementor-element elementor-element-c1368aa elementor-widget elementor-widget-heading\" data-id=\"c1368aa\" data-element_type=\"widget\" data-e-type=\"widget\" data-widget_type=\"heading.default\">\n\t\t\t\t<div class=\"elementor-widget-container\">\n\t\t\t\t\t<h2 class=\"elementor-heading-title elementor-size-default\">R\u00e9ponse de l'AFMC \u00e0 la crise des opio\u00efdes<\/h2>\t\t\t\t<\/div>\n\t\t\t\t<\/div>\n\t\t\t\t\t<\/div>\n\t\t<\/div>\n\t\t\t\t\t<\/div>\n\t\t<\/section>\n\t\t\t\t<section class=\"elementor-section elementor-top-section elementor-element elementor-element-0299be2 elementor-section-boxed elementor-section-height-default elementor-section-height-default\" data-id=\"0299be2\" data-element_type=\"section\" data-e-type=\"section\" data-settings=\"{&quot;jet_parallax_layout_list&quot;:[]}\">\n\t\t\t\t\t\t<div class=\"elementor-container elementor-column-gap-default\">\n\t\t\t\t\t<div class=\"elementor-column elementor-col-100 elementor-top-column elementor-element elementor-element-23f4c15\" data-id=\"23f4c15\" data-element_type=\"column\" data-e-type=\"column\">\n\t\t\t<div class=\"elementor-widget-wrap elementor-element-populated\">\n\t\t\t\t\t\t<section class=\"elementor-section elementor-inner-section elementor-element elementor-element-78ec68a elementor-section-boxed elementor-section-height-default elementor-section-height-default\" data-id=\"78ec68a\" data-element_type=\"section\" data-e-type=\"section\" data-settings=\"{&quot;jet_parallax_layout_list&quot;:[]}\">\n\t\t\t\t\t\t<div class=\"elementor-container elementor-column-gap-default\">\n\t\t\t\t\t<div class=\"elementor-column elementor-col-50 elementor-inner-column elementor-element elementor-element-63130ab\" data-id=\"63130ab\" data-element_type=\"column\" data-e-type=\"column\">\n\t\t\t<div class=\"elementor-widget-wrap elementor-element-populated\">\n\t\t\t\t\t\t<div class=\"elementor-element elementor-element-53bb493 elementor-widget elementor-widget-heading\" data-id=\"53bb493\" data-element_type=\"widget\" data-e-type=\"widget\" data-widget_type=\"heading.default\">\n\t\t\t\t<div class=\"elementor-widget-container\">\n\t\t\t\t\t<h2 class=\"elementor-heading-title elementor-size-default\">R\u00e9ponse de l\u2019AFMC \u00e0 la crise des opio\u00efdes<\/h2>\t\t\t\t<\/div>\n\t\t\t\t<\/div>\n\t\t\t\t<div class=\"elementor-element elementor-element-5a0a9b1 elementor-widget elementor-widget-text-editor\" data-id=\"5a0a9b1\" data-element_type=\"widget\" data-e-type=\"widget\" data-widget_type=\"text-editor.default\">\n\t\t\t\t<div class=\"elementor-widget-container\">\n\t\t\t\t\t\t\t\t\t<p>Vid\u00e9o de la Dre Lisa Graves, responsable du projet<\/p>\t\t\t\t\t\t\t\t<\/div>\n\t\t\t\t<\/div>\n\t\t\t\t\t<\/div>\n\t\t<\/div>\n\t\t\t\t<div class=\"elementor-column elementor-col-50 elementor-inner-column elementor-element elementor-element-70de31c\" data-id=\"70de31c\" data-element_type=\"column\" data-e-type=\"column\">\n\t\t\t<div class=\"elementor-widget-wrap elementor-element-populated\">\n\t\t\t\t\t\t<div class=\"elementor-element elementor-element-42a0e09 elementor-widget elementor-widget-video\" data-id=\"42a0e09\" data-element_type=\"widget\" data-e-type=\"widget\" data-settings=\"{&quot;youtube_url&quot;:&quot;https:\\\/\\\/www.youtube.com\\\/watch?v=U-BCPBrqlOI&quot;,&quot;video_type&quot;:&quot;youtube&quot;,&quot;controls&quot;:&quot;yes&quot;}\" data-widget_type=\"video.default\">\n\t\t\t\t<div class=\"elementor-widget-container\">\n\t\t\t\t\t\t\t<div class=\"elementor-wrapper elementor-open-inline\">\n\t\t\t<div class=\"elementor-video\"><\/div>\t\t<\/div>\n\t\t\t\t\t\t<\/div>\n\t\t\t\t<\/div>\n\t\t\t\t\t<\/div>\n\t\t<\/div>\n\t\t\t\t\t<\/div>\n\t\t<\/section>\n\t\t\t\t<section class=\"elementor-section elementor-inner-section elementor-element elementor-element-f5d70d8 elementor-section-boxed elementor-section-height-default elementor-section-height-default\" data-id=\"f5d70d8\" data-element_type=\"section\" data-e-type=\"section\" data-settings=\"{&quot;jet_parallax_layout_list&quot;:[]}\">\n\t\t\t\t\t\t<div class=\"elementor-container elementor-column-gap-default\">\n\t\t\t\t\t<div class=\"elementor-column elementor-col-50 elementor-inner-column elementor-element elementor-element-fe4bbba\" data-id=\"fe4bbba\" data-element_type=\"column\" data-e-type=\"column\">\n\t\t\t<div class=\"elementor-widget-wrap elementor-element-populated\">\n\t\t\t\t\t\t<div class=\"elementor-element elementor-element-ec3fe9c elementor-widget elementor-widget-heading\" data-id=\"ec3fe9c\" data-element_type=\"widget\" data-e-type=\"widget\" data-widget_type=\"heading.default\">\n\t\t\t\t<div class=\"elementor-widget-container\">\n\t\t\t\t\t<h2 class=\"elementor-heading-title elementor-size-default\">Modules for medical students<\/h2>\t\t\t\t<\/div>\n\t\t\t\t<\/div>\n\t\t\t\t<div class=\"elementor-element elementor-element-197f8a1 elementor-widget elementor-widget-text-editor\" data-id=\"197f8a1\" data-element_type=\"widget\" data-e-type=\"widget\" data-widget_type=\"text-editor.default\">\n\t\t\t\t<div class=\"elementor-widget-container\">\n\t\t\t\t\t\t\t\t\t<p>Vid\u00e9o de Julien Lapierre, \u00e9tudiant en m\u00e9decine<\/p>\t\t\t\t\t\t\t\t<\/div>\n\t\t\t\t<\/div>\n\t\t\t\t\t<\/div>\n\t\t<\/div>\n\t\t\t\t<div class=\"elementor-column elementor-col-50 elementor-inner-column elementor-element elementor-element-bdba7c9\" data-id=\"bdba7c9\" data-element_type=\"column\" data-e-type=\"column\">\n\t\t\t<div class=\"elementor-widget-wrap elementor-element-populated\">\n\t\t\t\t\t\t<div class=\"elementor-element elementor-element-0b7dad5 elementor-widget elementor-widget-video\" data-id=\"0b7dad5\" data-element_type=\"widget\" data-e-type=\"widget\" data-settings=\"{&quot;youtube_url&quot;:&quot;https:\\\/\\\/www.youtube.com\\\/watch?v=Otv7cFS0KbA&quot;,&quot;video_type&quot;:&quot;youtube&quot;,&quot;controls&quot;:&quot;yes&quot;}\" data-widget_type=\"video.default\">\n\t\t\t\t<div class=\"elementor-widget-container\">\n\t\t\t\t\t\t\t<div class=\"elementor-wrapper elementor-open-inline\">\n\t\t\t<div class=\"elementor-video\"><\/div>\t\t<\/div>\n\t\t\t\t\t\t<\/div>\n\t\t\t\t<\/div>\n\t\t\t\t\t<\/div>\n\t\t<\/div>\n\t\t\t\t\t<\/div>\n\t\t<\/section>\n\t\t\t\t<section class=\"elementor-section elementor-inner-section elementor-element elementor-element-25e5d99 elementor-section-boxed elementor-section-height-default elementor-section-height-default\" data-id=\"25e5d99\" data-element_type=\"section\" data-e-type=\"section\" data-settings=\"{&quot;jet_parallax_layout_list&quot;:[]}\">\n\t\t\t\t\t\t<div class=\"elementor-container elementor-column-gap-default\">\n\t\t\t\t\t<div class=\"elementor-column elementor-col-50 elementor-inner-column elementor-element elementor-element-4c0d65d\" data-id=\"4c0d65d\" data-element_type=\"column\" data-e-type=\"column\">\n\t\t\t<div class=\"elementor-widget-wrap elementor-element-populated\">\n\t\t\t\t\t\t<div class=\"elementor-element elementor-element-37a854b elementor-widget elementor-widget-heading\" data-id=\"37a854b\" data-element_type=\"widget\" data-e-type=\"widget\" data-widget_type=\"heading.default\">\n\t\t\t\t<div class=\"elementor-widget-container\">\n\t\t\t\t\t<h2 class=\"elementor-heading-title elementor-size-default\">En quoi cela est-il important?<\/h2>\t\t\t\t<\/div>\n\t\t\t\t<\/div>\n\t\t\t\t<div class=\"elementor-element elementor-element-b66b599 elementor-widget elementor-widget-text-editor\" data-id=\"b66b599\" data-element_type=\"widget\" data-e-type=\"widget\" data-widget_type=\"text-editor.default\">\n\t\t\t\t<div class=\"elementor-widget-container\">\n\t\t\t\t\t\t\t\t\t<p>Vid\u00e9o de Camille Fauteux, partenariat patients<\/p>\t\t\t\t\t\t\t\t<\/div>\n\t\t\t\t<\/div>\n\t\t\t\t\t<\/div>\n\t\t<\/div>\n\t\t\t\t<div class=\"elementor-column elementor-col-50 elementor-inner-column elementor-element elementor-element-10e7952\" data-id=\"10e7952\" data-element_type=\"column\" data-e-type=\"column\">\n\t\t\t<div class=\"elementor-widget-wrap elementor-element-populated\">\n\t\t\t\t\t\t<div class=\"elementor-element elementor-element-8edb9e5 elementor-widget elementor-widget-video\" data-id=\"8edb9e5\" data-element_type=\"widget\" data-e-type=\"widget\" data-settings=\"{&quot;youtube_url&quot;:&quot;https:\\\/\\\/www.youtube.com\\\/watch?v=vlIQ7lWdmlw&quot;,&quot;video_type&quot;:&quot;youtube&quot;,&quot;controls&quot;:&quot;yes&quot;}\" data-widget_type=\"video.default\">\n\t\t\t\t<div class=\"elementor-widget-container\">\n\t\t\t\t\t\t\t<div class=\"elementor-wrapper elementor-open-inline\">\n\t\t\t<div class=\"elementor-video\"><\/div>\t\t<\/div>\n\t\t\t\t\t\t<\/div>\n\t\t\t\t<\/div>\n\t\t\t\t\t<\/div>\n\t\t<\/div>\n\t\t\t\t\t<\/div>\n\t\t<\/section>\n\t\t\t\t\t<\/div>\n\t\t<\/div>\n\t\t\t\t\t<\/div>\n\t\t<\/section>\n\t\t\t\t<section class=\"elementor-section elementor-top-section elementor-element elementor-element-5b148b8b elementor-section-boxed elementor-section-height-default elementor-section-height-default\" data-id=\"5b148b8b\" data-element_type=\"section\" data-e-type=\"section\" data-settings=\"{&quot;jet_parallax_layout_list&quot;:[]}\">\n\t\t\t\t\t\t<div class=\"elementor-container elementor-column-gap-default\">\n\t\t\t\t\t<div class=\"elementor-column elementor-col-100 elementor-top-column elementor-element elementor-element-1ff94560\" data-id=\"1ff94560\" data-element_type=\"column\" data-e-type=\"column\">\n\t\t\t<div class=\"elementor-widget-wrap elementor-element-populated\">\n\t\t\t\t\t\t<div class=\"elementor-element elementor-element-70fbf239 elementor-view-stacked elementor-shape-square elementor-fixed elementor-widget elementor-widget-icon\" data-id=\"70fbf239\" data-element_type=\"widget\" data-e-type=\"widget\" data-settings=\"{&quot;_position&quot;:&quot;fixed&quot;}\" data-widget_type=\"icon.default\">\n\t\t\t\t<div class=\"elementor-widget-container\">\n\t\t\t\t\t\t\t<div class=\"elementor-icon-wrapper\">\n\t\t\t<a class=\"elementor-icon elementor-animation-grow\" href=\"#banner\">\n\t\t\t<i aria-hidden=\"true\" class=\"fas fa-angle-up\"><\/i>\t\t\t<\/a>\n\t\t<\/div>\n\t\t\t\t\t\t<\/div>\n\t\t\t\t<\/div>\n\t\t\t\t\t<\/div>\n\t\t<\/div>\n\t\t\t\t\t<\/div>\n\t\t<\/section>\n\t\t\t\t<\/div>","protected":false},"excerpt":{"rendered":"<p>Home AFMC Response to Opioid Crisis: AFMC Response to the Opioid Crisis Video from Dr. Lisa Graves, Project Lead https:\/\/www.youtube.com\/watch?v=U-BCPBrqlOI Modules for medical students Video from Julien Lapierre, Medical Student https:\/\/www.youtube.com\/watch?v=Otv7cFS0KbA Why this matters Video from Camille Fauteux, Patient Collaborator https:\/\/www.youtube.com\/watch?v=vlIQ7lWdmlw<\/p>","protected":false},"author":4,"featured_media":0,"parent":7113,"menu_order":0,"comment_status":"closed","ping_status":"closed","template":"","meta":{"footnotes":""},"class_list":["post-7638","page","type-page","status-publish","hentry"],"yoast_head":"<!-- This site is optimized with the Yoast SEO plugin v27.3 - https:\/\/yoast.com\/product\/yoast-seo-wordpress\/ -->\n<title>Promotional Videos - AFMC<\/title>\n<meta name=\"robots\" content=\"index, follow, max-snippet:-1, max-image-preview:large, max-video-preview:-1\" \/>\n<link rel=\"canonical\" href=\"https:\/\/www.afmc.ca\/fr\/opioids\/promotional-videos\/\" \/>\n<meta property=\"og:locale\" content=\"fr_CA\" \/>\n<meta property=\"og:type\" content=\"article\" \/>\n<meta property=\"og:title\" content=\"Promotional Videos - AFMC\" \/>\n<meta property=\"og:description\" content=\"Home AFMC Response to Opioid Crisis: AFMC Response to the Opioid Crisis Video from Dr. Lisa Graves, Project Lead https:\/\/www.youtube.com\/watch?v=U-BCPBrqlOI Modules for medical students Video from Julien Lapierre, Medical Student https:\/\/www.youtube.com\/watch?v=Otv7cFS0KbA Why this matters Video from Camille Fauteux, Patient Collaborator https:\/\/www.youtube.com\/watch?v=vlIQ7lWdmlw\" \/>\n<meta property=\"og:url\" content=\"https:\/\/www.afmc.ca\/fr\/opioids\/promotional-videos\/\" \/>\n<meta property=\"og:site_name\" content=\"AFMC\" \/>\n<meta property=\"article:modified_time\" content=\"2023-10-17T13:11:50+00:00\" \/>\n<meta name=\"twitter:card\" content=\"summary_large_image\" \/>\n<meta name=\"twitter:site\" content=\"@AFMC_e\" \/>\n<meta name=\"twitter:label1\" content=\"Estimation du temps de lecture\" \/>\n\t<meta name=\"twitter:data1\" content=\"1 minute\" \/>\n<script type=\"application\/ld+json\" class=\"yoast-schema-graph\">{\"@context\":\"https:\\\/\\\/schema.org\",\"@graph\":[{\"@type\":\"WebPage\",\"@id\":\"https:\\\/\\\/www.afmc.ca\\\/opioids\\\/promotional-videos\\\/\",\"url\":\"https:\\\/\\\/www.afmc.ca\\\/opioids\\\/promotional-videos\\\/\",\"name\":\"Promotional Videos - AFMC\",\"isPartOf\":{\"@id\":\"https:\\\/\\\/www.afmc.ca\\\/#website\"},\"datePublished\":\"2023-10-13T13:26:56+00:00\",\"dateModified\":\"2023-10-17T13:11:50+00:00\",\"breadcrumb\":{\"@id\":\"https:\\\/\\\/www.afmc.ca\\\/opioids\\\/promotional-videos\\\/#breadcrumb\"},\"inLanguage\":\"fr-CA\",\"potentialAction\":[{\"@type\":\"ReadAction\",\"target\":[\"https:\\\/\\\/www.afmc.ca\\\/opioids\\\/promotional-videos\\\/\"]}]},{\"@type\":\"BreadcrumbList\",\"@id\":\"https:\\\/\\\/www.afmc.ca\\\/opioids\\\/promotional-videos\\\/#breadcrumb\",\"itemListElement\":[{\"@type\":\"ListItem\",\"position\":1,\"name\":\"Home\",\"item\":\"https:\\\/\\\/www.afmc.ca\\\/\"},{\"@type\":\"ListItem\",\"position\":2,\"name\":\"Opioids\",\"item\":\"https:\\\/\\\/www.afmc.ca\\\/opioids\\\/\"},{\"@type\":\"ListItem\",\"position\":3,\"name\":\"Promotional Videos\"}]},{\"@type\":\"WebSite\",\"@id\":\"https:\\\/\\\/www.afmc.ca\\\/#website\",\"url\":\"https:\\\/\\\/www.afmc.ca\\\/\",\"name\":\"AFMC\",\"description\":\"The academic partner for Canada\u2019s faculties of medicine.\",\"publisher\":{\"@id\":\"https:\\\/\\\/www.afmc.ca\\\/#organization\"},\"potentialAction\":[{\"@type\":\"SearchAction\",\"target\":{\"@type\":\"EntryPoint\",\"urlTemplate\":\"https:\\\/\\\/www.afmc.ca\\\/?s={search_term_string}\"},\"query-input\":{\"@type\":\"PropertyValueSpecification\",\"valueRequired\":true,\"valueName\":\"search_term_string\"}}],\"inLanguage\":\"fr-CA\"},{\"@type\":\"Organization\",\"@id\":\"https:\\\/\\\/www.afmc.ca\\\/#organization\",\"name\":\"The Association of Faculties of Medicine of Canada\",\"url\":\"https:\\\/\\\/www.afmc.ca\\\/\",\"logo\":{\"@type\":\"ImageObject\",\"inLanguage\":\"fr-CA\",\"@id\":\"https:\\\/\\\/www.afmc.ca\\\/#\\\/schema\\\/logo\\\/image\\\/\",\"url\":\"https:\\\/\\\/www.afmc.ca\\\/wp-content\\\/uploads\\\/2022\\\/09\\\/AFMC-Flywheel.jpg\",\"contentUrl\":\"https:\\\/\\\/www.afmc.ca\\\/wp-content\\\/uploads\\\/2022\\\/09\\\/AFMC-Flywheel.jpg\",\"width\":904,\"height\":536,\"caption\":\"The Association of Faculties of Medicine of Canada\"},\"image\":{\"@id\":\"https:\\\/\\\/www.afmc.ca\\\/#\\\/schema\\\/logo\\\/image\\\/\"},\"sameAs\":[\"https:\\\/\\\/x.com\\\/AFMC_e\",\"https:\\\/\\\/www.instagram.com\\\/afmc.ca\\\/\",\"https:\\\/\\\/www.linkedin.com\\\/company\\\/the-association-of-faculties-of-medicine-of-canada\\\/?originalSubdomain=ca\",\"https:\\\/\\\/www.youtube.com\\\/channel\\\/UC02Np2Hp_mw-Tr5gR_y24pg?view_as=subscriber\",\"https:\\\/\\\/twitter.com\\\/AFMC_f\"]}]}<\/script>\n<!-- \/ Yoast SEO plugin. -->","yoast_head_json":{"title":"Promotional Videos - AFMC","robots":{"index":"index","follow":"follow","max-snippet":"max-snippet:-1","max-image-preview":"max-image-preview:large","max-video-preview":"max-video-preview:-1"},"canonical":"https:\/\/www.afmc.ca\/fr\/opioids\/promotional-videos\/","og_locale":"fr_CA","og_type":"article","og_title":"Promotional Videos - AFMC","og_description":"Home AFMC Response to Opioid Crisis: AFMC Response to the Opioid Crisis Video from Dr. Lisa Graves, Project Lead https:\/\/www.youtube.com\/watch?v=U-BCPBrqlOI Modules for medical students Video from Julien Lapierre, Medical Student https:\/\/www.youtube.com\/watch?v=Otv7cFS0KbA Why this matters Video from Camille Fauteux, Patient Collaborator https:\/\/www.youtube.com\/watch?v=vlIQ7lWdmlw","og_url":"https:\/\/www.afmc.ca\/fr\/opioids\/promotional-videos\/","og_site_name":"AFMC","article_modified_time":"2023-10-17T13:11:50+00:00","twitter_card":"summary_large_image","twitter_site":"@AFMC_e","twitter_misc":{"Estimation du temps de lecture":"1 minute"},"schema":{"@context":"https:\/\/schema.org","@graph":[{"@type":"WebPage","@id":"https:\/\/www.afmc.ca\/opioids\/promotional-videos\/","url":"https:\/\/www.afmc.ca\/opioids\/promotional-videos\/","name":"Promotional Videos - AFMC","isPartOf":{"@id":"https:\/\/www.afmc.ca\/#website"},"datePublished":"2023-10-13T13:26:56+00:00","dateModified":"2023-10-17T13:11:50+00:00","breadcrumb":{"@id":"https:\/\/www.afmc.ca\/opioids\/promotional-videos\/#breadcrumb"},"inLanguage":"fr-CA","potentialAction":[{"@type":"ReadAction","target":["https:\/\/www.afmc.ca\/opioids\/promotional-videos\/"]}]},{"@type":"BreadcrumbList","@id":"https:\/\/www.afmc.ca\/opioids\/promotional-videos\/#breadcrumb","itemListElement":[{"@type":"ListItem","position":1,"name":"Home","item":"https:\/\/www.afmc.ca\/"},{"@type":"ListItem","position":2,"name":"Opioids","item":"https:\/\/www.afmc.ca\/opioids\/"},{"@type":"ListItem","position":3,"name":"Promotional Videos"}]},{"@type":"WebSite","@id":"https:\/\/www.afmc.ca\/#website","url":"https:\/\/www.afmc.ca\/","name":"l\u2019AFMC","description":"The academic partner for Canada\u2019s faculties of medicine.","publisher":{"@id":"https:\/\/www.afmc.ca\/#organization"},"potentialAction":[{"@type":"SearchAction","target":{"@type":"EntryPoint","urlTemplate":"https:\/\/www.afmc.ca\/?s={search_term_string}"},"query-input":{"@type":"PropertyValueSpecification","valueRequired":true,"valueName":"search_term_string"}}],"inLanguage":"fr-CA"},{"@type":"Organization","@id":"https:\/\/www.afmc.ca\/#organization","name":"Association des facult\u00e9s de m\u00e9decine du Canada","url":"https:\/\/www.afmc.ca\/","logo":{"@type":"ImageObject","inLanguage":"fr-CA","@id":"https:\/\/www.afmc.ca\/#\/schema\/logo\/image\/","url":"https:\/\/www.afmc.ca\/wp-content\/uploads\/2022\/09\/AFMC-Flywheel.jpg","contentUrl":"https:\/\/www.afmc.ca\/wp-content\/uploads\/2022\/09\/AFMC-Flywheel.jpg","width":904,"height":536,"caption":"The Association of Faculties of Medicine of Canada"},"image":{"@id":"https:\/\/www.afmc.ca\/#\/schema\/logo\/image\/"},"sameAs":["https:\/\/x.com\/AFMC_e","https:\/\/www.instagram.com\/afmc.ca\/","https:\/\/www.linkedin.com\/company\/the-association-of-faculties-of-medicine-of-canada\/?originalSubdomain=ca","https:\/\/www.youtube.com\/channel\/UC02Np2Hp_mw-Tr5gR_y24pg?view_as=subscriber","https:\/\/twitter.com\/AFMC_f"]}]}},"_links":{"self":[{"href":"https:\/\/www.afmc.ca\/fr\/wp-json\/wp\/v2\/pages\/7638","targetHints":{"allow":["GET"]}}],"collection":[{"href":"https:\/\/www.afmc.ca\/fr\/wp-json\/wp\/v2\/pages"}],"about":[{"href":"https:\/\/www.afmc.ca\/fr\/wp-json\/wp\/v2\/types\/page"}],"author":[{"embeddable":true,"href":"https:\/\/www.afmc.ca\/fr\/wp-json\/wp\/v2\/users\/4"}],"replies":[{"embeddable":true,"href":"https:\/\/www.afmc.ca\/fr\/wp-json\/wp\/v2\/comments?post=7638"}],"version-history":[{"count":7,"href":"https:\/\/www.afmc.ca\/fr\/wp-json\/wp\/v2\/pages\/7638\/revisions"}],"predecessor-version":[{"id":8093,"href":"https:\/\/www.afmc.ca\/fr\/wp-json\/wp\/v2\/pages\/7638\/revisions\/8093"}],"up":[{"embeddable":true,"href":"https:\/\/www.afmc.ca\/fr\/wp-json\/wp\/v2\/pages\/7113"}],"wp:attachment":[{"href":"https:\/\/www.afmc.ca\/fr\/wp-json\/wp\/v2\/media?parent=7638"}],"curies":[{"name":"wp","href":"https:\/\/api.w.org\/{rel}","templated":true}]}}