{"id":7666,"date":"2023-10-13T10:28:10","date_gmt":"2023-10-13T14:28:10","guid":{"rendered":"https:\/\/www.afmc.ca\/?page_id=7666"},"modified":"2023-10-16T16:13:30","modified_gmt":"2023-10-16T20:13:30","slug":"license-and-disclaimer","status":"publish","type":"page","link":"https:\/\/www.afmc.ca\/fr\/opioids\/license-and-disclaimer\/","title":{"rendered":"Licence et exon\u00e9ration de responsabilit\u00e9"},"content":{"rendered":"<div data-elementor-type=\"wp-page\" data-elementor-id=\"7666\" class=\"elementor elementor-7666\" data-elementor-post-type=\"page\">\n\t\t\t\t\t\t<section class=\"elementor-section elementor-top-section elementor-element elementor-element-3cb77738 elementor-section-boxed elementor-section-height-default elementor-section-height-default\" data-id=\"3cb77738\" data-element_type=\"section\" data-e-type=\"section\" id=\"banner\" data-settings=\"{&quot;jet_parallax_layout_list&quot;:[],&quot;background_background&quot;:&quot;classic&quot;}\">\n\t\t\t\t\t\t<div class=\"elementor-container elementor-column-gap-default\">\n\t\t\t\t\t<div class=\"elementor-column elementor-col-100 elementor-top-column elementor-element elementor-element-28586836\" data-id=\"28586836\" data-element_type=\"column\" data-e-type=\"column\">\n\t\t\t<div class=\"elementor-widget-wrap elementor-element-populated\">\n\t\t\t\t\t\t<div class=\"elementor-element elementor-element-4173a245 jet-breadcrumbs-page-title-yes jet-breadcrumbs-align-center elementor-widget elementor-widget-jet-breadcrumbs\" data-id=\"4173a245\" data-element_type=\"widget\" data-e-type=\"widget\" data-widget_type=\"jet-breadcrumbs.default\">\n\t\t\t\t<div class=\"elementor-widget-container\">\n\t\t\t\t\t<div class=\"elementor-jet-breadcrumbs jet-blocks\">\n\t\t<div class=\"jet-breadcrumbs\">\n\t\t<div class=\"jet-breadcrumbs__content\">\n\t\t<div class=\"jet-breadcrumbs__wrap\"><div class=\"jet-breadcrumbs__item\"><a href=\"https:\/\/www.afmc.ca\/fr\/\" class=\"jet-breadcrumbs__item-link is-home\" rel=\"home\" title=\"Page d&#039;accueil\">Page d'accueil<\/a><\/div>\n\t\t<\/div>\n\t\t<\/div>\n\t\t<\/div><\/div>\t\t\t\t<\/div>\n\t\t\t\t<\/div>\n\t\t\t\t\t<\/div>\n\t\t<\/div>\n\t\t\t\t\t<\/div>\n\t\t<\/section>\n\t\t\t\t<section class=\"elementor-section elementor-top-section elementor-element elementor-element-80d3981 elementor-section-boxed elementor-section-height-default elementor-section-height-default\" data-id=\"80d3981\" data-element_type=\"section\" data-e-type=\"section\" data-settings=\"{&quot;jet_parallax_layout_list&quot;:[]}\">\n\t\t\t\t\t\t<div class=\"elementor-container elementor-column-gap-default\">\n\t\t\t\t\t<div class=\"elementor-column elementor-col-100 elementor-top-column elementor-element elementor-element-ae39967\" data-id=\"ae39967\" data-element_type=\"column\" data-e-type=\"column\">\n\t\t\t<div class=\"elementor-widget-wrap elementor-element-populated\">\n\t\t\t\t\t\t<div class=\"elementor-element elementor-element-cc9a132 elementor-widget elementor-widget-heading\" data-id=\"cc9a132\" data-element_type=\"widget\" data-e-type=\"widget\" data-widget_type=\"heading.default\">\n\t\t\t\t<div class=\"elementor-widget-container\">\n\t\t\t\t\t<h2 class=\"elementor-heading-title elementor-size-default\">Licence et exon\u00e9ration de responsabilit\u00e9<\/h2>\t\t\t\t<\/div>\n\t\t\t\t<\/div>\n\t\t\t\t<div class=\"elementor-element elementor-element-dffa0bf elementor-widget elementor-widget-text-editor\" data-id=\"dffa0bf\" data-element_type=\"widget\" data-e-type=\"widget\" data-widget_type=\"text-editor.default\">\n\t\t\t\t<div class=\"elementor-widget-container\">\n\t\t\t\t\t\t\t\t\t<p>Formation \u00e0 la prise en change de la douleur, \u00e0 la gestion des opio\u00efdes et aux troubles de l'usage d'une substance, fond\u00e9e sur les meilleures donn\u00e9es probantes et destin\u00e9e \u00e0 la prochaine g\u00e9n\u00e9ration de m\u00e9decins canadiens<\/p><p>\u00a0<\/p><p>L\u2019Association des facult\u00e9s de m\u00e9decine du Canada (\u00ab<b>l\u2019AFMC<\/b>\u00bb) a \u00e9labor\u00e9 un programme d\u2019\u00e9tudes gratuit compos\u00e9 de cours bilingues offerts en ligne qui abordent des th\u00e8mes li\u00e9s aux opio\u00efdes tels que la sant\u00e9 publique, l\u2019examen de la douleur, la physiopathologie de la douleur et la pharmacologie des opio\u00efdes, la prescription s\u00fbre d\u2019opio\u00efdes, les troubles de l\u2019usage d\u2019opio\u00efdes et les consid\u00e9rations juridiques et culturelles, afin de former les futurs m\u00e9decins au diagnostic, au traitement et \u00e0 la gestion de la douleur (le \u00ab<b>programme d\u2019\u00e9tudes sur les opio\u00efdes<\/b>\u00bb).<\/p><p>\u00a0<\/p><p><b>Veuillez lire attentivement ces conditions g\u00e9n\u00e9rales avant d\u2019utiliser ce site web.<\/b><\/p><p><b>\u00a0<\/b><\/p><p>L\u2019acc\u00e8s et l\u2019utilisation du programme d\u2019\u00e9tudes sur les opio\u00efdes sont soumis aux conditions g\u00e9n\u00e9rales et aux clauses d\u2019exon\u00e9ration de responsabilit\u00e9 suivantes :<\/p><p>\u00a0<\/p><p><b>Licence<\/b><\/p><p><b>\u00a0<\/b><\/p><p>L\u2019AFMC vous accorde par la pr\u00e9sente une licence mondiale, non transf\u00e9rable, non exclusive et libre de redevance (la \u00ab<b>Licence<\/b>\u00bb) pour utiliser et copier le programme d\u2019\u00e9tudes sur les opio\u00efdes uniquement \u00e0 des fins \u00e9ducatives et \u00e0 aucune autre fin. Vous ne pouvez pas utiliser la licence \u00e0 des fins commerciales ou de gain, ni en tirer un quelconque profit (financier ou autre). Tous les droits qui ne sont pas sp\u00e9cifiquement accord\u00e9s aux pr\u00e9sentes sont r\u00e9serv\u00e9s par l\u2019AFMC.<\/p><p>\u00a0<\/p><p>Vous pouvez faire le nombre de copies n\u00e9cessaires pour utiliser le programme d\u2019\u00e9tudes sur les opio\u00efdes. Vous ne pouvez supprimer aucun droit d\u2019auteur, aucune marque, aucun avis faisant r\u00e9f\u00e9rence \u00e0 la pr\u00e9sente clause de non-garantie, ni aucun autre avis similaire apparaissant sur les documents relatifs au programme d\u2019\u00e9tudes sur les opio\u00efdes. Vous acceptez de conserver l\u2019identification de l\u2019AFMC en tant que cr\u00e9ateur du programme d\u2019\u00e9tudes sur les opio\u00efdes ainsi que de toute autre personne, y compris les experts en la mati\u00e8re qui ont contribu\u00e9 au programme d\u2019\u00e9tudes sur les opio\u00efdes, qui sont d\u00e9sign\u00e9s pour recevoir une attribution, de toute mani\u00e8re raisonnablement demand\u00e9e par l\u2019AFMC.<\/p><p>\u00a0<\/p><p>Vous ne pouvez pas :<\/p><p>\u00a0<\/p><ul><li aria-level=\"1\">(a) accorder une sous-licence ou permettre \u00e0 des tiers d\u2019utiliser tout ou partie du programme d\u2019\u00e9tudes sur les opio\u00efdes ou transf\u00e9rer \u00e0 un tiers tout droit qui lui est accord\u00e9 en vertu du pr\u00e9sent accord sans le consentement \u00e9crit pr\u00e9alable de l\u2019AFMC;<\/li><li aria-level=\"1\">(b) traduire, alt\u00e9rer, arranger, transformer ou modifier de toute autre mani\u00e8re le programme d\u2019\u00e9tudes sur les opio\u00efdes.<\/li><\/ul><div>\u00a0<\/div><p><b>Mat\u00e9riel adapt\u00e9 et renonciation aux droits d\u2019auteur<\/b><\/p><p><b>\u00a0<\/b><\/p><p>Nonobstant ce qui pr\u00e9c\u00e8de, et en plus de tous les droits ou recours dont dispose l\u2019AFMC en rapport avec votre violation des conditions \u00e9nonc\u00e9es dans cette licence et cet avis de non-responsabilit\u00e9, dans la mesure o\u00f9 vous traduisez, alt\u00e9rez, arrangez, transformez ou modifiez de toute autre mani\u00e8re le programme d\u2019\u00e9tudes sur les opio\u00efdes en violation de cette licence et de cet avis d\u2019exon\u00e9ration de responsabilit\u00e9, vous renoncez par les pr\u00e9sentes de mani\u00e8re absolue et irr\u00e9vocable en faveur de l\u2019AFMC \u00e0 tous les droits d\u2019auteur et droits moraux (y compris, sans limitation, les droits d\u2019attribution et d\u2019association et les droits d\u2019int\u00e9grit\u00e9) dans et sur tout mat\u00e9riel adapt\u00e9 que vous avez d\u00e9velopp\u00e9.<\/p><p>\u00a0<\/p><p><b>Aucun avis m\u00e9dical<\/b><\/p><p><b>\u00a0<\/b><\/p><p>L\u2019AFMC n\u2019offre aucune garantie quant aux renseignements m\u00e9dicaux fournis, notamment en ce qui concerne leur exactitude ou leur exhaustivit\u00e9. Le programme d\u2019\u00e9tudes sur les opio\u00efdes ne remplace pas les conseils, les diagnostics ou les traitements m\u00e9dicaux professionnels.<\/p><p>\u00a0<\/p><p><b>Propri\u00e9t\u00e9 intellectuelle<\/b><\/p><p><b>\u00a0<\/b><\/p><p>L\u2019AFMC d\u00e9tient tous les droits, titres et int\u00e9r\u00eats relatifs au programme d\u2019\u00e9tudes sur les opio\u00efdes et \u00e0 toutes les modifications, variantes et mises \u00e0 jour de celui-ci, qu\u2019elles soient effectu\u00e9es par l\u2019AFMC ou par des tiers en son nom.<\/p><p>\u00a0<\/p><p><b>Exon\u00e9ration de garanties<\/b><\/p><p><b>\u00a0<\/b><\/p><p>Le programme d\u2019\u00e9tudes sur les opio\u00efdes est fourni tel quel et en fonction des disponibilit\u00e9s, et l\u2019AFMC d\u00e9cline express\u00e9ment toute garantie de quelque nature que ce soit, qu\u2019elle soit expresse ou implicite, et qu\u2019elle soit connue ou non ou qu\u2019elle puisse \u00eatre d\u00e9couverte ou non. Sans limiter ce qui pr\u00e9c\u00e8de, l\u2019AFMC ne fait aucune d\u00e9claration ou garantie concernant les \u00e9l\u00e9ments suivants : garanties de titre, de qualit\u00e9 marchande, d\u2019ad\u00e9quation \u00e0 un usage particulier, de non-contrefa\u00e7on, d\u2019absence de d\u00e9fauts latents ou autres, d\u2019exactitude, ou de pr\u00e9sence ou d\u2019absence d\u2019erreurs, et toute autre garantie pouvant d\u00e9couler de toute loi.<\/p><p>\u00a0<\/p><p><b>Absence de responsabilit\u00e9<\/b><\/p><p><b>\u00a0<\/b><\/p><p>Dans toute la mesure permise par la loi, l\u2019AFMC ne sera en aucun cas responsable envers vous de tout dommage direct, indirect, accessoire, sp\u00e9cial, cons\u00e9cutif ou exemplaire, y compris, mais sans s\u2019y limiter, les dommages pour perte de profits, perte de donn\u00e9es, perte d\u2019utilisation, blessures corporelles, d\u00e9c\u00e8s injustifi\u00e9 ou toute autre perte intangible, que l\u2019action soit contractuelle, d\u00e9lictuelle, par n\u00e9gligence ou toute autre cause d\u2019action, d\u00e9coulant de votre utilisation du programme d\u2019\u00e9tudes sur les opio\u00efdes et du site Web correspondant.<\/p><p>\u00a0<\/p><p><b>Indemnit\u00e9<\/b><\/p><p><b>\u00a0<\/b><\/p><p>Vous acceptez d\u2019indemniser et de d\u00e9gager de toute responsabilit\u00e9 l\u2019AFMC et ses employ\u00e9s ou contractants contre toute r\u00e9clamation ou d\u00e9pense, y compris les frais juridiques, d\u00e9coulant de toute violation par vous des conditions g\u00e9n\u00e9rales du pr\u00e9sent avis de licence et d\u2019exon\u00e9ration de responsabilit\u00e9.<\/p><p>\u00a0<\/p><p><b>Versions bilingues<\/b><\/p><p><b>\u00a0<\/b><\/p><p>Le programme d\u2019\u00e9tudes sur les opio\u00efdes est disponible en anglais et en fran\u00e7ais. En cas d\u2019incoh\u00e9rence ou de divergence entre la version anglaise et la version fran\u00e7aise, la version anglaise fait foi du contenu original et pr\u00e9vu.<\/p><p>\u00a0<\/p><p><b>Reconnaissance du soutien<\/b><\/p><p><b>\u00a0<\/b><\/p><p>L\u2019AFMC reconna\u00eet le soutien financier de Sant\u00e9 Canada \u00e0 la campagne de l\u2019AFMC intitul\u00e9e \u00ab La m\u00e9decine universitaire r\u00e9agit \u00e0 la crise des opio\u00efdes : Cr\u00e9ation d\u2019un programme d\u2019\u00e9tudes pancanadien ax\u00e9 sur les comp\u00e9tences pour les futurs m\u00e9decins en ce qui a trait \u00e0 la gestion de la douleur et au traitement des toxicomanies \u00bb, conform\u00e9ment au Programme sur l\u2019usage et les d\u00e9pendances aux substances de Sant\u00e9 Canada.<\/p><p>\u00a0<\/p><p>Les opinions exprim\u00e9es dans le pr\u00e9sent avis d\u2019exon\u00e9ration de responsabilit\u00e9, le site Web et le programme d\u2019\u00e9tudes ne repr\u00e9sentent pas n\u00e9cessairement celles de Sant\u00e9 Canada.<\/p><p>\u00a0<\/p><p><b>Virus informatiques<\/b><\/p><p><b>\u00a0<\/b><\/p><p>L\u2019AFMC n\u2019est pas responsable des dommages r\u00e9sultant d\u2019un virus informatique associ\u00e9 \u00e0 votre acc\u00e8s au programme d\u2019\u00e9tudes sur les opio\u00efdes et au site web correspondant. Il vous incombe de prendre des pr\u00e9cautions raisonnables en recherchant les virus et en vous assurant que vous disposez d\u2019une sauvegarde compl\u00e8te de toutes les informations enregistr\u00e9es sur votre syst\u00e8me informatique.<\/p><p>\u00a0<\/p><p><b>Conformit\u00e9 \u00e0 la loi<\/b><\/p><p><b>\u00a0<\/b><\/p><p>Vous acceptez que votre utilisation du programme d\u2019\u00e9tudes sur les opio\u00efdes et du site web correspondant ne contrevienne \u00e0 aucune loi locale, nationale ou internationale applicable, y compris, mais sans s\u2019y limiter, toute r\u00e9glementation ayant force de loi. Certaines juridictions peuvent avoir des restrictions sur l\u2019utilisation de l\u2019Internet par leurs r\u00e9sidents.  La loi et le tribunal de l\u2019Ontario seront les lois applicables \u00e0 cet accord de licence et d\u2019exon\u00e9ration de responsabilit\u00e9.<\/p><p>\u00a0<\/p><p><b>Marques de commerce<\/b><\/p><p><b>\u00a0<\/b><\/p><p>Certains mots, phrases, noms, dessins ou logos utilis\u00e9s sur ce site web peuvent constituer des marques ou des noms commerciaux de l\u2019AFMC ou d\u2019autres entit\u00e9s. L\u2019affichage de ces marques ou noms sur le site web n\u2019implique pas qu\u2019une licence concernant les marques commerciales ait \u00e9t\u00e9 accord\u00e9e par l\u2019AFMC ou d\u2019autres entit\u00e9s.<\/p>\t\t\t\t\t\t\t\t<\/div>\n\t\t\t\t<\/div>\n\t\t\t\t\t<\/div>\n\t\t<\/div>\n\t\t\t\t\t<\/div>\n\t\t<\/section>\n\t\t\t\t<section class=\"elementor-section elementor-top-section elementor-element elementor-element-4b8d1a69 elementor-section-boxed elementor-section-height-default elementor-section-height-default\" data-id=\"4b8d1a69\" data-element_type=\"section\" data-e-type=\"section\" data-settings=\"{&quot;jet_parallax_layout_list&quot;:[]}\">\n\t\t\t\t\t\t<div class=\"elementor-container elementor-column-gap-default\">\n\t\t\t\t\t<div class=\"elementor-column elementor-col-100 elementor-top-column elementor-element elementor-element-59340760\" data-id=\"59340760\" data-element_type=\"column\" data-e-type=\"column\">\n\t\t\t<div class=\"elementor-widget-wrap elementor-element-populated\">\n\t\t\t\t\t\t<div class=\"elementor-element elementor-element-5c6a479f elementor-view-stacked elementor-shape-square elementor-fixed elementor-widget elementor-widget-icon\" data-id=\"5c6a479f\" data-element_type=\"widget\" data-e-type=\"widget\" data-settings=\"{&quot;_position&quot;:&quot;fixed&quot;}\" data-widget_type=\"icon.default\">\n\t\t\t\t<div class=\"elementor-widget-container\">\n\t\t\t\t\t\t\t<div class=\"elementor-icon-wrapper\">\n\t\t\t<a class=\"elementor-icon elementor-animation-grow\" href=\"#banner\">\n\t\t\t<i aria-hidden=\"true\" class=\"fas fa-angle-up\"><\/i>\t\t\t<\/a>\n\t\t<\/div>\n\t\t\t\t\t\t<\/div>\n\t\t\t\t<\/div>\n\t\t\t\t\t<\/div>\n\t\t<\/div>\n\t\t\t\t\t<\/div>\n\t\t<\/section>\n\t\t\t\t<\/div>","protected":false},"excerpt":{"rendered":"<p>Home License and Disclaimer Best Evidence Training for the Next Generation of Canadian Physicians on Pain Management, Opioid Stewardship and Substance Use Disorder. \u00a0 The Association of Faculties of Medicine of Canada (\u201cAFMC\u201d) has created a free, online curriculum consisting of bilingual online courses that address opioid-related topics such as public health, the review of [&hellip;]<\/p>\n","protected":false},"author":4,"featured_media":0,"parent":7113,"menu_order":0,"comment_status":"closed","ping_status":"closed","template":"","meta":{"footnotes":""},"class_list":["post-7666","page","type-page","status-publish","hentry"],"yoast_head":"<!-- This site is optimized with the Yoast SEO plugin v27.3 - https:\/\/yoast.com\/product\/yoast-seo-wordpress\/ -->\n<title>License and Disclaimer - AFMC<\/title>\n<meta name=\"robots\" content=\"index, follow, max-snippet:-1, max-image-preview:large, max-video-preview:-1\" \/>\n<link rel=\"canonical\" href=\"https:\/\/www.afmc.ca\/fr\/opioids\/license-and-disclaimer\/\" \/>\n<meta property=\"og:locale\" content=\"fr_CA\" \/>\n<meta property=\"og:type\" content=\"article\" \/>\n<meta property=\"og:title\" content=\"License and Disclaimer - AFMC\" \/>\n<meta property=\"og:description\" content=\"Home License and Disclaimer Best Evidence Training for the Next Generation of Canadian Physicians on Pain Management, Opioid Stewardship and Substance Use Disorder. \u00a0 The Association of Faculties of Medicine of Canada (\u201cAFMC\u201d) has created a free, online curriculum consisting of bilingual online courses that address opioid-related topics such as public health, the review of [&hellip;]\" \/>\n<meta property=\"og:url\" content=\"https:\/\/www.afmc.ca\/fr\/opioids\/license-and-disclaimer\/\" \/>\n<meta property=\"og:site_name\" content=\"AFMC\" \/>\n<meta property=\"article:modified_time\" content=\"2023-10-16T20:13:30+00:00\" \/>\n<meta name=\"twitter:card\" content=\"summary_large_image\" \/>\n<meta name=\"twitter:site\" content=\"@AFMC_e\" \/>\n<meta name=\"twitter:label1\" content=\"Estimation du temps de lecture\" \/>\n\t<meta name=\"twitter:data1\" content=\"5 minutes\" \/>\n<script type=\"application\/ld+json\" class=\"yoast-schema-graph\">{\"@context\":\"https:\\\/\\\/schema.org\",\"@graph\":[{\"@type\":\"WebPage\",\"@id\":\"https:\\\/\\\/www.afmc.ca\\\/opioids\\\/license-and-disclaimer\\\/\",\"url\":\"https:\\\/\\\/www.afmc.ca\\\/opioids\\\/license-and-disclaimer\\\/\",\"name\":\"License and Disclaimer - AFMC\",\"isPartOf\":{\"@id\":\"https:\\\/\\\/www.afmc.ca\\\/#website\"},\"datePublished\":\"2023-10-13T14:28:10+00:00\",\"dateModified\":\"2023-10-16T20:13:30+00:00\",\"breadcrumb\":{\"@id\":\"https:\\\/\\\/www.afmc.ca\\\/opioids\\\/license-and-disclaimer\\\/#breadcrumb\"},\"inLanguage\":\"fr-CA\",\"potentialAction\":[{\"@type\":\"ReadAction\",\"target\":[\"https:\\\/\\\/www.afmc.ca\\\/opioids\\\/license-and-disclaimer\\\/\"]}]},{\"@type\":\"BreadcrumbList\",\"@id\":\"https:\\\/\\\/www.afmc.ca\\\/opioids\\\/license-and-disclaimer\\\/#breadcrumb\",\"itemListElement\":[{\"@type\":\"ListItem\",\"position\":1,\"name\":\"Home\",\"item\":\"https:\\\/\\\/www.afmc.ca\\\/\"},{\"@type\":\"ListItem\",\"position\":2,\"name\":\"Opioids\",\"item\":\"https:\\\/\\\/www.afmc.ca\\\/opioids\\\/\"},{\"@type\":\"ListItem\",\"position\":3,\"name\":\"License and Disclaimer\"}]},{\"@type\":\"WebSite\",\"@id\":\"https:\\\/\\\/www.afmc.ca\\\/#website\",\"url\":\"https:\\\/\\\/www.afmc.ca\\\/\",\"name\":\"AFMC\",\"description\":\"The academic partner for Canada\u2019s faculties of medicine.\",\"publisher\":{\"@id\":\"https:\\\/\\\/www.afmc.ca\\\/#organization\"},\"potentialAction\":[{\"@type\":\"SearchAction\",\"target\":{\"@type\":\"EntryPoint\",\"urlTemplate\":\"https:\\\/\\\/www.afmc.ca\\\/?s={search_term_string}\"},\"query-input\":{\"@type\":\"PropertyValueSpecification\",\"valueRequired\":true,\"valueName\":\"search_term_string\"}}],\"inLanguage\":\"fr-CA\"},{\"@type\":\"Organization\",\"@id\":\"https:\\\/\\\/www.afmc.ca\\\/#organization\",\"name\":\"The Association of Faculties of Medicine of Canada\",\"url\":\"https:\\\/\\\/www.afmc.ca\\\/\",\"logo\":{\"@type\":\"ImageObject\",\"inLanguage\":\"fr-CA\",\"@id\":\"https:\\\/\\\/www.afmc.ca\\\/#\\\/schema\\\/logo\\\/image\\\/\",\"url\":\"https:\\\/\\\/www.afmc.ca\\\/wp-content\\\/uploads\\\/2022\\\/09\\\/AFMC-Flywheel.jpg\",\"contentUrl\":\"https:\\\/\\\/www.afmc.ca\\\/wp-content\\\/uploads\\\/2022\\\/09\\\/AFMC-Flywheel.jpg\",\"width\":904,\"height\":536,\"caption\":\"The Association of Faculties of Medicine of Canada\"},\"image\":{\"@id\":\"https:\\\/\\\/www.afmc.ca\\\/#\\\/schema\\\/logo\\\/image\\\/\"},\"sameAs\":[\"https:\\\/\\\/x.com\\\/AFMC_e\",\"https:\\\/\\\/www.instagram.com\\\/afmc.ca\\\/\",\"https:\\\/\\\/www.linkedin.com\\\/company\\\/the-association-of-faculties-of-medicine-of-canada\\\/?originalSubdomain=ca\",\"https:\\\/\\\/www.youtube.com\\\/channel\\\/UC02Np2Hp_mw-Tr5gR_y24pg?view_as=subscriber\",\"https:\\\/\\\/twitter.com\\\/AFMC_f\"]}]}<\/script>\n<!-- \/ Yoast SEO plugin. -->","yoast_head_json":{"title":"License and Disclaimer - AFMC","robots":{"index":"index","follow":"follow","max-snippet":"max-snippet:-1","max-image-preview":"max-image-preview:large","max-video-preview":"max-video-preview:-1"},"canonical":"https:\/\/www.afmc.ca\/fr\/opioids\/license-and-disclaimer\/","og_locale":"fr_CA","og_type":"article","og_title":"License and Disclaimer - AFMC","og_description":"Home License and Disclaimer Best Evidence Training for the Next Generation of Canadian Physicians on Pain Management, Opioid Stewardship and Substance Use Disorder. \u00a0 The Association of Faculties of Medicine of Canada (\u201cAFMC\u201d) has created a free, online curriculum consisting of bilingual online courses that address opioid-related topics such as public health, the review of [&hellip;]","og_url":"https:\/\/www.afmc.ca\/fr\/opioids\/license-and-disclaimer\/","og_site_name":"AFMC","article_modified_time":"2023-10-16T20:13:30+00:00","twitter_card":"summary_large_image","twitter_site":"@AFMC_e","twitter_misc":{"Estimation du temps de lecture":"5 minutes"},"schema":{"@context":"https:\/\/schema.org","@graph":[{"@type":"WebPage","@id":"https:\/\/www.afmc.ca\/opioids\/license-and-disclaimer\/","url":"https:\/\/www.afmc.ca\/opioids\/license-and-disclaimer\/","name":"License and Disclaimer - AFMC","isPartOf":{"@id":"https:\/\/www.afmc.ca\/#website"},"datePublished":"2023-10-13T14:28:10+00:00","dateModified":"2023-10-16T20:13:30+00:00","breadcrumb":{"@id":"https:\/\/www.afmc.ca\/opioids\/license-and-disclaimer\/#breadcrumb"},"inLanguage":"fr-CA","potentialAction":[{"@type":"ReadAction","target":["https:\/\/www.afmc.ca\/opioids\/license-and-disclaimer\/"]}]},{"@type":"BreadcrumbList","@id":"https:\/\/www.afmc.ca\/opioids\/license-and-disclaimer\/#breadcrumb","itemListElement":[{"@type":"ListItem","position":1,"name":"Home","item":"https:\/\/www.afmc.ca\/"},{"@type":"ListItem","position":2,"name":"Opioids","item":"https:\/\/www.afmc.ca\/opioids\/"},{"@type":"ListItem","position":3,"name":"License and Disclaimer"}]},{"@type":"WebSite","@id":"https:\/\/www.afmc.ca\/#website","url":"https:\/\/www.afmc.ca\/","name":"l\u2019AFMC","description":"The academic partner for Canada\u2019s faculties of medicine.","publisher":{"@id":"https:\/\/www.afmc.ca\/#organization"},"potentialAction":[{"@type":"SearchAction","target":{"@type":"EntryPoint","urlTemplate":"https:\/\/www.afmc.ca\/?s={search_term_string}"},"query-input":{"@type":"PropertyValueSpecification","valueRequired":true,"valueName":"search_term_string"}}],"inLanguage":"fr-CA"},{"@type":"Organization","@id":"https:\/\/www.afmc.ca\/#organization","name":"Association des facult\u00e9s de m\u00e9decine du Canada","url":"https:\/\/www.afmc.ca\/","logo":{"@type":"ImageObject","inLanguage":"fr-CA","@id":"https:\/\/www.afmc.ca\/#\/schema\/logo\/image\/","url":"https:\/\/www.afmc.ca\/wp-content\/uploads\/2022\/09\/AFMC-Flywheel.jpg","contentUrl":"https:\/\/www.afmc.ca\/wp-content\/uploads\/2022\/09\/AFMC-Flywheel.jpg","width":904,"height":536,"caption":"The Association of Faculties of Medicine of Canada"},"image":{"@id":"https:\/\/www.afmc.ca\/#\/schema\/logo\/image\/"},"sameAs":["https:\/\/x.com\/AFMC_e","https:\/\/www.instagram.com\/afmc.ca\/","https:\/\/www.linkedin.com\/company\/the-association-of-faculties-of-medicine-of-canada\/?originalSubdomain=ca","https:\/\/www.youtube.com\/channel\/UC02Np2Hp_mw-Tr5gR_y24pg?view_as=subscriber","https:\/\/twitter.com\/AFMC_f"]}]}},"_links":{"self":[{"href":"https:\/\/www.afmc.ca\/fr\/wp-json\/wp\/v2\/pages\/7666","targetHints":{"allow":["GET"]}}],"collection":[{"href":"https:\/\/www.afmc.ca\/fr\/wp-json\/wp\/v2\/pages"}],"about":[{"href":"https:\/\/www.afmc.ca\/fr\/wp-json\/wp\/v2\/types\/page"}],"author":[{"embeddable":true,"href":"https:\/\/www.afmc.ca\/fr\/wp-json\/wp\/v2\/users\/4"}],"replies":[{"embeddable":true,"href":"https:\/\/www.afmc.ca\/fr\/wp-json\/wp\/v2\/comments?post=7666"}],"version-history":[{"count":13,"href":"https:\/\/www.afmc.ca\/fr\/wp-json\/wp\/v2\/pages\/7666\/revisions"}],"predecessor-version":[{"id":8022,"href":"https:\/\/www.afmc.ca\/fr\/wp-json\/wp\/v2\/pages\/7666\/revisions\/8022"}],"up":[{"embeddable":true,"href":"https:\/\/www.afmc.ca\/fr\/wp-json\/wp\/v2\/pages\/7113"}],"wp:attachment":[{"href":"https:\/\/www.afmc.ca\/fr\/wp-json\/wp\/v2\/media?parent=7666"}],"curies":[{"name":"wp","href":"https:\/\/api.w.org\/{rel}","templated":true}]}}